{"id":1152,"date":"2016-06-09T11:59:51","date_gmt":"2016-06-09T09:59:51","guid":{"rendered":"http:\/\/b2b.confidas.com\/home\/"},"modified":"2020-12-14T15:02:43","modified_gmt":"2020-12-14T14:02:43","slug":"home","status":"publish","type":"page","link":"https:\/\/b2b.confidas.com\/fr\/","title":{"rendered":"Home"},"content":{"rendered":"<div class=\"su-flex-columns \" style=\"justify-content: space-between; align-items: stretch;\"><div class=\"su-flex-column\" style=\"width: 7%;\"><\/div><div class=\"su-flex-column\" style=\"width: 66%;\"><\/p>\n<h2 style=\"text-align: center;\">Produits<\/h2>\n<p style=\"text-align: left;\"><span lang=\"FR-BE\">Les p\u00e2tes de fruits sont des confiseries tr\u00e8s anciennes dont l\u2019origine remonte au Xe si\u00e8cle. Elles sont encore tr\u00e8s appr\u00e9ci\u00e9es aujourd&rsquo;hui en raison de leur go\u00fbt de fruit sucr\u00e9 et naturel. C&rsquo;est exactement ce que vous ressentez en d\u00e9gustant nos p\u00e2tes de fruits. Confidas reste fid\u00e8le \u00e0 la recette originale en garantissant une teneur minimale en fruits de 50 %.<\/span><\/p>\n<p style=\"text-align: center;\"><a href=\"\/fr\/produits\/\" class=\"btn type-1\" target=\"_self\"><span><span lang=\"FR-BE\">D\u00e9couvrez-les toutes<\/span><\/span><\/a><\/p>\n<p><\/div><div class=\"su-flex-column\" style=\"width: 7%;\"><\/div><\/div>\n<p>&nbsp;<\/p>\n<p>&nbsp;<\/p>\n<hr \/>\n<p>&nbsp;<\/p>\n<h2>\u00a0<\/h2>\n<h2 style=\"text-align: center;\"><span lang=\"FR-BE\">Ingr\u00e9dients<\/span><\/h2>\n<p>&nbsp;<\/p>\n<div class=\"su-flex-columns circles\" style=\"justify-content: space-between; align-items: stretch;\"><div class=\"su-flex-column\" style=\"width: 32%;\"><\/p>\n<p><a class='block-url' href='\/fr\/ingredients#recettes'><div class='color-block ' style='background: url( \/wp-content\/uploads\/2019\/05\/CNF1801PDF_INFOGRAPHIC_ingredients_F-01.png );'><span class='content' style='color: white;'><\/p>\n<p><strong><span lang=\"FR-BE\">Teneur minimale en fruits de 50\u00a0%<\/span><\/strong><\/p>\n<p><span lang=\"FR-BE\">Nos p\u00e2tes de fruits sont disponibles en 3 recettes\u00a0: avec une teneur en fruits de 50\u00a0%, 60\u00a0% et 70\u00a0%.<\/span><\/p>\n<p><strong><span style=\"text-decoration: underline;\">En savoir plus sur nos recettes <i class=\"fa fa-angle-double-right \" ><\/i><\/span><\/strong><\/p>\n<p><\/span><\/div><\/a><\/p>\n<p><\/div><div class=\"su-flex-column\" style=\"width: 32%;\"><\/p>\n<p><a class='block-url' href='#'><div class='color-block ' style='background: url( \/wp-content\/uploads\/2019\/05\/fr-2.png );'><span class='content' style='color: white;'><\/p>\n<p><strong><span lang=\"FR-BE\">Ingr\u00e9dients 100\u00a0% v\u00e9g\u00e9taliens\u00a0<\/span><\/strong><\/p>\n<p><span lang=\"FR-BE\">Nous n&rsquo;utilisons pas de g\u00e9latine dans nos p\u00e2tes de fruits. Nous utilisons de la pectine extraite de pommes ou de citrons. La pectine apporte aux p\u00e2tes de fruits leur texture \u00e0 la fois douce et ferme.<\/span><\/p>\n<p><\/span><\/div><\/a><\/p>\n<p><\/div><div class=\"su-flex-column\" style=\"width: 32%;\"><\/p>\n<p><a class='block-url' href='#'><div class='color-block ' style='background: url( \/wp-content\/uploads\/2019\/05\/fr-4.png );'><span class='content' style='color: white;'><\/p>\n<p><strong><span lang=\"FR-BE\">Sans colorants artificiels<\/span><span class=\"apple-converted-space\"><b><span lang=\"FR-BE\">\u00a0<\/span><\/b><\/span>\u00a0<\/strong><\/p>\n<p><span lang=\"FR-BE\">Pour nos p\u00e2tes de fruits \u00e0 50 % de fruits et, dans une moindre mesure, pour celles \u00e0 60 % de fruits, nous ajoutons du concentr\u00e9 de sureau, concentr\u00e9 de spiruline et de carthame afin d\u2019obtenir la couleur souhait\u00e9e. <\/span><\/p>\n<p><\/span><\/div><\/a><\/p>\n<p><\/div><\/p>\n<p><\/div>\n<p style=\"text-align: center;\"><a href=\"\/fr\/ingredients\/\" class=\"btn type-1\" target=\"_self\"><span><span lang=\"FR-BE\">Plus d\u2019informations <\/span><\/span><\/a><\/p>\n<p>&nbsp;<\/p>\n<p>&nbsp;<\/p>\n<section class='bg-section left'><div class='bg' style='background-image: url(\/wp-content\/uploads\/2019\/04\/Over-confidas.jpg);'><\/div><span style='color: #0B2F36;'>\n<p><div class=\"su-flex-columns \" style=\"justify-content: space-between; align-items: stretch;\"><div class=\"su-flex-column\" style=\"width: 48%;\"><\/p>\n<p>&nbsp;<\/p>\n<p><\/div><div class=\"su-flex-column\" style=\"width: 48%;\"><\/p>\n<h2>Confidas<\/h2>\n<p><span lang=\"FR-BE\">Depuis sa fondation en 1982, Confidas fabrique des p\u00e2tes de fruits authentiques \u00e0 l&rsquo;intention des grossistes, des chocolatiers et du commerce de d\u00e9tail. Bien que le nombre de vari\u00e9t\u00e9s ait augment\u00e9 au fil des ans, Confidas est toujours rest\u00e9e fid\u00e8le \u00e0 la recette originale.<b><\/b>Le respect de ces confiseries artisanales, l&rsquo;attention port\u00e9e \u00e0 la qualit\u00e9 et \u00e0 l&rsquo;innovation ainsi qu&rsquo;un <a href=\"http:\/\/b2b.confidas.com\/fr\/contact\/\">service client<\/a> pouss\u00e9 constituent les valeurs fondamentales de Confidas.<\/span><\/p>\n<a href=\"\/fr\/a-propos-de-nous\/\" class=\"btn type-1\" target=\"_self\"><span><span lang=\"FR-BE\">Lire plus<\/span><\/span><\/a>\n<p><\/div><\/div>\u00a0<\/span><\/section><section class='bg-section '><div class='bg' style='background-color: #0e292f;'><\/div><span style='color: #fff;'><\/p>\n<p>&nbsp;<\/p>\n<h2 style=\"text-align: center;\"><span lang=\"FR-BE\">Devenir distributeur<\/span><\/h2>\n<p style=\"text-align: center;\"><span lang=\"FR-BE\">En tant que grossiste (horeca), chocolatier ou d\u00e9taillant, vous souhaiteriez proposer nos p\u00e2tes de fruits authentiques \u00e0 vos clients ? N\u2019h\u00e9sitez pas \u00e0 nous\u00a0<a href=\"http:\/\/b2b.confidas.com\/fr\/contact\/\">contacter<\/a> pour que nous fassions connaissance. Ce sera pour nous l\u2019occasion de vous exposer les diff\u00e9rentes possibilit\u00e9s.<\/span><\/p>\n<p style=\"text-align: center;\"><a href=\"\/fr\/contact\/\" class=\"btn type-2\" target=\"_self\"><span><span lang=\"FR-BE\">Devenir distributeur<\/span><\/span><\/a><\/p>\n<p><\/span><\/section><\/p>\n<section class='bg-section left'><div class='bg' style='background-image: url(\/wp-content\/uploads\/2019\/04\/fruit2-1.jpg);'><\/div><span style='color: #0B2F36;'><\/p>\n<p><div class=\"su-flex-columns \" style=\"justify-content: space-between; align-items: stretch;\"><div class=\"su-flex-column\" style=\"width: 48%;\"><\/p>\n<p>&nbsp;<\/p>\n<p><\/div><div class=\"su-flex-column\" style=\"width: 51%;\"><\/p>\n<h2><span lang=\"FR-BE\"><span lang=\"FR\">Plus d\u2019informations<\/span><\/span><\/h2>\n<p>Vous souhaitez en savoir plus sur nos authentiques p\u00e2tes de fruits ? Vous souhaitez devenir distributeur de nos produits ?\u00a0Dans ce cas, compl\u00e9tez vos coordonn\u00e9es <a href=\"http:\/\/b2b.confidas.com\/fr\/contact\/\">ici<\/a>. Nous vous contacterons d\u00e8s que possible.<\/p>\n<p><a href=\"\/fr\/contact\/\" class=\"btn type-1\" target=\"_self\"><span><span lang=\"FR-BE\">Nous contacter<\/span><\/span><\/a><\/p>\n<p><\/div><\/div><\/p>\n<p><\/span><\/section>\n\n","protected":false},"excerpt":{"rendered":"<p>&nbsp; &nbsp; &nbsp; \u00a0 Ingr\u00e9dients &nbsp; &nbsp; &nbsp;<\/p>\n","protected":false},"author":1,"featured_media":0,"parent":0,"menu_order":0,"comment_status":"closed","ping_status":"closed","template":"","meta":{"_acf_changed":false,"footnotes":""},"class_list":["post-1152","page","type-page","status-publish","hentry"],"acf":[],"yoast_head":"<!-- This site is optimized with the Yoast SEO plugin v27.3 - https:\/\/yoast.com\/product\/yoast-seo-wordpress\/ -->\n<title>Le go\u00fbt des fruits purs: d\u00e9couvrez les p\u00e2tes de fruits authentiques<\/title>\n<meta name=\"description\" content=\"La nature nous offre des fruits en abondance et vous les retrouverez dans nos diff\u00e9rentes gammes de p\u00e2tes de fruits. Cliquez vite ici pour continuer.\" \/>\n<meta name=\"robots\" content=\"index, follow, max-snippet:-1, max-image-preview:large, max-video-preview:-1\" \/>\n<link rel=\"canonical\" href=\"https:\/\/b2b.confidas.com\/fr\/\" \/>\n<meta property=\"og:locale\" content=\"fr_FR\" \/>\n<meta property=\"og:type\" content=\"article\" \/>\n<meta property=\"og:title\" content=\"Le go\u00fbt des fruits purs: d\u00e9couvrez les p\u00e2tes de fruits authentiques\" \/>\n<meta property=\"og:description\" content=\"La nature nous offre des fruits en abondance et vous les retrouverez dans nos diff\u00e9rentes gammes de p\u00e2tes de fruits. Cliquez vite ici pour continuer.\" \/>\n<meta property=\"og:url\" content=\"https:\/\/b2b.confidas.com\/fr\/\" \/>\n<meta property=\"og:site_name\" content=\"B2B Confidas\" \/>\n<meta property=\"article:modified_time\" content=\"2020-12-14T14:02:43+00:00\" \/>\n<meta name=\"twitter:card\" content=\"summary_large_image\" \/>\n<meta name=\"twitter:label1\" content=\"Dur\u00e9e de lecture estim\u00e9e\" \/>\n\t<meta name=\"twitter:data1\" content=\"2 minutes\" \/>\n<script type=\"application\/ld+json\" class=\"yoast-schema-graph\">{\"@context\":\"https:\\\/\\\/schema.org\",\"@graph\":[{\"@type\":\"WebPage\",\"@id\":\"https:\\\/\\\/b2b.confidas.com\\\/fr\\\/\",\"url\":\"https:\\\/\\\/b2b.confidas.com\\\/fr\\\/\",\"name\":\"Le go\u00fbt des fruits purs: d\u00e9couvrez les p\u00e2tes de fruits authentiques\",\"isPartOf\":{\"@id\":\"https:\\\/\\\/b2b.confidas.com\\\/fr\\\/#website\"},\"datePublished\":\"2016-06-09T09:59:51+00:00\",\"dateModified\":\"2020-12-14T14:02:43+00:00\",\"description\":\"La nature nous offre des fruits en abondance et vous les retrouverez dans nos diff\u00e9rentes gammes de p\u00e2tes de fruits. Cliquez vite ici pour continuer.\",\"breadcrumb\":{\"@id\":\"https:\\\/\\\/b2b.confidas.com\\\/fr\\\/#breadcrumb\"},\"inLanguage\":\"fr-FR\",\"potentialAction\":[{\"@type\":\"ReadAction\",\"target\":[\"https:\\\/\\\/b2b.confidas.com\\\/fr\\\/\"]}]},{\"@type\":\"BreadcrumbList\",\"@id\":\"https:\\\/\\\/b2b.confidas.com\\\/fr\\\/#breadcrumb\",\"itemListElement\":[{\"@type\":\"ListItem\",\"position\":1,\"name\":\"Home\",\"item\":\"https:\\\/\\\/b2b.confidas.com\\\/fr\\\/\"},{\"@type\":\"ListItem\",\"position\":2,\"name\":\"Home\"}]},{\"@type\":\"WebSite\",\"@id\":\"https:\\\/\\\/b2b.confidas.com\\\/fr\\\/#website\",\"url\":\"https:\\\/\\\/b2b.confidas.com\\\/fr\\\/\",\"name\":\"B2B Confidas\",\"description\":\"Confidas\",\"publisher\":{\"@id\":\"https:\\\/\\\/b2b.confidas.com\\\/fr\\\/#organization\"},\"potentialAction\":[{\"@type\":\"SearchAction\",\"target\":{\"@type\":\"EntryPoint\",\"urlTemplate\":\"https:\\\/\\\/b2b.confidas.com\\\/fr\\\/?s={search_term_string}\"},\"query-input\":{\"@type\":\"PropertyValueSpecification\",\"valueRequired\":true,\"valueName\":\"search_term_string\"}}],\"inLanguage\":\"fr-FR\"},{\"@type\":\"Organization\",\"@id\":\"https:\\\/\\\/b2b.confidas.com\\\/fr\\\/#organization\",\"name\":\"Confidas\",\"url\":\"https:\\\/\\\/b2b.confidas.com\\\/fr\\\/\",\"logo\":{\"@type\":\"ImageObject\",\"inLanguage\":\"fr-FR\",\"@id\":\"https:\\\/\\\/b2b.confidas.com\\\/fr\\\/#\\\/schema\\\/logo\\\/image\\\/\",\"url\":\"http:\\\/\\\/b2b.confidas.com\\\/wp-content\\\/uploads\\\/2019\\\/05\\\/Knipsel.jpg\",\"contentUrl\":\"http:\\\/\\\/b2b.confidas.com\\\/wp-content\\\/uploads\\\/2019\\\/05\\\/Knipsel.jpg\",\"width\":1904,\"height\":949,\"caption\":\"Confidas\"},\"image\":{\"@id\":\"https:\\\/\\\/b2b.confidas.com\\\/fr\\\/#\\\/schema\\\/logo\\\/image\\\/\"}}]}<\/script>\n<!-- \/ Yoast SEO plugin. -->","yoast_head_json":{"title":"Le go\u00fbt des fruits purs: d\u00e9couvrez les p\u00e2tes de fruits authentiques","description":"La nature nous offre des fruits en abondance et vous les retrouverez dans nos diff\u00e9rentes gammes de p\u00e2tes de fruits. Cliquez vite ici pour continuer.","robots":{"index":"index","follow":"follow","max-snippet":"max-snippet:-1","max-image-preview":"max-image-preview:large","max-video-preview":"max-video-preview:-1"},"canonical":"https:\/\/b2b.confidas.com\/fr\/","og_locale":"fr_FR","og_type":"article","og_title":"Le go\u00fbt des fruits purs: d\u00e9couvrez les p\u00e2tes de fruits authentiques","og_description":"La nature nous offre des fruits en abondance et vous les retrouverez dans nos diff\u00e9rentes gammes de p\u00e2tes de fruits. Cliquez vite ici pour continuer.","og_url":"https:\/\/b2b.confidas.com\/fr\/","og_site_name":"B2B Confidas","article_modified_time":"2020-12-14T14:02:43+00:00","twitter_card":"summary_large_image","twitter_misc":{"Dur\u00e9e de lecture estim\u00e9e":"2 minutes"},"schema":{"@context":"https:\/\/schema.org","@graph":[{"@type":"WebPage","@id":"https:\/\/b2b.confidas.com\/fr\/","url":"https:\/\/b2b.confidas.com\/fr\/","name":"Le go\u00fbt des fruits purs: d\u00e9couvrez les p\u00e2tes de fruits authentiques","isPartOf":{"@id":"https:\/\/b2b.confidas.com\/fr\/#website"},"datePublished":"2016-06-09T09:59:51+00:00","dateModified":"2020-12-14T14:02:43+00:00","description":"La nature nous offre des fruits en abondance et vous les retrouverez dans nos diff\u00e9rentes gammes de p\u00e2tes de fruits. Cliquez vite ici pour continuer.","breadcrumb":{"@id":"https:\/\/b2b.confidas.com\/fr\/#breadcrumb"},"inLanguage":"fr-FR","potentialAction":[{"@type":"ReadAction","target":["https:\/\/b2b.confidas.com\/fr\/"]}]},{"@type":"BreadcrumbList","@id":"https:\/\/b2b.confidas.com\/fr\/#breadcrumb","itemListElement":[{"@type":"ListItem","position":1,"name":"Home","item":"https:\/\/b2b.confidas.com\/fr\/"},{"@type":"ListItem","position":2,"name":"Home"}]},{"@type":"WebSite","@id":"https:\/\/b2b.confidas.com\/fr\/#website","url":"https:\/\/b2b.confidas.com\/fr\/","name":"B2B Confidas","description":"Confidas","publisher":{"@id":"https:\/\/b2b.confidas.com\/fr\/#organization"},"potentialAction":[{"@type":"SearchAction","target":{"@type":"EntryPoint","urlTemplate":"https:\/\/b2b.confidas.com\/fr\/?s={search_term_string}"},"query-input":{"@type":"PropertyValueSpecification","valueRequired":true,"valueName":"search_term_string"}}],"inLanguage":"fr-FR"},{"@type":"Organization","@id":"https:\/\/b2b.confidas.com\/fr\/#organization","name":"Confidas","url":"https:\/\/b2b.confidas.com\/fr\/","logo":{"@type":"ImageObject","inLanguage":"fr-FR","@id":"https:\/\/b2b.confidas.com\/fr\/#\/schema\/logo\/image\/","url":"http:\/\/b2b.confidas.com\/wp-content\/uploads\/2019\/05\/Knipsel.jpg","contentUrl":"http:\/\/b2b.confidas.com\/wp-content\/uploads\/2019\/05\/Knipsel.jpg","width":1904,"height":949,"caption":"Confidas"},"image":{"@id":"https:\/\/b2b.confidas.com\/fr\/#\/schema\/logo\/image\/"}}]}},"_links":{"self":[{"href":"https:\/\/b2b.confidas.com\/fr\/wp-json\/wp\/v2\/pages\/1152","targetHints":{"allow":["GET"]}}],"collection":[{"href":"https:\/\/b2b.confidas.com\/fr\/wp-json\/wp\/v2\/pages"}],"about":[{"href":"https:\/\/b2b.confidas.com\/fr\/wp-json\/wp\/v2\/types\/page"}],"author":[{"embeddable":true,"href":"https:\/\/b2b.confidas.com\/fr\/wp-json\/wp\/v2\/users\/1"}],"replies":[{"embeddable":true,"href":"https:\/\/b2b.confidas.com\/fr\/wp-json\/wp\/v2\/comments?post=1152"}],"version-history":[{"count":5,"href":"https:\/\/b2b.confidas.com\/fr\/wp-json\/wp\/v2\/pages\/1152\/revisions"}],"predecessor-version":[{"id":3046,"href":"https:\/\/b2b.confidas.com\/fr\/wp-json\/wp\/v2\/pages\/1152\/revisions\/3046"}],"wp:attachment":[{"href":"https:\/\/b2b.confidas.com\/fr\/wp-json\/wp\/v2\/media?parent=1152"}],"curies":[{"name":"wp","href":"https:\/\/api.w.org\/{rel}","templated":true}]}}