{"id":1169,"date":"2019-03-26T16:23:05","date_gmt":"2019-03-26T15:23:05","guid":{"rendered":"http:\/\/b2b.confidas.com\/ingredienten\/"},"modified":"2020-12-14T15:31:13","modified_gmt":"2020-12-14T14:31:13","slug":"ingredients","status":"publish","type":"page","link":"https:\/\/b2b.confidas.com\/fr\/ingredients\/","title":{"rendered":"Ingr\u00e9dients"},"content":{"rendered":"<div class=\"su-flex-columns \" style=\"justify-content: space-between; align-items: stretch;\"><div class=\"su-flex-column\" style=\"width: 7%;\"><\/div><div class=\"su-flex-column\" style=\"width: 66%;\"><\/p>\n<h2 style=\"text-align: center;\"><b><span lang=\"FR-BE\">Ingr\u00e9dients<\/span><\/b><\/h2>\n<p><span lang=\"FR-BE\">L&rsquo;histoire des p\u00e2tes de fruits remonte au Xe si\u00e8cle. \u00c0 l&rsquo;\u00e9poque, pour pouvoir conserver les fruits en hiver, ceux-ci \u00e9taient conserv\u00e9s selon un processus particulier. Nous restons fid\u00e8les \u00e0 la recette originale en garantissant une teneur minimale en fruits de 50 %. Le r\u00e9sultat est un moment de plaisir intense en d\u00e9gustant des p\u00e2tes de fruits authentiques. De plus, nos p\u00e2tes de fruits conviennent aux v\u00e9g\u00e9tariens et aux v\u00e9g\u00e9taliens et ne contiennent aucun conservateur, ar\u00f4me artificiel ni colorant.<\/span><\/p>\n<p>&nbsp;<\/p>\n<p><\/div><div class=\"su-flex-column\" style=\"width: 7%;\"><\/div><\/div>\n<p>&nbsp;<\/p>\n<div class=\"su-flex-columns circles\" style=\"justify-content: space-between; align-items: stretch;\"><div class=\"su-flex-column\" style=\"width: 32%;\"><\/p>\n<p><a class='block-url' href='#recettes'><div class='color-block ' style='background: url( \/wp-content\/uploads\/2019\/05\/CNF1801PDF_INFOGRAPHIC_ingredients_F-01.png );'><span class='content' style='color: white;'><\/p>\n<p><strong><span lang=\"FR-BE\">Teneur minimale en fruits de 50\u00a0%<\/span><\/strong><\/p>\n<p><span lang=\"FR-BE\">Nos p\u00e2tes de fruits sont disponibles en 3 recettes\u00a0: avec une teneur en fruits de 50\u00a0%, 60\u00a0% et 70\u00a0%.<\/span><\/p>\n<p>&nbsp;<\/p>\n<p><strong><span style=\"text-decoration: underline;\">En savoir plus sur nos recettes <i class=\"fa fa-angle-double-right \" ><\/i><\/span><\/strong><\/p>\n<p><\/span><\/div><\/a><\/p>\n<p><\/div><div class=\"su-flex-column\" style=\"width: 32%;\"><\/p>\n<p><a class='block-url' href='#'><div class='color-block ' style='background: url( \/wp-content\/uploads\/2019\/05\/fr-2.png );'><span class='content' style='color: white;'><\/p>\n<p><strong><span lang=\"FR-BE\">Ingr\u00e9dients 100\u00a0% v\u00e9g\u00e9taliens<\/span><\/strong><\/p>\n<p><span lang=\"FR-BE\">Nous n&rsquo;utilisons pas de g\u00e9latine dans nos p\u00e2tes de fruits. Nous obtenons leur texture \u00e0 la fois ferme et tendre gr\u00e2ce \u00e0 l\u2019utilisation de pectine. Notre pectine est extraite de pommes ou de citrons.<\/span><\/p>\n<p><\/span><\/div><\/a><\/p>\n<p><\/div><div class=\"su-flex-column\" style=\"width: 32%;\"><\/p>\n<p><a class='block-url' href='#'><div class='color-block ' style='background: url( \/wp-content\/uploads\/2019\/05\/fr-6.png );'><span class='content' style='color: white;'><\/p>\n<p><strong><span lang=\"FR-BE\">Sans lactose ni gluten<\/span><\/strong><\/p>\n<p><span lang=\"FR-BE\">Nos p\u00e2tes de fruits sont fabriqu\u00e9es \u00e0 partir de fruits purs. Par cons\u00e9quent, nous n&rsquo;utilisons ni lait ni c\u00e9r\u00e9ales au cours de la production.<\/span><\/p>\n<p><\/span><\/div><\/a><\/p>\n<p><\/div><div class=\"su-flex-column\" style=\"width: 32%;\"><\/p>\n<p><a class='block-url' href='#'><div class='color-block ' style='background: url( \/wp-content\/uploads\/2019\/05\/fr-3.png );'><span class='content' style='color: white;'><\/p>\n<p><strong><span lang=\"FR-BE\">Sans conservateurs<\/span><\/strong><\/p>\n<p><span lang=\"FR-BE\">\u00c0 l\u2019origine, les p\u00e2tes de fruits \u00e9taient un produit destin\u00e9 \u00e0 conserver les fruits. Nous n&rsquo;ajoutons aucun conservateur.<\/span><\/p>\n<p><\/span><\/div><\/a><\/p>\n<p><\/div><\/p>\n<p><div class=\"su-flex-column\" style=\"width: 32%;\"><\/p>\n<p><a class='block-url' href='#'><div class='color-block ' style='background: url( \/wp-content\/uploads\/2019\/05\/fr-4.png );'><span class='content' style='color: white;'><\/p>\n<p><strong><span lang=\"FR-BE\">Sans colorants artificiels<\/span><\/strong><\/p>\n<p><span lang=\"FR-BE\">Pour nos p\u00e2tes de fruits \u00e0 50 % de fruits, nous ajoutons du concentr\u00e9 de sureau, concentr\u00e9 de spiruline et de carthame pour obtenir la couleur souhait\u00e9e. Dans notre recette \u00e0 70 % de fruits, la couleur obtenue est celle des fruits utilis\u00e9s.<\/span><\/p>\n<p><\/span><\/div><\/a><\/p>\n<p><\/div><div class=\"su-flex-column\" style=\"width: 32%;\"><\/p>\n<p><a class='block-url' href='#'><div class='color-block ' style='background: url( \/wp-content\/uploads\/2019\/05\/fr-5.png );'><span class='content' style='color: white;'><\/p>\n<p><strong><span lang=\"FR-BE\">Sans ar\u00f4mes artificiels<\/span><span class=\"apple-converted-space\"><b><span lang=\"FR-BE\">\u00a0<\/span><\/b><\/span> <\/strong><\/p>\n<p><span lang=\"FR-BE\">La saveur de nos p\u00e2tes de fruits provient principalement des fruits utilis\u00e9s. La cuisson engendre toutefois une perte d&rsquo;ar\u00f4mes. C&rsquo;est pourquoi nous ajoutons des ar\u00f4mes naturels.<\/span><\/p>\n<p id=\"recettes\"><\/span><\/div><\/a><\/p>\n<p><\/div><\/div>\n<p>&nbsp;<\/p>\n<p>&nbsp;<\/p>\n<hr \/>\n<p>&nbsp;<\/p>\n<p>&nbsp;<\/p>\n<div class=\"su-flex-columns \" style=\"justify-content: space-between; align-items: stretch;\"><div class=\"su-flex-column\" style=\"width: 7%;\"><\/div><div class=\"su-flex-column\" style=\"width: 66%;\"><\/p>\n<h2 style=\"text-align: center;\">Recettes<\/h2>\n<p><span lang=\"FR-BE\">Nos p\u00e2tes de fruits sont disponibles en trois recettes diff\u00e9rentes\u00a0: Pure, Delicate et Intense. Chacune est le r\u00e9sultat de nos nombreuses ann\u00e9es d&rsquo;exp\u00e9rience. Le pourcentage de fruits d\u00e9termine l&rsquo;intensit\u00e9 du go\u00fbt et la couleur de chaque recette.<\/span><\/p>\n<p style=\"text-align: left;\"><span lang=\"FR-BE\">Dans notre recette \u00ab\u00a0Pure\u00a0\u00bb, nous utilisons plus de 50\u00a0% de fruits.\u00a0Notre recette \u00ab\u00a0Delicate\u00a0\u00bb est compos\u00e9e d&rsquo;un minimum de 60\u00a0% de fruits et notre recette \u00ab\u00a0Intense\u00a0\u00bb contient 70\u00a0% de fruits. Le r\u00e9sultat est une friandise \u00e0 la saveur de fruits intense.<\/span><\/p>\n<p>&nbsp;<\/p>\n<p><img loading=\"lazy\" decoding=\"async\" class=\"aligncenter wp-image-344\" src=\"http:\/\/b2b.confidas.com\/wp-content\/uploads\/2019\/03\/pure-delicate-intense.jpg\" alt=\"\" width=\"570\" height=\"570\" srcset=\"https:\/\/b2b.confidas.com\/wp-content\/uploads\/2019\/03\/pure-delicate-intense.jpg 800w, https:\/\/b2b.confidas.com\/wp-content\/uploads\/2019\/03\/pure-delicate-intense-150x150.jpg 150w, https:\/\/b2b.confidas.com\/wp-content\/uploads\/2019\/03\/pure-delicate-intense-300x300.jpg 300w, https:\/\/b2b.confidas.com\/wp-content\/uploads\/2019\/03\/pure-delicate-intense-768x768.jpg 768w, https:\/\/b2b.confidas.com\/wp-content\/uploads\/2019\/03\/pure-delicate-intense-270x270.jpg 270w\" sizes=\"auto, (max-width: 570px) 100vw, 570px\" \/><\/p>\n<p><\/div><div class=\"su-flex-column\" style=\"width: 7%;\"><\/div><\/div>\n<p>&nbsp;<\/p>\n<p>&nbsp;<\/p>\n<hr \/>\n<p>&nbsp;<\/p>\n<p>&nbsp;<\/p>\n<section class='bg-section left'><div class='bg' style='background-image: url(\/wp-content\/uploads\/2019\/03\/pear.jpg);'><\/div><span style='color: #0B2F36;'><\/p>\n<p><div class=\"su-flex-columns \" style=\"justify-content: space-between; align-items: stretch;\"><div class=\"su-flex-column\" style=\"width: 48%;\"><\/p>\n<p>&nbsp;<\/p>\n<p><\/div><div class=\"su-flex-column\" style=\"width: 51%;\"><\/p>\n<h2><span lang=\"FR-BE\"><span lang=\"FR\">Plus d\u2019informations<\/span><\/span><\/h2>\n<p>Vous avez des questions sur nos friandises irr\u00e9sistibles ? Vous aimeriez devenir distributeur ou vendre nos p\u00e2tes de fruits sous votre propre nom\u00a0? Dans ce cas, laissez-nous vos coordonn\u00e9es <a href=\"http:\/\/b2b.confidas.com\/fr\/contact\/\">ici<\/a>. Nous vous contacterons d\u00e8s que possible.<\/p>\n<p><a href=\"\/fr\/contact\/\" class=\"btn type-1\" target=\"_self\"><span><span lang=\"FR-BE\">Nous contacter<\/span><\/span><\/a><\/p>\n<p><\/div><\/div><\/p>\n<p><\/span><\/section>\n\n","protected":false},"excerpt":{"rendered":"<p>&nbsp; &nbsp; &nbsp; &nbsp; &nbsp; &nbsp; &nbsp; &nbsp; &nbsp;<\/p>\n","protected":false},"author":1,"featured_media":0,"parent":0,"menu_order":0,"comment_status":"closed","ping_status":"closed","template":"","meta":{"_acf_changed":false,"footnotes":""},"class_list":["post-1169","page","type-page","status-publish","hentry"],"acf":[],"yoast_head":"<!-- This site is optimized with the Yoast SEO plugin v27.3 - https:\/\/yoast.com\/product\/yoast-seo-wordpress\/ -->\n<title>Savourez des p\u00e2tes de fruits authentiques | Confidas<\/title>\n<meta name=\"description\" content=\"Nos p\u00e2tes de fruits sont fabriqu\u00e9es \u00e0 partir de fruits purs. Le r\u00e9sultat est un moment de plaisir intense en d\u00e9gustant des p\u00e2tes de fruits authentiques.\" \/>\n<meta name=\"robots\" content=\"index, follow, max-snippet:-1, max-image-preview:large, max-video-preview:-1\" \/>\n<link rel=\"canonical\" href=\"https:\/\/b2b.confidas.com\/fr\/ingredients\/\" \/>\n<meta property=\"og:locale\" content=\"fr_FR\" \/>\n<meta property=\"og:type\" content=\"article\" \/>\n<meta property=\"og:title\" content=\"Savourez des p\u00e2tes de fruits authentiques | Confidas\" \/>\n<meta property=\"og:description\" content=\"Nos p\u00e2tes de fruits sont fabriqu\u00e9es \u00e0 partir de fruits purs. Le r\u00e9sultat est un moment de plaisir intense en d\u00e9gustant des p\u00e2tes de fruits authentiques.\" \/>\n<meta property=\"og:url\" content=\"https:\/\/b2b.confidas.com\/fr\/ingredients\/\" \/>\n<meta property=\"og:site_name\" content=\"B2B Confidas\" \/>\n<meta property=\"article:modified_time\" content=\"2020-12-14T14:31:13+00:00\" \/>\n<meta property=\"og:image\" content=\"http:\/\/b2b.confidas.com\/wp-content\/uploads\/2019\/03\/pure-delicate-intense.jpg\" \/>\n<meta name=\"twitter:card\" content=\"summary_large_image\" \/>\n<meta name=\"twitter:label1\" content=\"Dur\u00e9e de lecture estim\u00e9e\" \/>\n\t<meta name=\"twitter:data1\" content=\"2 minutes\" \/>\n<script type=\"application\/ld+json\" class=\"yoast-schema-graph\">{\"@context\":\"https:\\\/\\\/schema.org\",\"@graph\":[{\"@type\":\"WebPage\",\"@id\":\"https:\\\/\\\/b2b.confidas.com\\\/fr\\\/ingredients\\\/\",\"url\":\"https:\\\/\\\/b2b.confidas.com\\\/fr\\\/ingredients\\\/\",\"name\":\"Savourez des p\u00e2tes de fruits authentiques | Confidas\",\"isPartOf\":{\"@id\":\"https:\\\/\\\/b2b.confidas.com\\\/fr\\\/#website\"},\"primaryImageOfPage\":{\"@id\":\"https:\\\/\\\/b2b.confidas.com\\\/fr\\\/ingredients\\\/#primaryimage\"},\"image\":{\"@id\":\"https:\\\/\\\/b2b.confidas.com\\\/fr\\\/ingredients\\\/#primaryimage\"},\"thumbnailUrl\":\"http:\\\/\\\/b2b.confidas.com\\\/wp-content\\\/uploads\\\/2019\\\/03\\\/pure-delicate-intense.jpg\",\"datePublished\":\"2019-03-26T15:23:05+00:00\",\"dateModified\":\"2020-12-14T14:31:13+00:00\",\"description\":\"Nos p\u00e2tes de fruits sont fabriqu\u00e9es \u00e0 partir de fruits purs. Le r\u00e9sultat est un moment de plaisir intense en d\u00e9gustant des p\u00e2tes de fruits authentiques.\",\"breadcrumb\":{\"@id\":\"https:\\\/\\\/b2b.confidas.com\\\/fr\\\/ingredients\\\/#breadcrumb\"},\"inLanguage\":\"fr-FR\",\"potentialAction\":[{\"@type\":\"ReadAction\",\"target\":[\"https:\\\/\\\/b2b.confidas.com\\\/fr\\\/ingredients\\\/\"]}]},{\"@type\":\"ImageObject\",\"inLanguage\":\"fr-FR\",\"@id\":\"https:\\\/\\\/b2b.confidas.com\\\/fr\\\/ingredients\\\/#primaryimage\",\"url\":\"http:\\\/\\\/b2b.confidas.com\\\/wp-content\\\/uploads\\\/2019\\\/03\\\/pure-delicate-intense.jpg\",\"contentUrl\":\"http:\\\/\\\/b2b.confidas.com\\\/wp-content\\\/uploads\\\/2019\\\/03\\\/pure-delicate-intense.jpg\"},{\"@type\":\"BreadcrumbList\",\"@id\":\"https:\\\/\\\/b2b.confidas.com\\\/fr\\\/ingredients\\\/#breadcrumb\",\"itemListElement\":[{\"@type\":\"ListItem\",\"position\":1,\"name\":\"Home\",\"item\":\"https:\\\/\\\/b2b.confidas.com\\\/fr\\\/\"},{\"@type\":\"ListItem\",\"position\":2,\"name\":\"Ingr\u00e9dients\"}]},{\"@type\":\"WebSite\",\"@id\":\"https:\\\/\\\/b2b.confidas.com\\\/fr\\\/#website\",\"url\":\"https:\\\/\\\/b2b.confidas.com\\\/fr\\\/\",\"name\":\"B2B Confidas\",\"description\":\"Confidas\",\"publisher\":{\"@id\":\"https:\\\/\\\/b2b.confidas.com\\\/fr\\\/#organization\"},\"potentialAction\":[{\"@type\":\"SearchAction\",\"target\":{\"@type\":\"EntryPoint\",\"urlTemplate\":\"https:\\\/\\\/b2b.confidas.com\\\/fr\\\/?s={search_term_string}\"},\"query-input\":{\"@type\":\"PropertyValueSpecification\",\"valueRequired\":true,\"valueName\":\"search_term_string\"}}],\"inLanguage\":\"fr-FR\"},{\"@type\":\"Organization\",\"@id\":\"https:\\\/\\\/b2b.confidas.com\\\/fr\\\/#organization\",\"name\":\"Confidas\",\"url\":\"https:\\\/\\\/b2b.confidas.com\\\/fr\\\/\",\"logo\":{\"@type\":\"ImageObject\",\"inLanguage\":\"fr-FR\",\"@id\":\"https:\\\/\\\/b2b.confidas.com\\\/fr\\\/#\\\/schema\\\/logo\\\/image\\\/\",\"url\":\"http:\\\/\\\/b2b.confidas.com\\\/wp-content\\\/uploads\\\/2019\\\/05\\\/Knipsel.jpg\",\"contentUrl\":\"http:\\\/\\\/b2b.confidas.com\\\/wp-content\\\/uploads\\\/2019\\\/05\\\/Knipsel.jpg\",\"width\":1904,\"height\":949,\"caption\":\"Confidas\"},\"image\":{\"@id\":\"https:\\\/\\\/b2b.confidas.com\\\/fr\\\/#\\\/schema\\\/logo\\\/image\\\/\"}}]}<\/script>\n<!-- \/ Yoast SEO plugin. -->","yoast_head_json":{"title":"Savourez des p\u00e2tes de fruits authentiques | Confidas","description":"Nos p\u00e2tes de fruits sont fabriqu\u00e9es \u00e0 partir de fruits purs. Le r\u00e9sultat est un moment de plaisir intense en d\u00e9gustant des p\u00e2tes de fruits authentiques.","robots":{"index":"index","follow":"follow","max-snippet":"max-snippet:-1","max-image-preview":"max-image-preview:large","max-video-preview":"max-video-preview:-1"},"canonical":"https:\/\/b2b.confidas.com\/fr\/ingredients\/","og_locale":"fr_FR","og_type":"article","og_title":"Savourez des p\u00e2tes de fruits authentiques | Confidas","og_description":"Nos p\u00e2tes de fruits sont fabriqu\u00e9es \u00e0 partir de fruits purs. Le r\u00e9sultat est un moment de plaisir intense en d\u00e9gustant des p\u00e2tes de fruits authentiques.","og_url":"https:\/\/b2b.confidas.com\/fr\/ingredients\/","og_site_name":"B2B Confidas","article_modified_time":"2020-12-14T14:31:13+00:00","og_image":[{"url":"http:\/\/b2b.confidas.com\/wp-content\/uploads\/2019\/03\/pure-delicate-intense.jpg","type":"","width":"","height":""}],"twitter_card":"summary_large_image","twitter_misc":{"Dur\u00e9e de lecture estim\u00e9e":"2 minutes"},"schema":{"@context":"https:\/\/schema.org","@graph":[{"@type":"WebPage","@id":"https:\/\/b2b.confidas.com\/fr\/ingredients\/","url":"https:\/\/b2b.confidas.com\/fr\/ingredients\/","name":"Savourez des p\u00e2tes de fruits authentiques | Confidas","isPartOf":{"@id":"https:\/\/b2b.confidas.com\/fr\/#website"},"primaryImageOfPage":{"@id":"https:\/\/b2b.confidas.com\/fr\/ingredients\/#primaryimage"},"image":{"@id":"https:\/\/b2b.confidas.com\/fr\/ingredients\/#primaryimage"},"thumbnailUrl":"http:\/\/b2b.confidas.com\/wp-content\/uploads\/2019\/03\/pure-delicate-intense.jpg","datePublished":"2019-03-26T15:23:05+00:00","dateModified":"2020-12-14T14:31:13+00:00","description":"Nos p\u00e2tes de fruits sont fabriqu\u00e9es \u00e0 partir de fruits purs. Le r\u00e9sultat est un moment de plaisir intense en d\u00e9gustant des p\u00e2tes de fruits authentiques.","breadcrumb":{"@id":"https:\/\/b2b.confidas.com\/fr\/ingredients\/#breadcrumb"},"inLanguage":"fr-FR","potentialAction":[{"@type":"ReadAction","target":["https:\/\/b2b.confidas.com\/fr\/ingredients\/"]}]},{"@type":"ImageObject","inLanguage":"fr-FR","@id":"https:\/\/b2b.confidas.com\/fr\/ingredients\/#primaryimage","url":"http:\/\/b2b.confidas.com\/wp-content\/uploads\/2019\/03\/pure-delicate-intense.jpg","contentUrl":"http:\/\/b2b.confidas.com\/wp-content\/uploads\/2019\/03\/pure-delicate-intense.jpg"},{"@type":"BreadcrumbList","@id":"https:\/\/b2b.confidas.com\/fr\/ingredients\/#breadcrumb","itemListElement":[{"@type":"ListItem","position":1,"name":"Home","item":"https:\/\/b2b.confidas.com\/fr\/"},{"@type":"ListItem","position":2,"name":"Ingr\u00e9dients"}]},{"@type":"WebSite","@id":"https:\/\/b2b.confidas.com\/fr\/#website","url":"https:\/\/b2b.confidas.com\/fr\/","name":"B2B Confidas","description":"Confidas","publisher":{"@id":"https:\/\/b2b.confidas.com\/fr\/#organization"},"potentialAction":[{"@type":"SearchAction","target":{"@type":"EntryPoint","urlTemplate":"https:\/\/b2b.confidas.com\/fr\/?s={search_term_string}"},"query-input":{"@type":"PropertyValueSpecification","valueRequired":true,"valueName":"search_term_string"}}],"inLanguage":"fr-FR"},{"@type":"Organization","@id":"https:\/\/b2b.confidas.com\/fr\/#organization","name":"Confidas","url":"https:\/\/b2b.confidas.com\/fr\/","logo":{"@type":"ImageObject","inLanguage":"fr-FR","@id":"https:\/\/b2b.confidas.com\/fr\/#\/schema\/logo\/image\/","url":"http:\/\/b2b.confidas.com\/wp-content\/uploads\/2019\/05\/Knipsel.jpg","contentUrl":"http:\/\/b2b.confidas.com\/wp-content\/uploads\/2019\/05\/Knipsel.jpg","width":1904,"height":949,"caption":"Confidas"},"image":{"@id":"https:\/\/b2b.confidas.com\/fr\/#\/schema\/logo\/image\/"}}]}},"_links":{"self":[{"href":"https:\/\/b2b.confidas.com\/fr\/wp-json\/wp\/v2\/pages\/1169","targetHints":{"allow":["GET"]}}],"collection":[{"href":"https:\/\/b2b.confidas.com\/fr\/wp-json\/wp\/v2\/pages"}],"about":[{"href":"https:\/\/b2b.confidas.com\/fr\/wp-json\/wp\/v2\/types\/page"}],"author":[{"embeddable":true,"href":"https:\/\/b2b.confidas.com\/fr\/wp-json\/wp\/v2\/users\/1"}],"replies":[{"embeddable":true,"href":"https:\/\/b2b.confidas.com\/fr\/wp-json\/wp\/v2\/comments?post=1169"}],"version-history":[{"count":5,"href":"https:\/\/b2b.confidas.com\/fr\/wp-json\/wp\/v2\/pages\/1169\/revisions"}],"predecessor-version":[{"id":3048,"href":"https:\/\/b2b.confidas.com\/fr\/wp-json\/wp\/v2\/pages\/1169\/revisions\/3048"}],"wp:attachment":[{"href":"https:\/\/b2b.confidas.com\/fr\/wp-json\/wp\/v2\/media?parent=1169"}],"curies":[{"name":"wp","href":"https:\/\/api.w.org\/{rel}","templated":true}]}}