{"id":1908,"date":"2019-03-26T16:19:48","date_gmt":"2019-03-26T15:19:48","guid":{"rendered":"http:\/\/b2b.confidas.com\/producten\/"},"modified":"2020-10-08T09:24:03","modified_gmt":"2020-10-08T07:24:03","slug":"produits","status":"publish","type":"page","link":"https:\/\/b2b.confidas.com\/fr\/produits\/","title":{"rendered":"Produits"},"content":{"rendered":"<div class=\"su-flex-columns \" style=\"justify-content: space-between; align-items: stretch;\"><div class=\"su-flex-column\" style=\"width: 7%;\"><\/div><div class=\"su-flex-column\" style=\"width: 66%;\"><\/p>\n<h2 style=\"text-align: center;\">Produits<\/h2>\n<p>Vous trouverez ci-dessous un aper\u00e7u de nos assortiments de p\u00e2tes de fruits authentiques. De nos <a href=\"http:\/\/b2b.confidas.com\/fr\/produits\/assortiment-classics\/\">classiques intemporels<\/a>, dont plusieurs sont encore d\u00e9coup\u00e9es \u00e0 la main, aux associations surprenantes des fruits et du chocolat dans notre <a href=\"http:\/\/b2b.confidas.com\/fr\/produits\/assortiment-creations\/\">assortiment Creations<\/a>. Toutes nos p\u00e2tes de fruits sont compos\u00e9es pour l\u2019essentiel de pur\u00e9e de fruits. Bref, une v\u00e9ritable gourmandise faite <a href=\"http:\/\/b2b.confidas.com\/fr\/ingredients\/\">d&rsquo;ingr\u00e9dients<\/a> purs et naturels.<\/p>\n<p>&nbsp;<\/p>\n<p>\n<\/div><div class=\"su-flex-column\" style=\"width: 7%;\"><\/div><\/div>\n<div class=\"su-flex-columns \" style=\"justify-content: space-between; align-items: stretch;\"><div class=\"su-flex-column\" style=\"width: 7%;\"><\/div><div class=\"su-flex-column\" style=\"width: 66%;\"><\/p>\n<h3 style=\"text-align: center;\">Classics<\/h3>\n<p><div class=\"eds-animate edsanimate-sis-hidden \" data-eds-entry-animation=\"slideInUp\" data-eds-entry-delay=\"0\" data-eds-entry-duration=\"0.5\" data-eds-entry-timing=\"linear\" data-eds-exit-animation=\"\" data-eds-exit-delay=\"\" data-eds-exit-duration=\"\" data-eds-exit-timing=\"\" data-eds-repeat-count=\"1\" data-eds-keep=\"yes\" data-eds-animate-on=\"scroll\" data-eds-scroll-offset=\"5\"><\/p>\n<p><img loading=\"lazy\" decoding=\"async\" class=\"aligncenter wp-image-672\" src=\"http:\/\/b2b.confidas.com\/wp-content\/uploads\/2019\/04\/1_Classics_Fruits-_-Shapes-Sfeerbeeld.jpg\" alt=\"\" width=\"452\" height=\"301\" srcset=\"https:\/\/b2b.confidas.com\/wp-content\/uploads\/2019\/04\/1_Classics_Fruits-_-Shapes-Sfeerbeeld.jpg 800w, https:\/\/b2b.confidas.com\/wp-content\/uploads\/2019\/04\/1_Classics_Fruits-_-Shapes-Sfeerbeeld-300x200.jpg 300w, https:\/\/b2b.confidas.com\/wp-content\/uploads\/2019\/04\/1_Classics_Fruits-_-Shapes-Sfeerbeeld-768x512.jpg 768w, https:\/\/b2b.confidas.com\/wp-content\/uploads\/2019\/04\/1_Classics_Fruits-_-Shapes-Sfeerbeeld-405x270.jpg 405w\" sizes=\"auto, (max-width: 452px) 100vw, 452px\" \/><\/div><\/p>\n<p>D\u00e9couvrez nos <a href=\"http:\/\/b2b.confidas.com\/fr\/produits\/assortiment-classics\/\">classiques<\/a> intemporels\u00a0: des p\u00e2tes de fruits en forme de fruits, cubes et carr\u00e9s. Ils ont \u00e9t\u00e9 la source d&rsquo;inspiration de toutes les collections que nous avons cr\u00e9\u00e9es par la suite. Laissez-vous s\u00e9duire par le go\u00fbt des fruits purs.<\/p>\n<p style=\"text-align: center;\"><a href=\"\/fr\/produits\/assortiment-classics\/classics-fruits-assortiment\/\" class=\"btn type-1\" target=\"_self\"><span><span style=\"font-weight: 400;\">D\u00e9couvrez tous les Fruits<\/span><\/span><\/a>\u00a0 \u00a0 \u00a0 \u00a0 <a href=\"\/fr\/produits\/assortiment-classics\/classics-shapes-assortiment\/\" class=\"btn type-1\" target=\"_self\"><span><span style=\"font-weight: 400;\">D\u00e9couvrez tous les Shapes<\/span><\/span><\/a><\/p>\n<p><\/div><div class=\"su-flex-column\" style=\"width: 7%;\"><\/div><\/div>\n<p>&nbsp;<\/p>\n<p>&nbsp;<\/p>\n<hr \/>\n<p>&nbsp;<\/p>\n<p>&nbsp;<\/p>\n<div class=\"su-flex-columns \" style=\"justify-content: space-between; align-items: stretch;\"><div class=\"su-flex-column\" style=\"width: 7%;\"><\/div><div class=\"su-flex-column\" style=\"width: 66%;\"><\/p>\n<h3 style=\"text-align: center;\">Moments<\/h3>\n<p><div class=\"eds-animate edsanimate-sis-hidden \" data-eds-entry-animation=\"slideInUp\" data-eds-entry-delay=\"0\" data-eds-entry-duration=\"0.5\" data-eds-entry-timing=\"linear\" data-eds-exit-animation=\"\" data-eds-exit-delay=\"\" data-eds-exit-duration=\"\" data-eds-exit-timing=\"\" data-eds-repeat-count=\"1\" data-eds-keep=\"yes\" data-eds-animate-on=\"scroll\" data-eds-scroll-offset=\"5\"><\/p>\n<p><img loading=\"lazy\" decoding=\"async\" class=\"aligncenter wp-image-676\" src=\"http:\/\/b2b.confidas.com\/wp-content\/uploads\/2019\/04\/5_Moments-Sfeerbeeld-goede-verhouding.jpg\" alt=\"\" width=\"452\" height=\"301\" srcset=\"https:\/\/b2b.confidas.com\/wp-content\/uploads\/2019\/04\/5_Moments-Sfeerbeeld-goede-verhouding.jpg 800w, https:\/\/b2b.confidas.com\/wp-content\/uploads\/2019\/04\/5_Moments-Sfeerbeeld-goede-verhouding-300x200.jpg 300w, https:\/\/b2b.confidas.com\/wp-content\/uploads\/2019\/04\/5_Moments-Sfeerbeeld-goede-verhouding-768x512.jpg 768w, https:\/\/b2b.confidas.com\/wp-content\/uploads\/2019\/04\/5_Moments-Sfeerbeeld-goede-verhouding-405x270.jpg 405w\" sizes=\"auto, (max-width: 452px) 100vw, 452px\" \/><\/div><\/p>\n<p>&nbsp;<\/p>\n<p>Notre gamme unique pour les jours <a href=\"http:\/\/b2b.confidas.com\/fr\/produits\/assortiments-thematiques\/\">sp\u00e9ciaux de l&rsquo;ann\u00e9e<\/a>. Petits sapins pour la No\u00ebl, petits c\u0153urs pour la Saint-Valentin, petits \u0153ufs et cloches pour P\u00e2ques. Emballez le tout dans un \u00e9crin \u00e9l\u00e9gant et vos f\u00eates seront tout simplement d\u00e9licieuses !<\/p>\n<p style=\"text-align: center;\"><a href=\"\/fr\/produits\/assortiments-thematiques\/\" class=\"btn type-1\" target=\"_self\"><span><span style=\"font-weight: 400;\">D\u00e9couvrez<\/span><\/span><\/a><\/p>\n<p><\/div><div class=\"su-flex-column\" style=\"width: 7%;\"><\/div><\/div>\n<p>&nbsp;<\/p>\n<p>&nbsp;<\/p>\n<hr \/>\n<p>&nbsp;<\/p>\n<p>&nbsp;<\/p>\n<div class=\"su-flex-columns \" style=\"justify-content: space-between; align-items: stretch;\"><div class=\"su-flex-column\" style=\"width: 7%;\"><\/div><div class=\"su-flex-column\" style=\"width: 66%;\"><\/p>\n<h3 style=\"text-align: center;\">Origins<\/h3>\n<p><div class=\"eds-animate edsanimate-sis-hidden \" data-eds-entry-animation=\"slideInUp\" data-eds-entry-delay=\"0\" data-eds-entry-duration=\"0.5\" data-eds-entry-timing=\"linear\" data-eds-exit-animation=\"\" data-eds-exit-delay=\"\" data-eds-exit-duration=\"\" data-eds-exit-timing=\"\" data-eds-repeat-count=\"1\" data-eds-keep=\"yes\" data-eds-animate-on=\"scroll\" data-eds-scroll-offset=\"5\"><\/p>\n<p><img loading=\"lazy\" decoding=\"async\" class=\"wp-image-677 aligncenter\" src=\"http:\/\/b2b.confidas.com\/wp-content\/uploads\/2019\/04\/6_Origins-Sfeerbeeld-2.jpg\" alt=\"\" width=\"452\" height=\"301\" srcset=\"https:\/\/b2b.confidas.com\/wp-content\/uploads\/2019\/04\/6_Origins-Sfeerbeeld-2.jpg 800w, https:\/\/b2b.confidas.com\/wp-content\/uploads\/2019\/04\/6_Origins-Sfeerbeeld-2-300x200.jpg 300w, https:\/\/b2b.confidas.com\/wp-content\/uploads\/2019\/04\/6_Origins-Sfeerbeeld-2-768x512.jpg 768w, https:\/\/b2b.confidas.com\/wp-content\/uploads\/2019\/04\/6_Origins-Sfeerbeeld-2-405x270.jpg 405w\" sizes=\"auto, (max-width: 452px) 100vw, 452px\" \/><\/div><\/p>\n<p>Vous avez d\u00e9j\u00e0 go\u00fbt\u00e9 au yuzu et au maracuja ? D\u00e9couvrez de nouvelles saveurs de fruits dans notre assortiment <a href=\"http:\/\/b2b.confidas.com\/fr\/produits\/assortiment-origins\/\">Origins<\/a>. Les p\u00e2tes de fruits de ces collections sont associ\u00e9es en fonction de leur origine. Par exemple, les fruits rouges et les fruits du verger. Vous pr\u00e9f\u00e9rez les fruits exotiques ou les agrumes ? Ils font \u00e9galement partie de notre collection Origins.<\/p>\n<p style=\"text-align: center;\"><a href=\"\/fr\/produits\/assortiment-origins\/\" class=\"btn type-1\" target=\"_self\"><span><span style=\"font-weight: 400;\">D\u00e9couvrez<\/span><\/span><\/a><\/p>\n<p><\/div><div class=\"su-flex-column\" style=\"width: 7%;\"><\/div><\/div>\n<p>&nbsp;<\/p>\n<p>&nbsp;<\/p>\n<hr \/>\n<p>&nbsp;<\/p>\n<p>&nbsp;<\/p>\n<div class=\"su-flex-columns \" style=\"justify-content: space-between; align-items: stretch;\"><div class=\"su-flex-column\" style=\"width: 7%;\"><\/div><div class=\"su-flex-column\" style=\"width: 66%;\"><\/p>\n<h3 style=\"text-align: center;\">Creations<\/h3>\n<p><div class=\"eds-animate edsanimate-sis-hidden \" data-eds-entry-animation=\"slideInUp\" data-eds-entry-delay=\"0\" data-eds-entry-duration=\"0.5\" data-eds-entry-timing=\"linear\" data-eds-exit-animation=\"\" data-eds-exit-delay=\"\" data-eds-exit-duration=\"\" data-eds-exit-timing=\"\" data-eds-repeat-count=\"1\" data-eds-keep=\"yes\" data-eds-animate-on=\"scroll\" data-eds-scroll-offset=\"5\"><\/p>\n<p><img loading=\"lazy\" decoding=\"async\" class=\"aligncenter wp-image-675\" src=\"http:\/\/b2b.confidas.com\/wp-content\/uploads\/2019\/04\/4_Creations-Sfeerbeeld.jpg\" alt=\"\" width=\"452\" height=\"301\" srcset=\"https:\/\/b2b.confidas.com\/wp-content\/uploads\/2019\/04\/4_Creations-Sfeerbeeld.jpg 800w, https:\/\/b2b.confidas.com\/wp-content\/uploads\/2019\/04\/4_Creations-Sfeerbeeld-300x200.jpg 300w, https:\/\/b2b.confidas.com\/wp-content\/uploads\/2019\/04\/4_Creations-Sfeerbeeld-768x512.jpg 768w, https:\/\/b2b.confidas.com\/wp-content\/uploads\/2019\/04\/4_Creations-Sfeerbeeld-405x270.jpg 405w\" sizes=\"auto, (max-width: 452px) 100vw, 452px\" \/><\/div><\/p>\n<p>La tentation ultime pour les vrais \u00e9picuriens. Desassociations de <a href=\"http:\/\/b2b.confidas.com\/fr\/produits\/assortiment-creations\/\">saveurs surprenantes<\/a> comme poire-framboise et ananas-mangue. Un d\u00e9licieux morceau de chocolat belge croquant termin\u00e9 par une petite boule de p\u00e2tes de fruits. Cette collection garantit des sensations gustatives d\u00e9licieuses, sans s&rsquo;\u00e9carter pour autant de la recette originale.<\/p>\n<p style=\"text-align: center;\"><a href=\"\/fr\/produits\/assortiment-creations\/\" class=\"btn type-1\" target=\"_self\"><span><span style=\"font-weight: 400;\">D\u00e9couvrez<\/span><\/span><\/a><\/p>\n<p><\/div><div class=\"su-flex-column\" style=\"width: 7%;\"><\/div><\/div>\n<p>&nbsp;<\/p>\n<p>&nbsp;<\/p>\n<hr \/>\n<p>&nbsp;<\/p>\n<p>&nbsp;<\/p>\n<div class=\"su-flex-columns \" style=\"justify-content: space-between; align-items: stretch;\"><div class=\"su-flex-column\" style=\"width: 7%;\"><\/div><div class=\"su-flex-column\" style=\"width: 66%;\"><\/p>\n<h3 style=\"text-align: center;\">Gifts<\/h3>\n<p><div class=\"eds-animate edsanimate-sis-hidden \" data-eds-entry-animation=\"slideInUp\" data-eds-entry-delay=\"0\" data-eds-entry-duration=\"0.5\" data-eds-entry-timing=\"linear\" data-eds-exit-animation=\"\" data-eds-exit-delay=\"\" data-eds-exit-duration=\"\" data-eds-exit-timing=\"\" data-eds-repeat-count=\"1\" data-eds-keep=\"yes\" data-eds-animate-on=\"scroll\" data-eds-scroll-offset=\"5\"><\/p>\n<p><img loading=\"lazy\" decoding=\"async\" class=\"aligncenter wp-image-679\" src=\"http:\/\/b2b.confidas.com\/wp-content\/uploads\/2020\/10\/Gift_afbeelding.jpg\" alt=\"\" width=\"452\" height=\"283\" \/><\/div><\/p>\n<p>Leurs saveurs pleines, leurs go\u00fbts moelleux et leurs rondeurs en bouche vous apportent des moments de plaisirs \u00e0 partager. D\u00e9couvrez nos coffres cadeaux : Esprit Tropical et Joie du Verger.<\/p>\n<p style=\"text-align: center;\"><a href=\"\/fr\/produits\/gifts\/\" class=\"btn type-1\" target=\"_self\"><span><span style=\"font-weight: 400;\">D\u00e9couvrez<\/span><\/span><\/a><\/p>\n<p><\/div><div class=\"su-flex-column\" style=\"width: 7%;\"><\/div><\/div>\n<p>&nbsp;<\/p>\n<p>&nbsp;<\/p>\n<hr \/>\n<p>&nbsp;<\/p>\n<p>&nbsp;<\/p>\n<div class=\"su-flex-columns \" style=\"justify-content: space-between; align-items: stretch;\"><div class=\"su-flex-column\" style=\"width: 7%;\"><\/div><div class=\"su-flex-column\" style=\"width: 66%;\"><\/p>\n<h2 style=\"text-align: center;\"><span lang=\"FR-BE\">Emballages<\/span><\/h2>\n<p>Nous serons heureux de travailler pour vous en tant que distributeur. Pour cela, nous disposons de diff\u00e9rentes bo\u00eetes en vrac. Vous souhaitez plut\u00f4t devenir distributeur de notre marque ? Dans ce cas, vous pouvez acheter nos emballages Confidas destin\u00e9s aux consommateurs. Vous avez vos propres <a href=\"http:\/\/b2b.confidas.com\/fr\/emballages\/\">emballages<\/a> et vous souhaitez que nous les remplissions pour vous ? C\u2019est possible \u00e9galement.<\/p>\n<p style=\"text-align: center;\"><a href=\"\/fr\/emballages\/\" class=\"btn type-1\" target=\"_self\"><span><span lang=\"FR-BE\">D\u00e9couvrez nos possibilit\u00e9s d&#8217;emballage<\/span><\/span><\/a><\/p>\n<p><\/div><div class=\"su-flex-column\" style=\"width: 7%;\"><\/div><\/div>\n<p>&nbsp;<\/p>\n<p>&nbsp;<\/p>\n<p>&nbsp;<\/p>\n<hr \/>\n<p>&nbsp;<\/p>\n<section class='bg-section left'><div class='bg' style='background-image: url(\/wp-content\/uploads\/2019\/03\/pear.jpg);'><\/div><span style='color: #0B2F36;'><\/p>\n<p><div class=\"su-flex-columns \" style=\"justify-content: space-between; align-items: stretch;\"><div class=\"su-flex-column\" style=\"width: 48%;\"><\/p>\n<p>&nbsp;<\/p>\n<p><\/div><div class=\"su-flex-column\" style=\"width: 51%;\"><\/p>\n<h2><span lang=\"FR-BE\">Plus d&rsquo;informations <\/span><\/h2>\n<p>Vous souhaitez en savoir plus sur nos assortiments ? Vous souhaitez devenir <a href=\"http:\/\/b2b.confidas.com\/fr\/contact\/\">distributeurde<\/a> cette d\u00e9licieuse confiserie ? Dans ce cas, compl\u00e9tez vos coordonn\u00e9es\u00a0ici. Nous vous contacterons d\u00e8s que possible.<\/p>\n<p><a href=\"\/fr\/contact\/\" class=\"btn type-1\" target=\"_self\"><span>Contact<\/span><\/a><\/p>\n<p><\/div><\/div><\/p>\n<p><\/span><\/section>\n\n","protected":false},"excerpt":{"rendered":"<p>&nbsp; &nbsp; &nbsp; &nbsp; &nbsp; &nbsp; &nbsp; &nbsp; &nbsp; &nbsp; &nbsp; &nbsp; &nbsp; &nbsp; &nbsp; &nbsp; &nbsp; &nbsp; &nbsp; &nbsp; &nbsp; &nbsp; &nbsp; &nbsp;<\/p>\n","protected":false},"author":1,"featured_media":0,"parent":0,"menu_order":0,"comment_status":"closed","ping_status":"closed","template":"","meta":{"_acf_changed":false,"footnotes":""},"class_list":["post-1908","page","type-page","status-publish","hentry"],"acf":[],"yoast_head":"<!-- This site is optimized with the Yoast SEO plugin v27.3 - https:\/\/yoast.com\/product\/yoast-seo-wordpress\/ -->\n<title>Go\u00fbtez la saveur des fruits purs dans nos collections de p\u00e2tes de fruits<\/title>\n<meta name=\"description\" content=\"D\u00e9couvrez nos diff\u00e9rents assortiments de p\u00e2tes de fruits authentiques. Des fruits classiques aux associations de saveurs surprenantes.\" \/>\n<meta name=\"robots\" content=\"index, follow, max-snippet:-1, max-image-preview:large, max-video-preview:-1\" \/>\n<link rel=\"canonical\" href=\"https:\/\/b2b.confidas.com\/fr\/produits\/\" \/>\n<meta property=\"og:locale\" content=\"fr_FR\" \/>\n<meta property=\"og:type\" content=\"article\" \/>\n<meta property=\"og:title\" content=\"Go\u00fbtez la saveur des fruits purs dans nos collections de p\u00e2tes de fruits\" \/>\n<meta property=\"og:description\" content=\"D\u00e9couvrez nos diff\u00e9rents assortiments de p\u00e2tes de fruits authentiques. Des fruits classiques aux associations de saveurs surprenantes.\" \/>\n<meta property=\"og:url\" content=\"https:\/\/b2b.confidas.com\/fr\/produits\/\" \/>\n<meta property=\"og:site_name\" content=\"B2B Confidas\" \/>\n<meta property=\"article:modified_time\" content=\"2020-10-08T07:24:03+00:00\" \/>\n<meta property=\"og:image\" content=\"http:\/\/b2b.confidas.com\/wp-content\/uploads\/2019\/04\/1_Classics_Fruits-_-Shapes-Sfeerbeeld.jpg\" \/>\n<meta name=\"twitter:card\" content=\"summary_large_image\" \/>\n<meta name=\"twitter:label1\" content=\"Dur\u00e9e de lecture estim\u00e9e\" \/>\n\t<meta name=\"twitter:data1\" content=\"4 minutes\" \/>\n<script type=\"application\/ld+json\" class=\"yoast-schema-graph\">{\"@context\":\"https:\\\/\\\/schema.org\",\"@graph\":[{\"@type\":\"WebPage\",\"@id\":\"https:\\\/\\\/b2b.confidas.com\\\/fr\\\/produits\\\/\",\"url\":\"https:\\\/\\\/b2b.confidas.com\\\/fr\\\/produits\\\/\",\"name\":\"Go\u00fbtez la saveur des fruits purs dans nos collections de p\u00e2tes de fruits\",\"isPartOf\":{\"@id\":\"https:\\\/\\\/b2b.confidas.com\\\/fr\\\/#website\"},\"primaryImageOfPage\":{\"@id\":\"https:\\\/\\\/b2b.confidas.com\\\/fr\\\/produits\\\/#primaryimage\"},\"image\":{\"@id\":\"https:\\\/\\\/b2b.confidas.com\\\/fr\\\/produits\\\/#primaryimage\"},\"thumbnailUrl\":\"http:\\\/\\\/b2b.confidas.com\\\/wp-content\\\/uploads\\\/2019\\\/04\\\/1_Classics_Fruits-_-Shapes-Sfeerbeeld.jpg\",\"datePublished\":\"2019-03-26T15:19:48+00:00\",\"dateModified\":\"2020-10-08T07:24:03+00:00\",\"description\":\"D\u00e9couvrez nos diff\u00e9rents assortiments de p\u00e2tes de fruits authentiques. Des fruits classiques aux associations de saveurs surprenantes.\",\"breadcrumb\":{\"@id\":\"https:\\\/\\\/b2b.confidas.com\\\/fr\\\/produits\\\/#breadcrumb\"},\"inLanguage\":\"fr-FR\",\"potentialAction\":[{\"@type\":\"ReadAction\",\"target\":[\"https:\\\/\\\/b2b.confidas.com\\\/fr\\\/produits\\\/\"]}]},{\"@type\":\"ImageObject\",\"inLanguage\":\"fr-FR\",\"@id\":\"https:\\\/\\\/b2b.confidas.com\\\/fr\\\/produits\\\/#primaryimage\",\"url\":\"http:\\\/\\\/b2b.confidas.com\\\/wp-content\\\/uploads\\\/2019\\\/04\\\/1_Classics_Fruits-_-Shapes-Sfeerbeeld.jpg\",\"contentUrl\":\"http:\\\/\\\/b2b.confidas.com\\\/wp-content\\\/uploads\\\/2019\\\/04\\\/1_Classics_Fruits-_-Shapes-Sfeerbeeld.jpg\"},{\"@type\":\"BreadcrumbList\",\"@id\":\"https:\\\/\\\/b2b.confidas.com\\\/fr\\\/produits\\\/#breadcrumb\",\"itemListElement\":[{\"@type\":\"ListItem\",\"position\":1,\"name\":\"Home\",\"item\":\"https:\\\/\\\/b2b.confidas.com\\\/fr\\\/\"},{\"@type\":\"ListItem\",\"position\":2,\"name\":\"Produits\"}]},{\"@type\":\"WebSite\",\"@id\":\"https:\\\/\\\/b2b.confidas.com\\\/fr\\\/#website\",\"url\":\"https:\\\/\\\/b2b.confidas.com\\\/fr\\\/\",\"name\":\"B2B Confidas\",\"description\":\"Confidas\",\"publisher\":{\"@id\":\"https:\\\/\\\/b2b.confidas.com\\\/fr\\\/#organization\"},\"potentialAction\":[{\"@type\":\"SearchAction\",\"target\":{\"@type\":\"EntryPoint\",\"urlTemplate\":\"https:\\\/\\\/b2b.confidas.com\\\/fr\\\/?s={search_term_string}\"},\"query-input\":{\"@type\":\"PropertyValueSpecification\",\"valueRequired\":true,\"valueName\":\"search_term_string\"}}],\"inLanguage\":\"fr-FR\"},{\"@type\":\"Organization\",\"@id\":\"https:\\\/\\\/b2b.confidas.com\\\/fr\\\/#organization\",\"name\":\"Confidas\",\"url\":\"https:\\\/\\\/b2b.confidas.com\\\/fr\\\/\",\"logo\":{\"@type\":\"ImageObject\",\"inLanguage\":\"fr-FR\",\"@id\":\"https:\\\/\\\/b2b.confidas.com\\\/fr\\\/#\\\/schema\\\/logo\\\/image\\\/\",\"url\":\"http:\\\/\\\/b2b.confidas.com\\\/wp-content\\\/uploads\\\/2019\\\/05\\\/Knipsel.jpg\",\"contentUrl\":\"http:\\\/\\\/b2b.confidas.com\\\/wp-content\\\/uploads\\\/2019\\\/05\\\/Knipsel.jpg\",\"width\":1904,\"height\":949,\"caption\":\"Confidas\"},\"image\":{\"@id\":\"https:\\\/\\\/b2b.confidas.com\\\/fr\\\/#\\\/schema\\\/logo\\\/image\\\/\"}}]}<\/script>\n<!-- \/ Yoast SEO plugin. -->","yoast_head_json":{"title":"Go\u00fbtez la saveur des fruits purs dans nos collections de p\u00e2tes de fruits","description":"D\u00e9couvrez nos diff\u00e9rents assortiments de p\u00e2tes de fruits authentiques. Des fruits classiques aux associations de saveurs surprenantes.","robots":{"index":"index","follow":"follow","max-snippet":"max-snippet:-1","max-image-preview":"max-image-preview:large","max-video-preview":"max-video-preview:-1"},"canonical":"https:\/\/b2b.confidas.com\/fr\/produits\/","og_locale":"fr_FR","og_type":"article","og_title":"Go\u00fbtez la saveur des fruits purs dans nos collections de p\u00e2tes de fruits","og_description":"D\u00e9couvrez nos diff\u00e9rents assortiments de p\u00e2tes de fruits authentiques. Des fruits classiques aux associations de saveurs surprenantes.","og_url":"https:\/\/b2b.confidas.com\/fr\/produits\/","og_site_name":"B2B Confidas","article_modified_time":"2020-10-08T07:24:03+00:00","og_image":[{"url":"http:\/\/b2b.confidas.com\/wp-content\/uploads\/2019\/04\/1_Classics_Fruits-_-Shapes-Sfeerbeeld.jpg","type":"","width":"","height":""}],"twitter_card":"summary_large_image","twitter_misc":{"Dur\u00e9e de lecture estim\u00e9e":"4 minutes"},"schema":{"@context":"https:\/\/schema.org","@graph":[{"@type":"WebPage","@id":"https:\/\/b2b.confidas.com\/fr\/produits\/","url":"https:\/\/b2b.confidas.com\/fr\/produits\/","name":"Go\u00fbtez la saveur des fruits purs dans nos collections de p\u00e2tes de fruits","isPartOf":{"@id":"https:\/\/b2b.confidas.com\/fr\/#website"},"primaryImageOfPage":{"@id":"https:\/\/b2b.confidas.com\/fr\/produits\/#primaryimage"},"image":{"@id":"https:\/\/b2b.confidas.com\/fr\/produits\/#primaryimage"},"thumbnailUrl":"http:\/\/b2b.confidas.com\/wp-content\/uploads\/2019\/04\/1_Classics_Fruits-_-Shapes-Sfeerbeeld.jpg","datePublished":"2019-03-26T15:19:48+00:00","dateModified":"2020-10-08T07:24:03+00:00","description":"D\u00e9couvrez nos diff\u00e9rents assortiments de p\u00e2tes de fruits authentiques. Des fruits classiques aux associations de saveurs surprenantes.","breadcrumb":{"@id":"https:\/\/b2b.confidas.com\/fr\/produits\/#breadcrumb"},"inLanguage":"fr-FR","potentialAction":[{"@type":"ReadAction","target":["https:\/\/b2b.confidas.com\/fr\/produits\/"]}]},{"@type":"ImageObject","inLanguage":"fr-FR","@id":"https:\/\/b2b.confidas.com\/fr\/produits\/#primaryimage","url":"http:\/\/b2b.confidas.com\/wp-content\/uploads\/2019\/04\/1_Classics_Fruits-_-Shapes-Sfeerbeeld.jpg","contentUrl":"http:\/\/b2b.confidas.com\/wp-content\/uploads\/2019\/04\/1_Classics_Fruits-_-Shapes-Sfeerbeeld.jpg"},{"@type":"BreadcrumbList","@id":"https:\/\/b2b.confidas.com\/fr\/produits\/#breadcrumb","itemListElement":[{"@type":"ListItem","position":1,"name":"Home","item":"https:\/\/b2b.confidas.com\/fr\/"},{"@type":"ListItem","position":2,"name":"Produits"}]},{"@type":"WebSite","@id":"https:\/\/b2b.confidas.com\/fr\/#website","url":"https:\/\/b2b.confidas.com\/fr\/","name":"B2B Confidas","description":"Confidas","publisher":{"@id":"https:\/\/b2b.confidas.com\/fr\/#organization"},"potentialAction":[{"@type":"SearchAction","target":{"@type":"EntryPoint","urlTemplate":"https:\/\/b2b.confidas.com\/fr\/?s={search_term_string}"},"query-input":{"@type":"PropertyValueSpecification","valueRequired":true,"valueName":"search_term_string"}}],"inLanguage":"fr-FR"},{"@type":"Organization","@id":"https:\/\/b2b.confidas.com\/fr\/#organization","name":"Confidas","url":"https:\/\/b2b.confidas.com\/fr\/","logo":{"@type":"ImageObject","inLanguage":"fr-FR","@id":"https:\/\/b2b.confidas.com\/fr\/#\/schema\/logo\/image\/","url":"http:\/\/b2b.confidas.com\/wp-content\/uploads\/2019\/05\/Knipsel.jpg","contentUrl":"http:\/\/b2b.confidas.com\/wp-content\/uploads\/2019\/05\/Knipsel.jpg","width":1904,"height":949,"caption":"Confidas"},"image":{"@id":"https:\/\/b2b.confidas.com\/fr\/#\/schema\/logo\/image\/"}}]}},"_links":{"self":[{"href":"https:\/\/b2b.confidas.com\/fr\/wp-json\/wp\/v2\/pages\/1908","targetHints":{"allow":["GET"]}}],"collection":[{"href":"https:\/\/b2b.confidas.com\/fr\/wp-json\/wp\/v2\/pages"}],"about":[{"href":"https:\/\/b2b.confidas.com\/fr\/wp-json\/wp\/v2\/types\/page"}],"author":[{"embeddable":true,"href":"https:\/\/b2b.confidas.com\/fr\/wp-json\/wp\/v2\/users\/1"}],"replies":[{"embeddable":true,"href":"https:\/\/b2b.confidas.com\/fr\/wp-json\/wp\/v2\/comments?post=1908"}],"version-history":[{"count":5,"href":"https:\/\/b2b.confidas.com\/fr\/wp-json\/wp\/v2\/pages\/1908\/revisions"}],"predecessor-version":[{"id":2892,"href":"https:\/\/b2b.confidas.com\/fr\/wp-json\/wp\/v2\/pages\/1908\/revisions\/2892"}],"wp:attachment":[{"href":"https:\/\/b2b.confidas.com\/fr\/wp-json\/wp\/v2\/media?parent=1908"}],"curies":[{"name":"wp","href":"https:\/\/api.w.org\/{rel}","templated":true}]}}