{"id":1921,"date":"2019-03-26T14:36:35","date_gmt":"2019-03-26T13:36:35","guid":{"rendered":"http:\/\/b2b.confidas.com\/produits\/classics-assortiment\/"},"modified":"2019-05-20T13:54:02","modified_gmt":"2019-05-20T11:54:02","slug":"assortiment-classics","status":"publish","type":"page","link":"https:\/\/b2b.confidas.com\/fr\/produits\/assortiment-classics\/","title":{"rendered":"Classics"},"content":{"rendered":"<div class=\"su-flex-columns \" style=\"justify-content: space-between; align-items: stretch;\"><div class=\"su-flex-column\" style=\"width: 7%;\"><\/div><div class=\"su-flex-column\" style=\"width: 66%;\"><\/p>\n<h4 style=\"text-align: center;\">P\u00e2tes de fruits<\/h4>\n<h2 style=\"text-align: center;\">Assortiment Classics<\/h2>\n<p>Nos Classics constituent la source d&rsquo;inspiration de toutes nos p\u00e2tes de fruits. Vous trouverez ici nos Classics Fruits, dont la forme vous permettra de reconna\u00eetre imm\u00e9diatement la saveur. Des mini-fruits aux gros fruits, vous d\u00e9cidez vous-m\u00eame de ceux que vous voulez inclure dans votre assortiment. Les cubes, carr\u00e9s, lingots et pastilles traditionnels font \u00e9galement partie de cet assortiment. D\u00e9couvrez toutes les formes et saveurs de nos Classics Shapes. Conseil\u00a0: vous voulez des couleurs et des saveurs de fruits tr\u00e8s intenses ? Dans ce cas, optez pour notre recette contenant 70\u00a0% de fruits.<\/p>\n<p>&nbsp;<\/p>\n<hr \/>\n<h2>\u00a0<\/h2>\n<h3 style=\"text-align: center;\">Fruits<\/h3>\n<p><div class=\"eds-animate edsanimate-sis-hidden \" data-eds-entry-animation=\"slideInUp\" data-eds-entry-delay=\"0\" data-eds-entry-duration=\"0.5\" data-eds-entry-timing=\"linear\" data-eds-exit-animation=\"\" data-eds-exit-delay=\"\" data-eds-exit-duration=\"\" data-eds-exit-timing=\"\" data-eds-repeat-count=\"1\" data-eds-keep=\"yes\" data-eds-animate-on=\"scroll\" data-eds-scroll-offset=\"5\"><img loading=\"lazy\" decoding=\"async\" class=\"alignnone size-full wp-image-1049\" src=\"http:\/\/b2b.confidas.com\/wp-content\/uploads\/2019\/04\/classic-fruit2.jpg\" alt=\"\" width=\"1200\" height=\"546\" srcset=\"https:\/\/b2b.confidas.com\/wp-content\/uploads\/2019\/04\/classic-fruit2.jpg 1200w, https:\/\/b2b.confidas.com\/wp-content\/uploads\/2019\/04\/classic-fruit2-300x137.jpg 300w, https:\/\/b2b.confidas.com\/wp-content\/uploads\/2019\/04\/classic-fruit2-768x349.jpg 768w, https:\/\/b2b.confidas.com\/wp-content\/uploads\/2019\/04\/classic-fruit2-1024x466.jpg 1024w, https:\/\/b2b.confidas.com\/wp-content\/uploads\/2019\/04\/classic-fruit2-593x270.jpg 593w\" sizes=\"auto, (max-width: 1200px) 100vw, 1200px\" \/><\/p>\n<p><\/div><\/p>\n<p><span lang=\"FR-BE\">Notre assortiment Fruits se compose de p\u00e2tes de fruits qui ont \u00e9t\u00e9 fa\u00e7onn\u00e9es \u00e0 l&rsquo;image du fruit \u00e0 partir duquel elles sont faites. Vous avez le choix entre les formats de fruits \u00ab\u00a0mini\u00a0\u00bb, \u00ab\u00a0petit\u00a0\u00bb, \u00ab\u00a0demi\u00a0\u00bb et \u00ab\u00a0gros\u00a0\u00bb. Les saveurs de cette collection sont, entre autres la framboise, la poire, la fraise et l&rsquo;abricot.<\/span><\/p>\n<p style=\"text-align: center;\"><a href=\"\/fr\/produits\/assortiment-classics\/classics-fruits-assortiment\/\" class=\"btn type-1\" target=\"_self\"><span><span style=\"font-weight: 400;\">D\u00e9couvrez tous les Classic Fruits<\/span><\/span><\/a><\/p>\n<p>&nbsp;<\/p>\n<hr \/>\n<h2>\u00a0<\/h2>\n<h3 style=\"text-align: center;\">Shapes<\/h3>\n<p><div class=\"eds-animate edsanimate-sis-hidden \" data-eds-entry-animation=\"slideInUp\" data-eds-entry-delay=\"0\" data-eds-entry-duration=\"0.5\" data-eds-entry-timing=\"linear\" data-eds-exit-animation=\"\" data-eds-exit-delay=\"\" data-eds-exit-duration=\"\" data-eds-exit-timing=\"\" data-eds-repeat-count=\"1\" data-eds-keep=\"yes\" data-eds-animate-on=\"scroll\" data-eds-scroll-offset=\"5\"><\/p>\n<p><img loading=\"lazy\" decoding=\"async\" class=\"alignnone size-full wp-image-1050\" src=\"http:\/\/b2b.confidas.com\/wp-content\/uploads\/2019\/04\/classic-shapes2.jpg\" alt=\"\" width=\"1200\" height=\"546\" srcset=\"https:\/\/b2b.confidas.com\/wp-content\/uploads\/2019\/04\/classic-shapes2.jpg 1200w, https:\/\/b2b.confidas.com\/wp-content\/uploads\/2019\/04\/classic-shapes2-300x137.jpg 300w, https:\/\/b2b.confidas.com\/wp-content\/uploads\/2019\/04\/classic-shapes2-768x349.jpg 768w, https:\/\/b2b.confidas.com\/wp-content\/uploads\/2019\/04\/classic-shapes2-1024x466.jpg 1024w, https:\/\/b2b.confidas.com\/wp-content\/uploads\/2019\/04\/classic-shapes2-593x270.jpg 593w\" sizes=\"auto, (max-width: 1200px) 100vw, 1200px\" \/><\/p>\n<p><\/div><\/p>\n<p><span lang=\"FR-BE\">Des p\u00e2tes de fruits de formes diff\u00e9rentes, c\u2019est ce que vous propose l\u2019assortiment Shapes. De nos cubes et carr\u00e9s encore d\u00e9coup\u00e9s \u00e0 la main aux pastilles, en passant par les lingots. Dans cette collection aussi, vous retrouvez des saveurs comme la framboise, la poire et l\u2019abricot.<\/span><\/p>\n<p style=\"text-align: center;\"><a href=\"\/fr\/produits\/assortiment-classics\/classics-shapes-assortiment\/\" class=\"btn type-1\" target=\"_self\"><span><span style=\"font-weight: 400;\">D\u00e9couvrez tous les Classic Shapes<\/span><\/span><\/a><\/p>\n<p><\/div><div class=\"su-flex-column\" style=\"width: 7%;\"><\/div><\/div>\n<p>&nbsp;<\/p>\n<hr \/>\n<p>&nbsp;<\/p>\n<p>&nbsp;<\/p>\n<div class=\"su-flex-columns \" style=\"justify-content: space-between; align-items: stretch;\"><div class=\"su-flex-column\" style=\"width: 7%;\"><\/div><div class=\"su-flex-column\" style=\"width: 66%;\"><\/p>\n<h2 style=\"text-align: center;\"><span lang=\"FR-BE\"><span lang=\"FR\">Emballages<\/span><\/span><\/h2>\n<p>Nous serons heureux de travailler pour vous en tant que distributeur. Dans ce cas, nous vous livrons les p\u00e2tes de fruits dans des bo\u00eetes en vrac ou dans nos emballages pratiques destin\u00e9s aux consommateurs. Vous souhaitez plut\u00f4t devenir distributeur de notre marque ? Dans ce cas, vous pouvez acheter nos emballages Confidas destin\u00e9s aux consommateurs. Vous avez vos propres <a href=\"http:\/\/b2b.confidas.com\/fr\/emballages\/\">emballageset<\/a> vous souhaitez que nous les remplissions pour vous ? C\u2019est possible \u00e9galement.<\/p>\n<p style=\"text-align: center;\"><a href=\"\/fr\/emballages\/\" class=\"btn type-1\" target=\"_self\"><span><span lang=\"FR-BE\">D\u00e9couvrez nos possibilit\u00e9s d&#8217;emballage<\/span><\/span><\/a><\/p>\n<p><\/div><div class=\"su-flex-column\" style=\"width: 7%;\"><\/div><\/div>\n<p>&nbsp;<\/p>\n<p>&nbsp;<\/p>\n<hr \/>\n<p>&nbsp;<\/p>\n<section class='bg-section left'><div class='bg' style='background-image: url(\/wp-content\/uploads\/2019\/05\/8_Ingredienten.jpg);'><\/div><span style='color: #0B2F36;'><\/p>\n<p><div class=\"su-flex-columns \" style=\"justify-content: space-between; align-items: stretch;\"><div class=\"su-flex-column\" style=\"width: 48%;\"><\/p>\n<p>&nbsp;<\/p>\n<p><\/div><div class=\"su-flex-column\" style=\"width: 51%;\"><\/p>\n<h2><span lang=\"FR-BE\">Plus d&rsquo;informations sur les p\u00e2tes de fruits<\/span><\/h2>\n<p>Vous avez des questions sur nos irr\u00e9sistibles friandises ? N\u2019h\u00e9sitez pas \u00e0 nous\u00a0contacter. Vous aimeriez devenir distributeur ou vendre nosp\u00e2tes de fruitssous votre propre nom\u00a0? Dans ce cas, laissez-nous vos coordonn\u00e9es ici. Nous vous contacterons d\u00e8s que possible.<\/p>\n<p><a href=\"\/fr\/contact\/\" class=\"btn type-1\" target=\"_self\"><span>Contact<\/span><\/a><\/p>\n<p><\/div><\/div><\/p>\n<p><\/span><\/section>\n\n","protected":false},"excerpt":{"rendered":"<p>&nbsp; &nbsp; &nbsp; &nbsp; &nbsp; &nbsp;<\/p>\n","protected":false},"author":1,"featured_media":0,"parent":1908,"menu_order":0,"comment_status":"closed","ping_status":"closed","template":"","meta":{"_acf_changed":false,"footnotes":""},"class_list":["post-1921","page","type-page","status-publish","hentry"],"acf":[],"yoast_head":"<!-- This site is optimized with the Yoast SEO plugin v27.3 - https:\/\/yoast.com\/product\/yoast-seo-wordpress\/ -->\n<title>Assortiment Classics : savourez les p\u00e2tes de fruits classiques | Confidas<\/title>\n<meta name=\"description\" content=\"Nos p\u00e2tes de fruits authentiques ont le go\u00fbt des vrais fruits. De d\u00e9licieuses confiseries d\u00e9clin\u00e9es en diff\u00e9rents types et formes.\" \/>\n<meta name=\"robots\" content=\"index, follow, max-snippet:-1, max-image-preview:large, max-video-preview:-1\" \/>\n<link rel=\"canonical\" href=\"https:\/\/b2b.confidas.com\/fr\/produits\/assortiment-classics\/\" \/>\n<meta property=\"og:locale\" content=\"fr_FR\" \/>\n<meta property=\"og:type\" content=\"article\" \/>\n<meta property=\"og:title\" content=\"Assortiment Classics : savourez les p\u00e2tes de fruits classiques | Confidas\" \/>\n<meta property=\"og:description\" content=\"Nos p\u00e2tes de fruits authentiques ont le go\u00fbt des vrais fruits. De d\u00e9licieuses confiseries d\u00e9clin\u00e9es en diff\u00e9rents types et formes.\" \/>\n<meta property=\"og:url\" content=\"https:\/\/b2b.confidas.com\/fr\/produits\/assortiment-classics\/\" \/>\n<meta property=\"og:site_name\" content=\"B2B Confidas\" \/>\n<meta property=\"article:modified_time\" content=\"2019-05-20T11:54:02+00:00\" \/>\n<meta property=\"og:image\" content=\"http:\/\/b2b.confidas.com\/wp-content\/uploads\/2019\/04\/classic-fruit2.jpg\" \/>\n<meta name=\"twitter:card\" content=\"summary_large_image\" \/>\n<meta name=\"twitter:label1\" content=\"Dur\u00e9e de lecture estim\u00e9e\" \/>\n\t<meta name=\"twitter:data1\" content=\"2 minutes\" \/>\n<script type=\"application\/ld+json\" class=\"yoast-schema-graph\">{\"@context\":\"https:\\\/\\\/schema.org\",\"@graph\":[{\"@type\":\"WebPage\",\"@id\":\"https:\\\/\\\/b2b.confidas.com\\\/fr\\\/produits\\\/assortiment-classics\\\/\",\"url\":\"https:\\\/\\\/b2b.confidas.com\\\/fr\\\/produits\\\/assortiment-classics\\\/\",\"name\":\"Assortiment Classics : savourez les p\u00e2tes de fruits classiques | Confidas\",\"isPartOf\":{\"@id\":\"https:\\\/\\\/b2b.confidas.com\\\/fr\\\/#website\"},\"primaryImageOfPage\":{\"@id\":\"https:\\\/\\\/b2b.confidas.com\\\/fr\\\/produits\\\/assortiment-classics\\\/#primaryimage\"},\"image\":{\"@id\":\"https:\\\/\\\/b2b.confidas.com\\\/fr\\\/produits\\\/assortiment-classics\\\/#primaryimage\"},\"thumbnailUrl\":\"http:\\\/\\\/b2b.confidas.com\\\/wp-content\\\/uploads\\\/2019\\\/04\\\/classic-fruit2.jpg\",\"datePublished\":\"2019-03-26T13:36:35+00:00\",\"dateModified\":\"2019-05-20T11:54:02+00:00\",\"description\":\"Nos p\u00e2tes de fruits authentiques ont le go\u00fbt des vrais fruits. De d\u00e9licieuses confiseries d\u00e9clin\u00e9es en diff\u00e9rents types et formes.\",\"breadcrumb\":{\"@id\":\"https:\\\/\\\/b2b.confidas.com\\\/fr\\\/produits\\\/assortiment-classics\\\/#breadcrumb\"},\"inLanguage\":\"fr-FR\",\"potentialAction\":[{\"@type\":\"ReadAction\",\"target\":[\"https:\\\/\\\/b2b.confidas.com\\\/fr\\\/produits\\\/assortiment-classics\\\/\"]}]},{\"@type\":\"ImageObject\",\"inLanguage\":\"fr-FR\",\"@id\":\"https:\\\/\\\/b2b.confidas.com\\\/fr\\\/produits\\\/assortiment-classics\\\/#primaryimage\",\"url\":\"http:\\\/\\\/b2b.confidas.com\\\/wp-content\\\/uploads\\\/2019\\\/04\\\/classic-fruit2.jpg\",\"contentUrl\":\"http:\\\/\\\/b2b.confidas.com\\\/wp-content\\\/uploads\\\/2019\\\/04\\\/classic-fruit2.jpg\"},{\"@type\":\"BreadcrumbList\",\"@id\":\"https:\\\/\\\/b2b.confidas.com\\\/fr\\\/produits\\\/assortiment-classics\\\/#breadcrumb\",\"itemListElement\":[{\"@type\":\"ListItem\",\"position\":1,\"name\":\"Home\",\"item\":\"https:\\\/\\\/b2b.confidas.com\\\/fr\\\/\"},{\"@type\":\"ListItem\",\"position\":2,\"name\":\"Produits\",\"item\":\"https:\\\/\\\/b2b.confidas.com\\\/fr\\\/produits\\\/\"},{\"@type\":\"ListItem\",\"position\":3,\"name\":\"Classics\"}]},{\"@type\":\"WebSite\",\"@id\":\"https:\\\/\\\/b2b.confidas.com\\\/fr\\\/#website\",\"url\":\"https:\\\/\\\/b2b.confidas.com\\\/fr\\\/\",\"name\":\"B2B Confidas\",\"description\":\"Confidas\",\"publisher\":{\"@id\":\"https:\\\/\\\/b2b.confidas.com\\\/fr\\\/#organization\"},\"potentialAction\":[{\"@type\":\"SearchAction\",\"target\":{\"@type\":\"EntryPoint\",\"urlTemplate\":\"https:\\\/\\\/b2b.confidas.com\\\/fr\\\/?s={search_term_string}\"},\"query-input\":{\"@type\":\"PropertyValueSpecification\",\"valueRequired\":true,\"valueName\":\"search_term_string\"}}],\"inLanguage\":\"fr-FR\"},{\"@type\":\"Organization\",\"@id\":\"https:\\\/\\\/b2b.confidas.com\\\/fr\\\/#organization\",\"name\":\"Confidas\",\"url\":\"https:\\\/\\\/b2b.confidas.com\\\/fr\\\/\",\"logo\":{\"@type\":\"ImageObject\",\"inLanguage\":\"fr-FR\",\"@id\":\"https:\\\/\\\/b2b.confidas.com\\\/fr\\\/#\\\/schema\\\/logo\\\/image\\\/\",\"url\":\"http:\\\/\\\/b2b.confidas.com\\\/wp-content\\\/uploads\\\/2019\\\/05\\\/Knipsel.jpg\",\"contentUrl\":\"http:\\\/\\\/b2b.confidas.com\\\/wp-content\\\/uploads\\\/2019\\\/05\\\/Knipsel.jpg\",\"width\":1904,\"height\":949,\"caption\":\"Confidas\"},\"image\":{\"@id\":\"https:\\\/\\\/b2b.confidas.com\\\/fr\\\/#\\\/schema\\\/logo\\\/image\\\/\"}}]}<\/script>\n<!-- \/ Yoast SEO plugin. -->","yoast_head_json":{"title":"Assortiment Classics : savourez les p\u00e2tes de fruits classiques | Confidas","description":"Nos p\u00e2tes de fruits authentiques ont le go\u00fbt des vrais fruits. De d\u00e9licieuses confiseries d\u00e9clin\u00e9es en diff\u00e9rents types et formes.","robots":{"index":"index","follow":"follow","max-snippet":"max-snippet:-1","max-image-preview":"max-image-preview:large","max-video-preview":"max-video-preview:-1"},"canonical":"https:\/\/b2b.confidas.com\/fr\/produits\/assortiment-classics\/","og_locale":"fr_FR","og_type":"article","og_title":"Assortiment Classics : savourez les p\u00e2tes de fruits classiques | Confidas","og_description":"Nos p\u00e2tes de fruits authentiques ont le go\u00fbt des vrais fruits. De d\u00e9licieuses confiseries d\u00e9clin\u00e9es en diff\u00e9rents types et formes.","og_url":"https:\/\/b2b.confidas.com\/fr\/produits\/assortiment-classics\/","og_site_name":"B2B Confidas","article_modified_time":"2019-05-20T11:54:02+00:00","og_image":[{"url":"http:\/\/b2b.confidas.com\/wp-content\/uploads\/2019\/04\/classic-fruit2.jpg","type":"","width":"","height":""}],"twitter_card":"summary_large_image","twitter_misc":{"Dur\u00e9e de lecture estim\u00e9e":"2 minutes"},"schema":{"@context":"https:\/\/schema.org","@graph":[{"@type":"WebPage","@id":"https:\/\/b2b.confidas.com\/fr\/produits\/assortiment-classics\/","url":"https:\/\/b2b.confidas.com\/fr\/produits\/assortiment-classics\/","name":"Assortiment Classics : savourez les p\u00e2tes de fruits classiques | Confidas","isPartOf":{"@id":"https:\/\/b2b.confidas.com\/fr\/#website"},"primaryImageOfPage":{"@id":"https:\/\/b2b.confidas.com\/fr\/produits\/assortiment-classics\/#primaryimage"},"image":{"@id":"https:\/\/b2b.confidas.com\/fr\/produits\/assortiment-classics\/#primaryimage"},"thumbnailUrl":"http:\/\/b2b.confidas.com\/wp-content\/uploads\/2019\/04\/classic-fruit2.jpg","datePublished":"2019-03-26T13:36:35+00:00","dateModified":"2019-05-20T11:54:02+00:00","description":"Nos p\u00e2tes de fruits authentiques ont le go\u00fbt des vrais fruits. De d\u00e9licieuses confiseries d\u00e9clin\u00e9es en diff\u00e9rents types et formes.","breadcrumb":{"@id":"https:\/\/b2b.confidas.com\/fr\/produits\/assortiment-classics\/#breadcrumb"},"inLanguage":"fr-FR","potentialAction":[{"@type":"ReadAction","target":["https:\/\/b2b.confidas.com\/fr\/produits\/assortiment-classics\/"]}]},{"@type":"ImageObject","inLanguage":"fr-FR","@id":"https:\/\/b2b.confidas.com\/fr\/produits\/assortiment-classics\/#primaryimage","url":"http:\/\/b2b.confidas.com\/wp-content\/uploads\/2019\/04\/classic-fruit2.jpg","contentUrl":"http:\/\/b2b.confidas.com\/wp-content\/uploads\/2019\/04\/classic-fruit2.jpg"},{"@type":"BreadcrumbList","@id":"https:\/\/b2b.confidas.com\/fr\/produits\/assortiment-classics\/#breadcrumb","itemListElement":[{"@type":"ListItem","position":1,"name":"Home","item":"https:\/\/b2b.confidas.com\/fr\/"},{"@type":"ListItem","position":2,"name":"Produits","item":"https:\/\/b2b.confidas.com\/fr\/produits\/"},{"@type":"ListItem","position":3,"name":"Classics"}]},{"@type":"WebSite","@id":"https:\/\/b2b.confidas.com\/fr\/#website","url":"https:\/\/b2b.confidas.com\/fr\/","name":"B2B Confidas","description":"Confidas","publisher":{"@id":"https:\/\/b2b.confidas.com\/fr\/#organization"},"potentialAction":[{"@type":"SearchAction","target":{"@type":"EntryPoint","urlTemplate":"https:\/\/b2b.confidas.com\/fr\/?s={search_term_string}"},"query-input":{"@type":"PropertyValueSpecification","valueRequired":true,"valueName":"search_term_string"}}],"inLanguage":"fr-FR"},{"@type":"Organization","@id":"https:\/\/b2b.confidas.com\/fr\/#organization","name":"Confidas","url":"https:\/\/b2b.confidas.com\/fr\/","logo":{"@type":"ImageObject","inLanguage":"fr-FR","@id":"https:\/\/b2b.confidas.com\/fr\/#\/schema\/logo\/image\/","url":"http:\/\/b2b.confidas.com\/wp-content\/uploads\/2019\/05\/Knipsel.jpg","contentUrl":"http:\/\/b2b.confidas.com\/wp-content\/uploads\/2019\/05\/Knipsel.jpg","width":1904,"height":949,"caption":"Confidas"},"image":{"@id":"https:\/\/b2b.confidas.com\/fr\/#\/schema\/logo\/image\/"}}]}},"_links":{"self":[{"href":"https:\/\/b2b.confidas.com\/fr\/wp-json\/wp\/v2\/pages\/1921","targetHints":{"allow":["GET"]}}],"collection":[{"href":"https:\/\/b2b.confidas.com\/fr\/wp-json\/wp\/v2\/pages"}],"about":[{"href":"https:\/\/b2b.confidas.com\/fr\/wp-json\/wp\/v2\/types\/page"}],"author":[{"embeddable":true,"href":"https:\/\/b2b.confidas.com\/fr\/wp-json\/wp\/v2\/users\/1"}],"replies":[{"embeddable":true,"href":"https:\/\/b2b.confidas.com\/fr\/wp-json\/wp\/v2\/comments?post=1921"}],"version-history":[{"count":5,"href":"https:\/\/b2b.confidas.com\/fr\/wp-json\/wp\/v2\/pages\/1921\/revisions"}],"predecessor-version":[{"id":1928,"href":"https:\/\/b2b.confidas.com\/fr\/wp-json\/wp\/v2\/pages\/1921\/revisions\/1928"}],"up":[{"embeddable":true,"href":"https:\/\/b2b.confidas.com\/fr\/wp-json\/wp\/v2\/pages\/1908"}],"wp:attachment":[{"href":"https:\/\/b2b.confidas.com\/fr\/wp-json\/wp\/v2\/media?parent=1921"}],"curies":[{"name":"wp","href":"https:\/\/api.w.org\/{rel}","templated":true}]}}