{"id":1972,"date":"2019-03-26T16:16:03","date_gmt":"2019-03-26T15:16:03","guid":{"rendered":"http:\/\/b2b.confidas.com\/produits\/creations-assortiment\/"},"modified":"2019-05-15T09:00:05","modified_gmt":"2019-05-15T07:00:05","slug":"assortiment-creations","status":"publish","type":"page","link":"https:\/\/b2b.confidas.com\/fr\/produits\/assortiment-creations\/","title":{"rendered":"Creations"},"content":{"rendered":"<div class=\"su-flex-columns \" style=\"justify-content: space-between; align-items: stretch;\"><div class=\"su-flex-column\" style=\"width: 7%;\"><\/div><div class=\"su-flex-column\" style=\"width: 66%;\"><\/p>\n<h4 style=\"text-align: center;\">P\u00e2tes de fruits<\/h4>\n<h2 style=\"text-align: center;\"><b><span lang=\"FR-BE\">Assortiment Cr\u00e9ations<\/span><\/b><\/h2>\n<p><div class=\"eds-animate edsanimate-sis-hidden \" data-eds-entry-animation=\"slideInUp\" data-eds-entry-delay=\"0\" data-eds-entry-duration=\"0.5\" data-eds-entry-timing=\"linear\" data-eds-exit-animation=\"\" data-eds-exit-delay=\"\" data-eds-exit-duration=\"\" data-eds-exit-timing=\"\" data-eds-repeat-count=\"1\" data-eds-keep=\"yes\" data-eds-animate-on=\"scroll\" data-eds-scroll-offset=\"5\"><\/p>\n<p><img loading=\"lazy\" decoding=\"async\" class=\"alignnone size-full wp-image-1093\" src=\"http:\/\/b2b.confidas.com\/wp-content\/uploads\/2019\/05\/creations.jpg\" alt=\"\" width=\"1200\" height=\"546\" srcset=\"https:\/\/b2b.confidas.com\/wp-content\/uploads\/2019\/05\/creations.jpg 1200w, https:\/\/b2b.confidas.com\/wp-content\/uploads\/2019\/05\/creations-300x137.jpg 300w, https:\/\/b2b.confidas.com\/wp-content\/uploads\/2019\/05\/creations-768x349.jpg 768w, https:\/\/b2b.confidas.com\/wp-content\/uploads\/2019\/05\/creations-1024x466.jpg 1024w, https:\/\/b2b.confidas.com\/wp-content\/uploads\/2019\/05\/creations-593x270.jpg 593w\" sizes=\"auto, (max-width: 1200px) 100vw, 1200px\" \/><\/p>\n<p><\/div><br \/>\nVous \u00eates un amateur inconditionnel de p\u00e2tes de fruits ? Ou vous \u00eates toujours \u00e0 l&rsquo;aff\u00fbt de la toute derni\u00e8re nouveaut\u00e9 ? Dans ce cas, notre assortiment Creations est fait pour vous. Laissez-vous s\u00e9duire par des combinaisons de fruits surprenantes dans notre collection de doubles saveurs. Mangue et ananas, poire et framboise. Faites d\u00e9filer vers le bas et d\u00e9couvrez-les toutes. Notre collection de pastilles de chocolat vous permettra de d\u00e9couvrir l&rsquo;\u00e9quilibre parfait entre un chocolat d\u00e9licieusement croquant et la saveur douce et intense des fruits. Tous nos produits Creations ont une teneur en fruits de 70\u00a0%. Ou l\u2019art de savourer avec un grand S.<\/p>\n<p><\/div><div class=\"su-flex-column\" style=\"width: 7%;\"><\/div><\/div>\n<div class=\"su-flex-columns \" style=\"justify-content: space-between; align-items: stretch;\"><div class=\"su-flex-column\" style=\"width: 7%;\"><\/div><div class=\"su-flex-column\" style=\"width: 66%;\"><\/p>\n<h3>\u00a0<\/h3>\n<h3 style=\"text-align: center;\"><span lang=\"FR-BE\">Double Saveurs<\/span><\/h3>\n<h3 style=\"text-align: center;\">\u00a0\u00a0<\/h3>\n<p><\/div><div class=\"su-flex-column\" style=\"width: 7%;\"><\/div><\/div>\n<style type=\"text\/css\">\n#foogallery-gallery-772.fg-simple_portfolio { justify-content: center; --fg-gutter: 20px; }\n#foogallery-gallery-772.fg-simple_portfolio .fg-item { flex-basis: 106px; }<\/style>\n\t\t\t<div class=\"foogallery foogallery-container foogallery-simple_portfolio foogallery-lightbox-foobox fg-simple_portfolio fg-ready fg-light fg-loaded-fade-in fg-caption-always fg-hover-fade fg-debug fg-caption-always\" id=\"foogallery-gallery-772\" data-foogallery=\"{&quot;item&quot;:{&quot;showCaptionTitle&quot;:true,&quot;showCaptionDescription&quot;:true},&quot;lazy&quot;:false,&quot;src&quot;:&quot;src&quot;,&quot;srcset&quot;:&quot;srcset&quot;}\" style=\"--fg-title-line-clamp: 0; --fg-description-line-clamp: 0;\" >\n\t<div class=\"fg-item fg-type-image fg-loaded\"><figure class=\"fg-item-inner\"><a href=\"https:\/\/b2b.confidas.com\/wp-content\/uploads\/2019\/04\/Creations_Duo-Pineapple_Mango_17g-2.jpg\" data-caption-title=\"Ananas Mangue\" data-attachment-id=\"1810\" class=\"foogallery-thumb fg-thumb\" data-type=\"image\"><span class=\"fg-image-wrap\"><img decoding=\"async\" src=\"https:\/\/b2b.confidas.com\/wp-content\/uploads\/cache\/2019\/04\/Creations_Duo-Pineapple_Mango_17g-2\/506828415.jpg\" alt=\"Confidas Vegan Fruits Jelly Pineapple and Mango\" title=\"Ananas Mangue\" class=\"bf-img skip-lazy fg-image\" height=\"106\" width=\"106\" loading=\"eager\"><\/span><span class=\"fg-image-overlay\"><\/span><\/a><figcaption class=\"fg-caption\"><div class=\"fg-caption-inner\"><div class=\"fg-caption-title\">Ananas Mangue<\/div><\/div><\/figcaption><\/figure><div class=\"fg-loader\"><\/div><\/div><div class=\"fg-item fg-type-image fg-loaded\"><figure class=\"fg-item-inner\"><a href=\"https:\/\/b2b.confidas.com\/wp-content\/uploads\/2019\/04\/Creations_Duo-Strawberry_Apricot_17g-2.jpg\" data-caption-title=\"Fraise Abricot\" data-attachment-id=\"1812\" class=\"foogallery-thumb fg-thumb\" data-type=\"image\"><span class=\"fg-image-wrap\"><img decoding=\"async\" src=\"https:\/\/b2b.confidas.com\/wp-content\/uploads\/cache\/2019\/04\/Creations_Duo-Strawberry_Apricot_17g-2\/953604979.jpg\" alt=\"Confidas Vegan Fruits Jelly Strawberry and Apricot\" title=\"Fraise Abricot\" class=\"bf-img skip-lazy fg-image\" height=\"106\" width=\"106\" loading=\"eager\"><\/span><span class=\"fg-image-overlay\"><\/span><\/a><figcaption class=\"fg-caption\"><div class=\"fg-caption-inner\"><div class=\"fg-caption-title\">Fraise Abricot<\/div><\/div><\/figcaption><\/figure><div class=\"fg-loader\"><\/div><\/div><div class=\"fg-item fg-type-image fg-loaded\"><figure class=\"fg-item-inner\"><a href=\"https:\/\/b2b.confidas.com\/wp-content\/uploads\/2019\/04\/Creations_Duo-Kers_kriek_17g-2.jpg\" data-caption-title=\"Griotte C\u00e9rise Noire\" data-attachment-id=\"1816\" class=\"foogallery-thumb fg-thumb\" data-type=\"image\"><span class=\"fg-image-wrap\"><img decoding=\"async\" src=\"https:\/\/b2b.confidas.com\/wp-content\/uploads\/cache\/2019\/04\/Creations_Duo-Kers_kriek_17g-2\/3624696257.jpg\" alt=\"Confidas Vegan Fruits Jelly Cherry\" title=\"Griotte C\u00e9rise Noire\" class=\"bf-img skip-lazy fg-image\" height=\"106\" width=\"106\" loading=\"eager\"><\/span><span class=\"fg-image-overlay\"><\/span><\/a><figcaption class=\"fg-caption\"><div class=\"fg-caption-inner\"><div class=\"fg-caption-title\">Griotte C\u00e9rise Noire<\/div><\/div><\/figcaption><\/figure><div class=\"fg-loader\"><\/div><\/div><div class=\"fg-item fg-type-image fg-loaded\"><figure class=\"fg-item-inner\"><a href=\"https:\/\/b2b.confidas.com\/wp-content\/uploads\/2019\/04\/Creations_Duo-Raspberry_Pear_17g-2.jpg\" data-caption-title=\"Framboise Poire\" data-attachment-id=\"1814\" class=\"foogallery-thumb fg-thumb\" data-type=\"image\"><span class=\"fg-image-wrap\"><img decoding=\"async\" src=\"https:\/\/b2b.confidas.com\/wp-content\/uploads\/cache\/2019\/04\/Creations_Duo-Raspberry_Pear_17g-2\/3729167975.jpg\" alt=\"Confidas Vegan Fruits Jelly Raspberry and Pear\" title=\"Framboise Poire\" class=\"bf-img skip-lazy fg-image\" height=\"106\" width=\"106\" loading=\"eager\"><\/span><span class=\"fg-image-overlay\"><\/span><\/a><figcaption class=\"fg-caption\"><div class=\"fg-caption-inner\"><div class=\"fg-caption-title\">Framboise Poire<\/div><\/div><\/figcaption><\/figure><div class=\"fg-loader\"><\/div><\/div><div class=\"fg-item fg-type-image fg-loaded\"><figure class=\"fg-item-inner\"><a href=\"https:\/\/b2b.confidas.com\/wp-content\/uploads\/2019\/04\/Confidas-Vegan-Fruits-Jelly-Mandarin-and-Blackcurrent.png\" data-caption-title=\"Mandarine Cassis\" data-attachment-id=\"3260\" class=\"foogallery-thumb fg-thumb\" data-type=\"image\"><span class=\"fg-image-wrap\"><img decoding=\"async\" src=\"https:\/\/b2b.confidas.com\/wp-content\/uploads\/cache\/2019\/04\/Confidas-Vegan-Fruits-Jelly-Mandarin-and-Blackcurrent\/1904875709.png\" alt=\"Confidas-Vegan-Fruits-Jelly-Mandarin-and-Blackcurrent\" title=\"Mandarine Cassis\" class=\"bf-img skip-lazy fg-image\" height=\"106\" width=\"106\" loading=\"eager\"><\/span><span class=\"fg-image-overlay\"><\/span><\/a><figcaption class=\"fg-caption\"><div class=\"fg-caption-inner\"><div class=\"fg-caption-title\">Mandarine Cassis<\/div><\/div><\/figcaption><\/figure><div class=\"fg-loader\"><\/div><\/div><\/div><!-- FooGallery Debug Info : Start\r\n\r\nID => 772\r\nTemplate => simple_portfolio\r\nDatasource => media_library\r\n\r\nFooGallery Settings\r\n===================\r\nfoogallery_items_view => manage\r\nsimple_portfolio_align => center\r\nsimple_portfolio_gutter => 20\r\nsimple_portfolio_hover_effect_caption_visibility => fg-caption-always\r\nsimple_portfolio_hover_effect_transition => fg-hover-fade\r\nsimple_portfolio_hover_effect_type => normal\r\nsimple_portfolio_lazyload => disabled\r\nsimple_portfolio_lightbox => foobox\r\nsimple_portfolio_loaded_effect => fg-loaded-fade-in\r\nsimple_portfolio_theme => fg-light\r\nsimple_portfolio_thumbnail_dimensions => \r\n   width => 106\r\n   height => 106\r\nsimple_portfolio_thumbnail_link => image\r\n\r\nAttachment Info\r\n===============\r\n1810 => \r\n   url => https:\/\/b2b.confidas.com\/wp-content\/uploads\/2019\/04\/Creations_Duo-Pineapple_Mango_17g-2.jpg\r\n   type => image\r\n   width => 106\r\n   height => 106\r\n1812 => \r\n   url => https:\/\/b2b.confidas.com\/wp-content\/uploads\/2019\/04\/Creations_Duo-Strawberry_Apricot_17g-2.jpg\r\n   type => image\r\n   width => 106\r\n   height => 106\r\n1816 => \r\n   url => https:\/\/b2b.confidas.com\/wp-content\/uploads\/2019\/04\/Creations_Duo-Kers_kriek_17g-2.jpg\r\n   type => image\r\n   width => 106\r\n   height => 106\r\n1814 => \r\n   url => https:\/\/b2b.confidas.com\/wp-content\/uploads\/2019\/04\/Creations_Duo-Raspberry_Pear_17g-2.jpg\r\n   type => image\r\n   width => 106\r\n   height => 106\r\n3260 => \r\n   url => https:\/\/b2b.confidas.com\/wp-content\/uploads\/2019\/04\/Confidas-Vegan-Fruits-Jelly-Mandarin-and-Blackcurrent.png\r\n   type => image\r\n   width => 106\r\n   height => 106\r\n\r\nFooGallery Debug Info : End -->\n<p>&nbsp;<\/p>\n<div class=\"su-flex-columns \" style=\"justify-content: space-between; align-items: stretch;\"><div class=\"su-flex-column\" style=\"width: 7%;\"><\/div><div class=\"su-flex-column\" style=\"width: 66%;\"><\/p>\n<h3 style=\"text-align: center;\">Choco Fruit<\/h3>\n<p>&nbsp;<\/p>\n<p><\/div><div class=\"su-flex-column\" style=\"width: 7%;\"><\/div><\/div>\n<style type=\"text\/css\">\n#foogallery-gallery-771.fg-simple_portfolio { justify-content: center; --fg-gutter: 20px; }\n#foogallery-gallery-771.fg-simple_portfolio .fg-item { flex-basis: 106px; }<\/style>\n\t\t\t<div class=\"foogallery foogallery-container foogallery-simple_portfolio foogallery-lightbox-foobox fg-simple_portfolio fg-ready fg-light fg-loaded-fade-in fg-caption-always fg-hover-fade fg-debug fg-caption-always\" id=\"foogallery-gallery-771\" data-foogallery=\"{&quot;item&quot;:{&quot;showCaptionTitle&quot;:true,&quot;showCaptionDescription&quot;:true},&quot;lazy&quot;:false,&quot;src&quot;:&quot;src&quot;,&quot;srcset&quot;:&quot;srcset&quot;}\" style=\"--fg-title-line-clamp: 0; --fg-description-line-clamp: 0;\" >\n\t<div class=\"fg-item fg-type-image fg-loaded\"><figure class=\"fg-item-inner\"><a href=\"https:\/\/b2b.confidas.com\/wp-content\/uploads\/2019\/04\/12050100_Strawberry-white-chocolate_b.jpg\" data-caption-title=\"Fraise chocolate blanc\" data-attachment-id=\"3206\" class=\"foogallery-thumb fg-thumb\" data-type=\"image\"><span class=\"fg-image-wrap\"><img decoding=\"async\" src=\"https:\/\/b2b.confidas.com\/wp-content\/uploads\/cache\/2019\/04\/12050100_Strawberry-white-chocolate_b\/882368333.jpg\" alt=\"Confidas Fruit Jelly Strawberry and white chocolate\" title=\"Fraise chocolate blanc\" class=\"bf-img skip-lazy fg-image\" height=\"106\" width=\"106\" loading=\"eager\"><\/span><span class=\"fg-image-overlay\"><\/span><\/a><figcaption class=\"fg-caption\"><div class=\"fg-caption-inner\"><div class=\"fg-caption-title\">Fraise chocolate blanc<\/div><\/div><\/figcaption><\/figure><div class=\"fg-loader\"><\/div><\/div><div class=\"fg-item fg-type-image fg-loaded\"><figure class=\"fg-item-inner\"><a href=\"https:\/\/b2b.confidas.com\/wp-content\/uploads\/2019\/04\/12050101_Strawberry-milk-chocolate_b.jpg\" data-caption-title=\"Fraise chocolate au lait\" data-attachment-id=\"3209\" class=\"foogallery-thumb fg-thumb\" data-type=\"image\"><span class=\"fg-image-wrap\"><img decoding=\"async\" src=\"https:\/\/b2b.confidas.com\/wp-content\/uploads\/cache\/2019\/04\/12050101_Strawberry-milk-chocolate_b\/1184504624.jpg\" alt=\"Confidas Fruit Jelly Strawberry and Milk Chocolate\" title=\"Fraise chocolate au lait\" class=\"bf-img skip-lazy fg-image\" height=\"106\" width=\"106\" loading=\"eager\"><\/span><span class=\"fg-image-overlay\"><\/span><\/a><figcaption class=\"fg-caption\"><div class=\"fg-caption-inner\"><div class=\"fg-caption-title\">Fraise chocolate au lait<\/div><\/div><\/figcaption><\/figure><div class=\"fg-loader\"><\/div><\/div><\/div><!-- FooGallery Debug Info : Start\r\n\r\nID => 771\r\nTemplate => simple_portfolio\r\nDatasource => media_library\r\n\r\nFooGallery Settings\r\n===================\r\nfoogallery_items_view => manage\r\nsimple_portfolio_align => center\r\nsimple_portfolio_gutter => 20\r\nsimple_portfolio_hover_effect_caption_visibility => fg-caption-always\r\nsimple_portfolio_hover_effect_transition => fg-hover-fade\r\nsimple_portfolio_hover_effect_type => normal\r\nsimple_portfolio_lazyload => disabled\r\nsimple_portfolio_lightbox => foobox\r\nsimple_portfolio_loaded_effect => fg-loaded-fade-in\r\nsimple_portfolio_theme => fg-light\r\nsimple_portfolio_thumbnail_dimensions => \r\n   width => 106\r\n   height => 106\r\nsimple_portfolio_thumbnail_link => image\r\n\r\nAttachment Info\r\n===============\r\n3206 => \r\n   url => https:\/\/b2b.confidas.com\/wp-content\/uploads\/2019\/04\/12050100_Strawberry-white-chocolate_b.jpg\r\n   type => image\r\n   width => 106\r\n   height => 106\r\n3209 => \r\n   url => https:\/\/b2b.confidas.com\/wp-content\/uploads\/2019\/04\/12050101_Strawberry-milk-chocolate_b.jpg\r\n   type => image\r\n   width => 106\r\n   height => 106\r\n\r\nFooGallery Debug Info : End -->\n<p>&nbsp;<\/p>\n<p>&nbsp;<\/p>\n<p>&nbsp;<\/p>\n<hr \/>\n<p>&nbsp;<\/p>\n<p>&nbsp;<\/p>\n<div class=\"su-flex-columns \" style=\"justify-content: space-between; align-items: stretch;\"><div class=\"su-flex-column\" style=\"width: 7%;\"><\/div><div class=\"su-flex-column\" style=\"width: 66%;\"><\/p>\n<h2 style=\"text-align: center;\"><span lang=\"FR-BE\">Emballages<\/span><\/h2>\n<p>Vous souhaitez inclure nos produits Creations dans votre assortiment ? Nous vous livrons volontiers dans nos <a href=\"http:\/\/b2b.confidas.com\/fr\/emballages\/\">conditionnements en vrac<\/a>.Vous pr\u00e9f\u00e9rez un produit fini pr\u00eat pour le commerce de d\u00e9tail ou la revente ? Nous avons con\u00e7u plusieurs bo\u00eetes uniques permettant de pr\u00e9senter nos d\u00e9licieuses friandises au consommateur d\u2019une mani\u00e8re originale et \u00e9l\u00e9gante. Elles sont disponibles sous la marque Confidas ou sous votre propre marque.<\/p>\n<p style=\"text-align: center;\"><a href=\"\/fr\/emballages\/\" class=\"btn type-1\" target=\"_self\"><span><span lang=\"FR-BE\">D\u00e9couvrez nos possibilit\u00e9s d&#8217;emballage<\/span><\/span><\/a><\/p>\n<p><\/div><div class=\"su-flex-column\" style=\"width: 7%;\"><\/div><\/div>\n<p>&nbsp;<\/p>\n<p>&nbsp;<\/p>\n<hr \/>\n<p>&nbsp;<\/p>\n<section class='bg-section left'><div class='bg' style='background-image: url(\/wp-content\/uploads\/2019\/04\/fruit8-e1557732532951.jpg);'><\/div><span style='color: #0B2F36;'><\/p>\n<p><div class=\"su-flex-columns \" style=\"justify-content: space-between; align-items: stretch;\"><div class=\"su-flex-column\" style=\"width: 48%;\"><\/p>\n<p>&nbsp;<\/p>\n<p><\/div><div class=\"su-flex-column\" style=\"width: 51%;\"><\/p>\n<h2><span lang=\"FR-BE\">Plus d&rsquo;informations <\/span><\/h2>\n<p>Vous aimeriez plus d&rsquo;informations sur la mani\u00e8re de devenir distributeur de ces friandises fruit\u00e9es ? Vous souhaiteriez inclure nos p\u00e2tes de fruits dans votre assortiment\u00a0? Laissez-nous vos coordonn\u00e9es ici. Nous vous contacterons d\u00e8s que possible. Vous avez d\u2019autres questions ? N\u2019h\u00e9sitez pas \u00e0 nous <a href=\"http:\/\/b2b.confidas.com\/fr\/contact\/\">contacter<\/a>.\u00a0Nous nous ferons un plaisir de vous aider.<\/p>\n<p><a href=\"\/fr\/contact\/\" class=\"btn type-1\" target=\"_self\"><span>Contact<\/span><\/a><\/p>\n<p><\/div><\/div><\/p>\n<p><\/span><\/section>\n\n","protected":false},"excerpt":{"rendered":"<p>&nbsp; &nbsp; &nbsp; &nbsp; &nbsp; &nbsp; &nbsp; &nbsp; &nbsp;<\/p>\n","protected":false},"author":1,"featured_media":0,"parent":1908,"menu_order":0,"comment_status":"closed","ping_status":"closed","template":"","meta":{"_acf_changed":false,"footnotes":""},"class_list":["post-1972","page","type-page","status-publish","hentry"],"acf":[],"yoast_head":"<!-- This site is optimized with the Yoast SEO plugin v27.3 - https:\/\/yoast.com\/product\/yoast-seo-wordpress\/ -->\n<title>Assortiment Creations: d\u00e9couvrez des combinaisons fruit\u00e9es surprenantes<\/title>\n<meta name=\"description\" content=\"Laissez-vous s\u00e9duire par des combinaisons surprenantes comme fraise-abricot et bien d\u2019autres saveurs encore dans notre assortiment de p\u00e2tes de fruits Creations.\" \/>\n<meta name=\"robots\" content=\"index, follow, max-snippet:-1, max-image-preview:large, max-video-preview:-1\" \/>\n<link rel=\"canonical\" href=\"https:\/\/b2b.confidas.com\/fr\/produits\/assortiment-creations\/\" \/>\n<meta property=\"og:locale\" content=\"fr_FR\" \/>\n<meta property=\"og:type\" content=\"article\" \/>\n<meta property=\"og:title\" content=\"Assortiment Creations: d\u00e9couvrez des combinaisons fruit\u00e9es surprenantes\" \/>\n<meta property=\"og:description\" content=\"Laissez-vous s\u00e9duire par des combinaisons surprenantes comme fraise-abricot et bien d\u2019autres saveurs encore dans notre assortiment de p\u00e2tes de fruits Creations.\" \/>\n<meta property=\"og:url\" content=\"https:\/\/b2b.confidas.com\/fr\/produits\/assortiment-creations\/\" \/>\n<meta property=\"og:site_name\" content=\"B2B Confidas\" \/>\n<meta property=\"article:modified_time\" content=\"2019-05-15T07:00:05+00:00\" \/>\n<meta property=\"og:image\" content=\"http:\/\/b2b.confidas.com\/wp-content\/uploads\/2019\/05\/creations.jpg\" \/>\n<meta name=\"twitter:card\" content=\"summary_large_image\" \/>\n<meta name=\"twitter:label1\" content=\"Dur\u00e9e de lecture estim\u00e9e\" \/>\n\t<meta name=\"twitter:data1\" content=\"2 minutes\" \/>\n<script type=\"application\/ld+json\" class=\"yoast-schema-graph\">{\"@context\":\"https:\\\/\\\/schema.org\",\"@graph\":[{\"@type\":\"WebPage\",\"@id\":\"https:\\\/\\\/b2b.confidas.com\\\/fr\\\/produits\\\/assortiment-creations\\\/\",\"url\":\"https:\\\/\\\/b2b.confidas.com\\\/fr\\\/produits\\\/assortiment-creations\\\/\",\"name\":\"Assortiment Creations: d\u00e9couvrez des combinaisons fruit\u00e9es surprenantes\",\"isPartOf\":{\"@id\":\"https:\\\/\\\/b2b.confidas.com\\\/fr\\\/#website\"},\"primaryImageOfPage\":{\"@id\":\"https:\\\/\\\/b2b.confidas.com\\\/fr\\\/produits\\\/assortiment-creations\\\/#primaryimage\"},\"image\":{\"@id\":\"https:\\\/\\\/b2b.confidas.com\\\/fr\\\/produits\\\/assortiment-creations\\\/#primaryimage\"},\"thumbnailUrl\":\"http:\\\/\\\/b2b.confidas.com\\\/wp-content\\\/uploads\\\/2019\\\/05\\\/creations.jpg\",\"datePublished\":\"2019-03-26T15:16:03+00:00\",\"dateModified\":\"2019-05-15T07:00:05+00:00\",\"description\":\"Laissez-vous s\u00e9duire par des combinaisons surprenantes comme fraise-abricot et bien d\u2019autres saveurs encore dans notre assortiment de p\u00e2tes de fruits Creations.\",\"breadcrumb\":{\"@id\":\"https:\\\/\\\/b2b.confidas.com\\\/fr\\\/produits\\\/assortiment-creations\\\/#breadcrumb\"},\"inLanguage\":\"fr-FR\",\"potentialAction\":[{\"@type\":\"ReadAction\",\"target\":[\"https:\\\/\\\/b2b.confidas.com\\\/fr\\\/produits\\\/assortiment-creations\\\/\"]}]},{\"@type\":\"ImageObject\",\"inLanguage\":\"fr-FR\",\"@id\":\"https:\\\/\\\/b2b.confidas.com\\\/fr\\\/produits\\\/assortiment-creations\\\/#primaryimage\",\"url\":\"http:\\\/\\\/b2b.confidas.com\\\/wp-content\\\/uploads\\\/2019\\\/05\\\/creations.jpg\",\"contentUrl\":\"http:\\\/\\\/b2b.confidas.com\\\/wp-content\\\/uploads\\\/2019\\\/05\\\/creations.jpg\"},{\"@type\":\"BreadcrumbList\",\"@id\":\"https:\\\/\\\/b2b.confidas.com\\\/fr\\\/produits\\\/assortiment-creations\\\/#breadcrumb\",\"itemListElement\":[{\"@type\":\"ListItem\",\"position\":1,\"name\":\"Home\",\"item\":\"https:\\\/\\\/b2b.confidas.com\\\/fr\\\/\"},{\"@type\":\"ListItem\",\"position\":2,\"name\":\"Produits\",\"item\":\"https:\\\/\\\/b2b.confidas.com\\\/fr\\\/produits\\\/\"},{\"@type\":\"ListItem\",\"position\":3,\"name\":\"Creations\"}]},{\"@type\":\"WebSite\",\"@id\":\"https:\\\/\\\/b2b.confidas.com\\\/fr\\\/#website\",\"url\":\"https:\\\/\\\/b2b.confidas.com\\\/fr\\\/\",\"name\":\"B2B Confidas\",\"description\":\"Confidas\",\"publisher\":{\"@id\":\"https:\\\/\\\/b2b.confidas.com\\\/fr\\\/#organization\"},\"potentialAction\":[{\"@type\":\"SearchAction\",\"target\":{\"@type\":\"EntryPoint\",\"urlTemplate\":\"https:\\\/\\\/b2b.confidas.com\\\/fr\\\/?s={search_term_string}\"},\"query-input\":{\"@type\":\"PropertyValueSpecification\",\"valueRequired\":true,\"valueName\":\"search_term_string\"}}],\"inLanguage\":\"fr-FR\"},{\"@type\":\"Organization\",\"@id\":\"https:\\\/\\\/b2b.confidas.com\\\/fr\\\/#organization\",\"name\":\"Confidas\",\"url\":\"https:\\\/\\\/b2b.confidas.com\\\/fr\\\/\",\"logo\":{\"@type\":\"ImageObject\",\"inLanguage\":\"fr-FR\",\"@id\":\"https:\\\/\\\/b2b.confidas.com\\\/fr\\\/#\\\/schema\\\/logo\\\/image\\\/\",\"url\":\"http:\\\/\\\/b2b.confidas.com\\\/wp-content\\\/uploads\\\/2019\\\/05\\\/Knipsel.jpg\",\"contentUrl\":\"http:\\\/\\\/b2b.confidas.com\\\/wp-content\\\/uploads\\\/2019\\\/05\\\/Knipsel.jpg\",\"width\":1904,\"height\":949,\"caption\":\"Confidas\"},\"image\":{\"@id\":\"https:\\\/\\\/b2b.confidas.com\\\/fr\\\/#\\\/schema\\\/logo\\\/image\\\/\"}}]}<\/script>\n<!-- \/ Yoast SEO plugin. -->","yoast_head_json":{"title":"Assortiment Creations: d\u00e9couvrez des combinaisons fruit\u00e9es surprenantes","description":"Laissez-vous s\u00e9duire par des combinaisons surprenantes comme fraise-abricot et bien d\u2019autres saveurs encore dans notre assortiment de p\u00e2tes de fruits Creations.","robots":{"index":"index","follow":"follow","max-snippet":"max-snippet:-1","max-image-preview":"max-image-preview:large","max-video-preview":"max-video-preview:-1"},"canonical":"https:\/\/b2b.confidas.com\/fr\/produits\/assortiment-creations\/","og_locale":"fr_FR","og_type":"article","og_title":"Assortiment Creations: d\u00e9couvrez des combinaisons fruit\u00e9es surprenantes","og_description":"Laissez-vous s\u00e9duire par des combinaisons surprenantes comme fraise-abricot et bien d\u2019autres saveurs encore dans notre assortiment de p\u00e2tes de fruits Creations.","og_url":"https:\/\/b2b.confidas.com\/fr\/produits\/assortiment-creations\/","og_site_name":"B2B Confidas","article_modified_time":"2019-05-15T07:00:05+00:00","og_image":[{"url":"http:\/\/b2b.confidas.com\/wp-content\/uploads\/2019\/05\/creations.jpg","type":"","width":"","height":""}],"twitter_card":"summary_large_image","twitter_misc":{"Dur\u00e9e de lecture estim\u00e9e":"2 minutes"},"schema":{"@context":"https:\/\/schema.org","@graph":[{"@type":"WebPage","@id":"https:\/\/b2b.confidas.com\/fr\/produits\/assortiment-creations\/","url":"https:\/\/b2b.confidas.com\/fr\/produits\/assortiment-creations\/","name":"Assortiment Creations: d\u00e9couvrez des combinaisons fruit\u00e9es surprenantes","isPartOf":{"@id":"https:\/\/b2b.confidas.com\/fr\/#website"},"primaryImageOfPage":{"@id":"https:\/\/b2b.confidas.com\/fr\/produits\/assortiment-creations\/#primaryimage"},"image":{"@id":"https:\/\/b2b.confidas.com\/fr\/produits\/assortiment-creations\/#primaryimage"},"thumbnailUrl":"http:\/\/b2b.confidas.com\/wp-content\/uploads\/2019\/05\/creations.jpg","datePublished":"2019-03-26T15:16:03+00:00","dateModified":"2019-05-15T07:00:05+00:00","description":"Laissez-vous s\u00e9duire par des combinaisons surprenantes comme fraise-abricot et bien d\u2019autres saveurs encore dans notre assortiment de p\u00e2tes de fruits Creations.","breadcrumb":{"@id":"https:\/\/b2b.confidas.com\/fr\/produits\/assortiment-creations\/#breadcrumb"},"inLanguage":"fr-FR","potentialAction":[{"@type":"ReadAction","target":["https:\/\/b2b.confidas.com\/fr\/produits\/assortiment-creations\/"]}]},{"@type":"ImageObject","inLanguage":"fr-FR","@id":"https:\/\/b2b.confidas.com\/fr\/produits\/assortiment-creations\/#primaryimage","url":"http:\/\/b2b.confidas.com\/wp-content\/uploads\/2019\/05\/creations.jpg","contentUrl":"http:\/\/b2b.confidas.com\/wp-content\/uploads\/2019\/05\/creations.jpg"},{"@type":"BreadcrumbList","@id":"https:\/\/b2b.confidas.com\/fr\/produits\/assortiment-creations\/#breadcrumb","itemListElement":[{"@type":"ListItem","position":1,"name":"Home","item":"https:\/\/b2b.confidas.com\/fr\/"},{"@type":"ListItem","position":2,"name":"Produits","item":"https:\/\/b2b.confidas.com\/fr\/produits\/"},{"@type":"ListItem","position":3,"name":"Creations"}]},{"@type":"WebSite","@id":"https:\/\/b2b.confidas.com\/fr\/#website","url":"https:\/\/b2b.confidas.com\/fr\/","name":"B2B Confidas","description":"Confidas","publisher":{"@id":"https:\/\/b2b.confidas.com\/fr\/#organization"},"potentialAction":[{"@type":"SearchAction","target":{"@type":"EntryPoint","urlTemplate":"https:\/\/b2b.confidas.com\/fr\/?s={search_term_string}"},"query-input":{"@type":"PropertyValueSpecification","valueRequired":true,"valueName":"search_term_string"}}],"inLanguage":"fr-FR"},{"@type":"Organization","@id":"https:\/\/b2b.confidas.com\/fr\/#organization","name":"Confidas","url":"https:\/\/b2b.confidas.com\/fr\/","logo":{"@type":"ImageObject","inLanguage":"fr-FR","@id":"https:\/\/b2b.confidas.com\/fr\/#\/schema\/logo\/image\/","url":"http:\/\/b2b.confidas.com\/wp-content\/uploads\/2019\/05\/Knipsel.jpg","contentUrl":"http:\/\/b2b.confidas.com\/wp-content\/uploads\/2019\/05\/Knipsel.jpg","width":1904,"height":949,"caption":"Confidas"},"image":{"@id":"https:\/\/b2b.confidas.com\/fr\/#\/schema\/logo\/image\/"}}]}},"_links":{"self":[{"href":"https:\/\/b2b.confidas.com\/fr\/wp-json\/wp\/v2\/pages\/1972","targetHints":{"allow":["GET"]}}],"collection":[{"href":"https:\/\/b2b.confidas.com\/fr\/wp-json\/wp\/v2\/pages"}],"about":[{"href":"https:\/\/b2b.confidas.com\/fr\/wp-json\/wp\/v2\/types\/page"}],"author":[{"embeddable":true,"href":"https:\/\/b2b.confidas.com\/fr\/wp-json\/wp\/v2\/users\/1"}],"replies":[{"embeddable":true,"href":"https:\/\/b2b.confidas.com\/fr\/wp-json\/wp\/v2\/comments?post=1972"}],"version-history":[{"count":3,"href":"https:\/\/b2b.confidas.com\/fr\/wp-json\/wp\/v2\/pages\/1972\/revisions"}],"predecessor-version":[{"id":2199,"href":"https:\/\/b2b.confidas.com\/fr\/wp-json\/wp\/v2\/pages\/1972\/revisions\/2199"}],"up":[{"embeddable":true,"href":"https:\/\/b2b.confidas.com\/fr\/wp-json\/wp\/v2\/pages\/1908"}],"wp:attachment":[{"href":"https:\/\/b2b.confidas.com\/fr\/wp-json\/wp\/v2\/media?parent=1972"}],"curies":[{"name":"wp","href":"https:\/\/api.w.org\/{rel}","templated":true}]}}