{"id":2025,"date":"2019-03-26T16:23:37","date_gmt":"2019-03-26T15:23:37","guid":{"rendered":"http:\/\/b2b.confidas.com\/verpakkingen\/"},"modified":"2021-07-19T17:47:33","modified_gmt":"2021-07-19T15:47:33","slug":"emballages","status":"publish","type":"page","link":"https:\/\/b2b.confidas.com\/fr\/emballages\/","title":{"rendered":"Emballages"},"content":{"rendered":"<div class=\"su-flex-columns \" style=\"justify-content: space-between; align-items: stretch;\"><div class=\"su-flex-column\" style=\"width: 7%;\"><\/div><div class=\"su-flex-column\" style=\"width: 66%;\"><\/p>\n<h2 style=\"text-align: center;\"><strong>Diff\u00e9rentes options d&#8217;emballage<\/strong><\/h2>\n<p style=\"text-align: center;\">\u00a0<\/p>\n<p><\/div><div class=\"su-flex-column\" style=\"width: 7%;\"><\/div><\/div>\n<p>&nbsp;<\/p>\n<hr \/>\n<p>&nbsp;<\/p>\n<div class=\"su-flex-columns \" style=\"justify-content: space-between; align-items: stretch;\"><div class=\"su-flex-column\" style=\"width: 7%;\"><\/div><div class=\"su-flex-column\" style=\"width: 66%;\"><\/p>\n<h5><strong>Vrac<\/strong><\/h5>\n<p>Nous proposons nos p\u00e2tes de fruits en conditionnement en vrac de 570 g \u00e0 3 kg. D\u2019autre part, nous avons aussi d\u00e9velopp\u00e9 une bo\u00eete cylindrique transparente pour nos <a href=\"http:\/\/b2b.confidas.com\/fr\/produits\/assortiment-classics\/classics-shapes-assortiment\/\">pastilles<\/a>\u00a0et <a href=\"http:\/\/b2b.confidas.com\/fr\/produits\/assortiment-classics\/classics-shapes-assortiment\/\">cubes flowpack\u00e9s<\/a>. Un assortiment compos\u00e9 de diff\u00e9rentes saveurs ou d&rsquo;une seule, tout est possible.<\/p>\n<p style=\"text-align: left;\"><div class=\"su-flex-columns \" style=\"justify-content: space-between; align-items: stretch;\"><div class=\"su-flex-column\" style=\"width: 19%;\"><\/p>\n<p style=\"text-align: center;\"><div class='hoverimg'><img class='normal' src='\/wp-content\/uploads\/2019\/03\/bulk-2KG.png'\/><img class='hover' src='\/wp-content\/uploads\/2019\/04\/2-kg-vierkant.jpg'\/><\/div><\/p>\n<p style=\"text-align: center;\">2 KG<\/p>\n<p style=\"text-align: left;\"><\/div><div class=\"su-flex-column\" style=\"width: 19%;\"><\/p>\n<p style=\"text-align: center;\"><div class='hoverimg'><img class='normal' src='\/wp-content\/uploads\/2019\/03\/Bulk-1KG.png'\/><img class='hover' src='\/wp-content\/uploads\/2019\/04\/1-kg-vierkant.jpg'\/><\/div><\/p>\n<p style=\"text-align: center;\">1 KG<\/p>\n<p style=\"text-align: left;\"><\/div><div class=\"su-flex-column\" style=\"width: 19%;\"><\/p>\n<p style=\"text-align: center;\"><div class='hoverimg'><img class='normal' src='\/wp-content\/uploads\/2019\/03\/CNF1711PDF_PACKAGING-02.png'\/><img class='hover' src='\/wp-content\/uploads\/2019\/04\/Cilinder-16-kg-vierkant.jpg'\/><\/div><\/p>\n<p style=\"text-align: center;\">1,6 KG<\/div><div class=\"su-flex-column\" style=\"width: 19%;\"><\/p>\n<p style=\"text-align: left;\"><\/div><div class=\"su-flex-column\" style=\"width: 19%;\"><\/div><\/div><\/p>\n<h5><strong>Emballages destin\u00e9s aux consommateurs<\/strong><strong>\u00a0<\/strong><\/h5>\n<p>Nous avons d\u00e9velopp\u00e9 une s\u00e9rie d\u2019emballages destin\u00e9s aux consommateurs. Ils sont disponibles sous la marque Confidas. Vous pr\u00e9f\u00e9rez avoir votre marque sur ces bo\u00eetes ? C\u2019est possible!<\/p>\n<p style=\"text-align: left;\"><div class=\"su-flex-columns \" style=\"justify-content: space-between; align-items: stretch;\"><div class=\"su-flex-column\" style=\"width: 19%;\"><\/p>\n<p style=\"text-align: center;\"><div class='hoverimg'><img class='normal' src='\/wp-content\/uploads\/2019\/03\/Retail-langwerpig.png'\/><img class='hover' src='\/wp-content\/uploads\/2019\/04\/200-g-Vierkant.jpg'\/><\/div><\/p>\n<p style=\"text-align: center;\">120-200 g<br \/>\n<\/div><div class=\"su-flex-column\" style=\"width: 19%;\"><\/p>\n<p style=\"text-align: center;\"><div class='hoverimg'><img class='normal' src='\/wp-content\/uploads\/2019\/03\/Retail-langwerpig.png'\/><img class='hover' src='\/wp-content\/uploads\/2019\/04\/Consumer-packaging_200g-vierkant.jpg'\/><\/div><\/p>\n<p style=\"text-align: center;\">200 g<\/p>\n<p style=\"text-align: left;\"><\/div><div class=\"su-flex-column\" style=\"width: 19%;\"><\/p>\n<p style=\"text-align: center;\"><div class='hoverimg'><img class='normal' src='\/wp-content\/uploads\/2019\/03\/retail-100-200G.png'\/><img class='hover' src='\/wp-content\/uploads\/2019\/04\/Zakje-200-g-vierkant.jpg'\/><\/div><\/p>\n<p style=\"text-align: center;\">100-200 g<\/p>\n<p style=\"text-align: left;\"><\/div><div class=\"su-flex-column\" style=\"width: 19%;\"><\/p>\n<p style=\"text-align: center;\"><div class='hoverimg'><img class='normal' src='\/wp-content\/uploads\/2019\/03\/retail-75-300G-1.png'\/><img class='hover' src='\/wp-content\/uploads\/2021\/07\/Joie-du-Verger-240g.jpg'\/><\/div><\/p>\n<p style=\"text-align: center;\">140-330 g<\/p>\n<p style=\"text-align: left;\"><\/div><div class=\"su-flex-column\" style=\"width: 19%;\"><\/div><\/div><\/p>\n<h5><strong>Vos propres emballages<\/strong><\/h5>\n<p>Il est parfois plus efficace d&#8217;emballer nos p\u00e2tes de fruits directement dans vos bo\u00eetes. C&rsquo;est \u00e9galement possible. Nous serons heureux de discuter des diff\u00e9rentes options avec vous.<\/p>\n<p style=\"text-align: center;\"><div class=\"su-flex-columns \" style=\"justify-content: space-between; align-items: stretch;\"><div class=\"su-flex-column\" style=\"width: 19%;\"><br \/>\n<img loading=\"lazy\" decoding=\"async\" class=\"alignnone wp-image-377 size-full\" src=\"http:\/\/b2b.confidas.com\/wp-content\/uploads\/2019\/03\/Vraagteken-1.png\" alt=\"\" width=\"800\" height=\"800\" srcset=\"https:\/\/b2b.confidas.com\/wp-content\/uploads\/2019\/03\/Vraagteken-1.png 800w, https:\/\/b2b.confidas.com\/wp-content\/uploads\/2019\/03\/Vraagteken-1-150x150.png 150w, https:\/\/b2b.confidas.com\/wp-content\/uploads\/2019\/03\/Vraagteken-1-300x300.png 300w, https:\/\/b2b.confidas.com\/wp-content\/uploads\/2019\/03\/Vraagteken-1-768x768.png 768w, https:\/\/b2b.confidas.com\/wp-content\/uploads\/2019\/03\/Vraagteken-1-270x270.png 270w\" sizes=\"auto, (max-width: 800px) 100vw, 800px\" \/><\/p>\n<p style=\"text-align: center;\"><\/div><div class=\"su-flex-column\" style=\"width: 19%;\"><\/p>\n<p style=\"text-align: left;\"><\/div><div class=\"su-flex-column\" style=\"width: 19%;\"><\/p>\n<p style=\"text-align: left;\"><\/div><div class=\"su-flex-column\" style=\"width: 19%;\"><\/p>\n<p style=\"text-align: left;\"><\/div><div class=\"su-flex-column\" style=\"width: 19%;\"><\/p>\n<p style=\"text-align: left;\"><\/div><\/div><\/p>\n<p><\/div><div class=\"su-flex-column\" style=\"width: 7%;\"><\/div><\/div>\n<p>&nbsp;<\/p>\n<hr \/>\n<p>&nbsp;<\/p>\n<p>&nbsp;<\/p>\n<section class='bg-section left'><div class='bg' style='background-image: url(\/wp-content\/uploads\/2019\/04\/fruit2-1.jpg);'><\/div><span style='color: #0B2F36;'><\/p>\n<p><div class=\"su-flex-columns \" style=\"justify-content: space-between; align-items: stretch;\"><div class=\"su-flex-column\" style=\"width: 48%;\"><\/p>\n<p>&nbsp;<\/p>\n<p><\/div><div class=\"su-flex-column\" style=\"width: 51%;\"><\/p>\n<h2><b><span lang=\"FR-BE\">Plus d&rsquo;informations <\/span><\/b><\/h2>\n<p>Vous avez des questions sur nos friandises fruit\u00e9es Vous souhaitez distribuer nos p\u00e2tes de fruits ? Dans ce cas, laissez-nous vos coordonn\u00e9es <a href=\"http:\/\/b2b.confidas.com\/fr\/contact\/\">ici<\/a>. Nous vous contacterons d\u00e8s que possible.<\/p>\n<p><a href=\"\/fr\/contact\/\" class=\"btn type-1\" target=\"_self\"><span>Contact<\/span><\/a><\/p>\n<p><\/div><\/div><\/p>\n<p><\/span><\/section>\n\n","protected":false},"excerpt":{"rendered":"<p>&nbsp; &nbsp; &nbsp; &nbsp; &nbsp;<\/p>\n","protected":false},"author":1,"featured_media":0,"parent":0,"menu_order":0,"comment_status":"closed","ping_status":"closed","template":"","meta":{"_acf_changed":false,"footnotes":""},"class_list":["post-2025","page","type-page","status-publish","hentry"],"acf":[],"yoast_head":"<!-- This site is optimized with the Yoast SEO plugin v27.3 - https:\/\/yoast.com\/product\/yoast-seo-wordpress\/ -->\n<title>D\u00e9cidez vous-m\u00eame de l\u2019emballage dans lequel vous voulez proposer nos p\u00e2tes de fruits<\/title>\n<meta name=\"description\" content=\"Pour pouvoir proposer les p\u00e2tes de fruits \u00e0 vos clients d&#039;une fa\u00e7on \u00e9l\u00e9gante, nous avons d\u00e9velopp\u00e9 toute une gamme d&#039;emballages.\" \/>\n<meta name=\"robots\" content=\"index, follow, max-snippet:-1, max-image-preview:large, max-video-preview:-1\" \/>\n<link rel=\"canonical\" href=\"https:\/\/b2b.confidas.com\/fr\/emballages\/\" \/>\n<meta property=\"og:locale\" content=\"fr_FR\" \/>\n<meta property=\"og:type\" content=\"article\" \/>\n<meta property=\"og:title\" content=\"D\u00e9cidez vous-m\u00eame de l\u2019emballage dans lequel vous voulez proposer nos p\u00e2tes de fruits\" \/>\n<meta property=\"og:description\" content=\"Pour pouvoir proposer les p\u00e2tes de fruits \u00e0 vos clients d&#039;une fa\u00e7on \u00e9l\u00e9gante, nous avons d\u00e9velopp\u00e9 toute une gamme d&#039;emballages.\" \/>\n<meta property=\"og:url\" content=\"https:\/\/b2b.confidas.com\/fr\/emballages\/\" \/>\n<meta property=\"og:site_name\" content=\"B2B Confidas\" \/>\n<meta property=\"article:modified_time\" content=\"2021-07-19T15:47:33+00:00\" \/>\n<meta property=\"og:image\" content=\"http:\/\/b2b.confidas.com\/wp-content\/uploads\/2019\/03\/Vraagteken-1.png\" \/>\n<meta name=\"twitter:card\" content=\"summary_large_image\" \/>\n<meta name=\"twitter:label1\" content=\"Dur\u00e9e de lecture estim\u00e9e\" \/>\n\t<meta name=\"twitter:data1\" content=\"2 minutes\" \/>\n<script type=\"application\/ld+json\" class=\"yoast-schema-graph\">{\"@context\":\"https:\\\/\\\/schema.org\",\"@graph\":[{\"@type\":\"WebPage\",\"@id\":\"https:\\\/\\\/b2b.confidas.com\\\/fr\\\/emballages\\\/\",\"url\":\"https:\\\/\\\/b2b.confidas.com\\\/fr\\\/emballages\\\/\",\"name\":\"D\u00e9cidez vous-m\u00eame de l\u2019emballage dans lequel vous voulez proposer nos p\u00e2tes de fruits\",\"isPartOf\":{\"@id\":\"https:\\\/\\\/b2b.confidas.com\\\/fr\\\/#website\"},\"primaryImageOfPage\":{\"@id\":\"https:\\\/\\\/b2b.confidas.com\\\/fr\\\/emballages\\\/#primaryimage\"},\"image\":{\"@id\":\"https:\\\/\\\/b2b.confidas.com\\\/fr\\\/emballages\\\/#primaryimage\"},\"thumbnailUrl\":\"http:\\\/\\\/b2b.confidas.com\\\/wp-content\\\/uploads\\\/2019\\\/03\\\/Vraagteken-1.png\",\"datePublished\":\"2019-03-26T15:23:37+00:00\",\"dateModified\":\"2021-07-19T15:47:33+00:00\",\"description\":\"Pour pouvoir proposer les p\u00e2tes de fruits \u00e0 vos clients d'une fa\u00e7on \u00e9l\u00e9gante, nous avons d\u00e9velopp\u00e9 toute une gamme d'emballages.\",\"breadcrumb\":{\"@id\":\"https:\\\/\\\/b2b.confidas.com\\\/fr\\\/emballages\\\/#breadcrumb\"},\"inLanguage\":\"fr-FR\",\"potentialAction\":[{\"@type\":\"ReadAction\",\"target\":[\"https:\\\/\\\/b2b.confidas.com\\\/fr\\\/emballages\\\/\"]}]},{\"@type\":\"ImageObject\",\"inLanguage\":\"fr-FR\",\"@id\":\"https:\\\/\\\/b2b.confidas.com\\\/fr\\\/emballages\\\/#primaryimage\",\"url\":\"http:\\\/\\\/b2b.confidas.com\\\/wp-content\\\/uploads\\\/2019\\\/03\\\/Vraagteken-1.png\",\"contentUrl\":\"http:\\\/\\\/b2b.confidas.com\\\/wp-content\\\/uploads\\\/2019\\\/03\\\/Vraagteken-1.png\"},{\"@type\":\"BreadcrumbList\",\"@id\":\"https:\\\/\\\/b2b.confidas.com\\\/fr\\\/emballages\\\/#breadcrumb\",\"itemListElement\":[{\"@type\":\"ListItem\",\"position\":1,\"name\":\"Home\",\"item\":\"https:\\\/\\\/b2b.confidas.com\\\/fr\\\/\"},{\"@type\":\"ListItem\",\"position\":2,\"name\":\"Emballages\"}]},{\"@type\":\"WebSite\",\"@id\":\"https:\\\/\\\/b2b.confidas.com\\\/fr\\\/#website\",\"url\":\"https:\\\/\\\/b2b.confidas.com\\\/fr\\\/\",\"name\":\"B2B Confidas\",\"description\":\"Confidas\",\"publisher\":{\"@id\":\"https:\\\/\\\/b2b.confidas.com\\\/fr\\\/#organization\"},\"potentialAction\":[{\"@type\":\"SearchAction\",\"target\":{\"@type\":\"EntryPoint\",\"urlTemplate\":\"https:\\\/\\\/b2b.confidas.com\\\/fr\\\/?s={search_term_string}\"},\"query-input\":{\"@type\":\"PropertyValueSpecification\",\"valueRequired\":true,\"valueName\":\"search_term_string\"}}],\"inLanguage\":\"fr-FR\"},{\"@type\":\"Organization\",\"@id\":\"https:\\\/\\\/b2b.confidas.com\\\/fr\\\/#organization\",\"name\":\"Confidas\",\"url\":\"https:\\\/\\\/b2b.confidas.com\\\/fr\\\/\",\"logo\":{\"@type\":\"ImageObject\",\"inLanguage\":\"fr-FR\",\"@id\":\"https:\\\/\\\/b2b.confidas.com\\\/fr\\\/#\\\/schema\\\/logo\\\/image\\\/\",\"url\":\"http:\\\/\\\/b2b.confidas.com\\\/wp-content\\\/uploads\\\/2019\\\/05\\\/Knipsel.jpg\",\"contentUrl\":\"http:\\\/\\\/b2b.confidas.com\\\/wp-content\\\/uploads\\\/2019\\\/05\\\/Knipsel.jpg\",\"width\":1904,\"height\":949,\"caption\":\"Confidas\"},\"image\":{\"@id\":\"https:\\\/\\\/b2b.confidas.com\\\/fr\\\/#\\\/schema\\\/logo\\\/image\\\/\"}}]}<\/script>\n<!-- \/ Yoast SEO plugin. -->","yoast_head_json":{"title":"D\u00e9cidez vous-m\u00eame de l\u2019emballage dans lequel vous voulez proposer nos p\u00e2tes de fruits","description":"Pour pouvoir proposer les p\u00e2tes de fruits \u00e0 vos clients d'une fa\u00e7on \u00e9l\u00e9gante, nous avons d\u00e9velopp\u00e9 toute une gamme d'emballages.","robots":{"index":"index","follow":"follow","max-snippet":"max-snippet:-1","max-image-preview":"max-image-preview:large","max-video-preview":"max-video-preview:-1"},"canonical":"https:\/\/b2b.confidas.com\/fr\/emballages\/","og_locale":"fr_FR","og_type":"article","og_title":"D\u00e9cidez vous-m\u00eame de l\u2019emballage dans lequel vous voulez proposer nos p\u00e2tes de fruits","og_description":"Pour pouvoir proposer les p\u00e2tes de fruits \u00e0 vos clients d'une fa\u00e7on \u00e9l\u00e9gante, nous avons d\u00e9velopp\u00e9 toute une gamme d'emballages.","og_url":"https:\/\/b2b.confidas.com\/fr\/emballages\/","og_site_name":"B2B Confidas","article_modified_time":"2021-07-19T15:47:33+00:00","og_image":[{"url":"http:\/\/b2b.confidas.com\/wp-content\/uploads\/2019\/03\/Vraagteken-1.png","type":"","width":"","height":""}],"twitter_card":"summary_large_image","twitter_misc":{"Dur\u00e9e de lecture estim\u00e9e":"2 minutes"},"schema":{"@context":"https:\/\/schema.org","@graph":[{"@type":"WebPage","@id":"https:\/\/b2b.confidas.com\/fr\/emballages\/","url":"https:\/\/b2b.confidas.com\/fr\/emballages\/","name":"D\u00e9cidez vous-m\u00eame de l\u2019emballage dans lequel vous voulez proposer nos p\u00e2tes de fruits","isPartOf":{"@id":"https:\/\/b2b.confidas.com\/fr\/#website"},"primaryImageOfPage":{"@id":"https:\/\/b2b.confidas.com\/fr\/emballages\/#primaryimage"},"image":{"@id":"https:\/\/b2b.confidas.com\/fr\/emballages\/#primaryimage"},"thumbnailUrl":"http:\/\/b2b.confidas.com\/wp-content\/uploads\/2019\/03\/Vraagteken-1.png","datePublished":"2019-03-26T15:23:37+00:00","dateModified":"2021-07-19T15:47:33+00:00","description":"Pour pouvoir proposer les p\u00e2tes de fruits \u00e0 vos clients d'une fa\u00e7on \u00e9l\u00e9gante, nous avons d\u00e9velopp\u00e9 toute une gamme d'emballages.","breadcrumb":{"@id":"https:\/\/b2b.confidas.com\/fr\/emballages\/#breadcrumb"},"inLanguage":"fr-FR","potentialAction":[{"@type":"ReadAction","target":["https:\/\/b2b.confidas.com\/fr\/emballages\/"]}]},{"@type":"ImageObject","inLanguage":"fr-FR","@id":"https:\/\/b2b.confidas.com\/fr\/emballages\/#primaryimage","url":"http:\/\/b2b.confidas.com\/wp-content\/uploads\/2019\/03\/Vraagteken-1.png","contentUrl":"http:\/\/b2b.confidas.com\/wp-content\/uploads\/2019\/03\/Vraagteken-1.png"},{"@type":"BreadcrumbList","@id":"https:\/\/b2b.confidas.com\/fr\/emballages\/#breadcrumb","itemListElement":[{"@type":"ListItem","position":1,"name":"Home","item":"https:\/\/b2b.confidas.com\/fr\/"},{"@type":"ListItem","position":2,"name":"Emballages"}]},{"@type":"WebSite","@id":"https:\/\/b2b.confidas.com\/fr\/#website","url":"https:\/\/b2b.confidas.com\/fr\/","name":"B2B Confidas","description":"Confidas","publisher":{"@id":"https:\/\/b2b.confidas.com\/fr\/#organization"},"potentialAction":[{"@type":"SearchAction","target":{"@type":"EntryPoint","urlTemplate":"https:\/\/b2b.confidas.com\/fr\/?s={search_term_string}"},"query-input":{"@type":"PropertyValueSpecification","valueRequired":true,"valueName":"search_term_string"}}],"inLanguage":"fr-FR"},{"@type":"Organization","@id":"https:\/\/b2b.confidas.com\/fr\/#organization","name":"Confidas","url":"https:\/\/b2b.confidas.com\/fr\/","logo":{"@type":"ImageObject","inLanguage":"fr-FR","@id":"https:\/\/b2b.confidas.com\/fr\/#\/schema\/logo\/image\/","url":"http:\/\/b2b.confidas.com\/wp-content\/uploads\/2019\/05\/Knipsel.jpg","contentUrl":"http:\/\/b2b.confidas.com\/wp-content\/uploads\/2019\/05\/Knipsel.jpg","width":1904,"height":949,"caption":"Confidas"},"image":{"@id":"https:\/\/b2b.confidas.com\/fr\/#\/schema\/logo\/image\/"}}]}},"_links":{"self":[{"href":"https:\/\/b2b.confidas.com\/fr\/wp-json\/wp\/v2\/pages\/2025","targetHints":{"allow":["GET"]}}],"collection":[{"href":"https:\/\/b2b.confidas.com\/fr\/wp-json\/wp\/v2\/pages"}],"about":[{"href":"https:\/\/b2b.confidas.com\/fr\/wp-json\/wp\/v2\/types\/page"}],"author":[{"embeddable":true,"href":"https:\/\/b2b.confidas.com\/fr\/wp-json\/wp\/v2\/users\/1"}],"replies":[{"embeddable":true,"href":"https:\/\/b2b.confidas.com\/fr\/wp-json\/wp\/v2\/comments?post=2025"}],"version-history":[{"count":5,"href":"https:\/\/b2b.confidas.com\/fr\/wp-json\/wp\/v2\/pages\/2025\/revisions"}],"predecessor-version":[{"id":3281,"href":"https:\/\/b2b.confidas.com\/fr\/wp-json\/wp\/v2\/pages\/2025\/revisions\/3281"}],"wp:attachment":[{"href":"https:\/\/b2b.confidas.com\/fr\/wp-json\/wp\/v2\/media?parent=2025"}],"curies":[{"name":"wp","href":"https:\/\/api.w.org\/{rel}","templated":true}]}}