{"id":2286,"date":"2019-04-19T14:04:03","date_gmt":"2019-04-19T12:04:03","guid":{"rendered":"http:\/\/b2b.confidas.com\/algemene-voorwaarden\/"},"modified":"2019-05-16T14:57:57","modified_gmt":"2019-05-16T12:57:57","slug":"conditons-generales","status":"publish","type":"page","link":"https:\/\/b2b.confidas.com\/fr\/conditons-generales\/","title":{"rendered":"Conditions g\u00e9n\u00e9rales Confidas"},"content":{"rendered":"<h2><b>Conditions g\u00e9n\u00e9rales Confidas<\/b><\/h2>\n<p><span style=\"font-weight: 400;\">Sur cette page, vous trouvez les conditons g\u00e9n\u00e9rales de Confidas.com, comme ceux sont mis \u00e0 disposition de Confidas. Dans ces conditions g\u00e9n\u00e9rales, nous indiquons sous quel r\u00e9serve nous vous offrons ces informations sur notre site web.<\/span><\/p>\n<p><strong><b>Propri\u00e9t\u00e9 intellectuelle<\/b> <\/strong><\/p>\n<p><span style=\"font-weight: 400;\">L\u2019utilisation de ces informations sur notre site web est gratuit tant que vous ne copiez ou r\u00e9pandez pas ces informations ou les utiliser ou abuser d\u2019une autre mani\u00e8re. Vous pouvez uniquement r\u00e9utiliser ces informations selon les r\u00e8gles du droit imp\u00e9ratif.<\/span><\/p>\n<p><span style=\"font-weight: 400;\">Sans permission explicite et \u00e9crite de Confidas ce n\u2019est pas permis de r\u00e9utiliser du texte, du mat\u00e9riel photo ou d\u2019autres mat\u00e9riels sur ce site web. La propri\u00e9t\u00e9 intellectuelle appartient \u00e0 Confidas.<\/span><\/p>\n<p><strong>Informations<\/strong><\/p>\n<p><span style=\"font-weight: 400;\">Confidas s\u2019efforce un site web le plus actuel possible. Si, malgr\u00e9 tous ces efforts, les informations ou le contenu de ce site web sont incomplets ou incorrectes, nous pouvons accepter aucune responsabilit\u00e9.<\/span><\/p>\n<p><span style=\"font-weight: 400;\">Les informations et\/ou produits sur ce site web sont offerts sans aucune forme de garantie et\/ou droit \u00a0de justesse. Nous nous gardons le droit de modifier, d\u2019enlever et de remettre ces mat\u00e9riaux sans aucune communication pr\u00e9liminaire. Confidas n\u2019accepte pas de responsabilit\u00e9 pour des informations seuls qui sont mis sur le site web quand nous y r\u00e9f\u00e9rons via hyperlien.<\/span><\/p>\n<p><strong><b>Modifications<\/b> <\/strong><\/p>\n<p><span style=\"font-weight: 400;\">Si ces conditions g\u00e9n\u00e9rales modifient, vous donc trouvez la version la plus r\u00e9cente de la clause de non-responsabilit\u00e9 de Confidas.com sur cette page.<\/span><\/p>\n<p>&nbsp;<\/p>\n","protected":false},"excerpt":{"rendered":"<p>Conditions g\u00e9n\u00e9rales Confidas Sur cette page, vous trouvez les conditons g\u00e9n\u00e9rales de Confidas.com, comme ceux sont mis \u00e0 disposition de Confidas. Dans ces conditions g\u00e9n\u00e9rales, nous indiquons sous quel r\u00e9serve nous vous offrons ces informations sur notre site web. Propri\u00e9t\u00e9&#8230;<\/p>\n","protected":false},"author":1,"featured_media":0,"parent":0,"menu_order":0,"comment_status":"closed","ping_status":"closed","template":"","meta":{"_acf_changed":false,"footnotes":""},"class_list":["post-2286","page","type-page","status-publish","hentry"],"acf":[],"yoast_head":"<!-- This site is optimized with the Yoast SEO plugin v27.3 - https:\/\/yoast.com\/product\/yoast-seo-wordpress\/ -->\n<title>Conditions g\u00e9n\u00e9rales Confidas - B2B Confidas<\/title>\n<meta name=\"description\" content=\"Sur cette page, vous trouvez les conditons g\u00e9n\u00e9rales de Confidas.com, comme ceux sont mis \u00e0 disposition de Confidas.\" \/>\n<meta name=\"robots\" content=\"index, follow, max-snippet:-1, max-image-preview:large, max-video-preview:-1\" \/>\n<link rel=\"canonical\" href=\"https:\/\/b2b.confidas.com\/fr\/conditons-generales\/\" \/>\n<meta property=\"og:locale\" content=\"fr_FR\" \/>\n<meta property=\"og:type\" content=\"article\" \/>\n<meta property=\"og:title\" content=\"Conditions g\u00e9n\u00e9rales Confidas - B2B Confidas\" \/>\n<meta property=\"og:description\" content=\"Sur cette page, vous trouvez les conditons g\u00e9n\u00e9rales de Confidas.com, comme ceux sont mis \u00e0 disposition de Confidas.\" \/>\n<meta property=\"og:url\" content=\"https:\/\/b2b.confidas.com\/fr\/conditons-generales\/\" \/>\n<meta property=\"og:site_name\" content=\"B2B Confidas\" \/>\n<meta property=\"article:modified_time\" content=\"2019-05-16T12:57:57+00:00\" \/>\n<meta name=\"twitter:card\" content=\"summary_large_image\" \/>\n<meta name=\"twitter:label1\" content=\"Dur\u00e9e de lecture estim\u00e9e\" \/>\n\t<meta name=\"twitter:data1\" content=\"1 minute\" \/>\n<script type=\"application\/ld+json\" class=\"yoast-schema-graph\">{\"@context\":\"https:\\\/\\\/schema.org\",\"@graph\":[{\"@type\":\"WebPage\",\"@id\":\"https:\\\/\\\/b2b.confidas.com\\\/fr\\\/conditons-generales\\\/\",\"url\":\"https:\\\/\\\/b2b.confidas.com\\\/fr\\\/conditons-generales\\\/\",\"name\":\"Conditions g\u00e9n\u00e9rales Confidas - B2B Confidas\",\"isPartOf\":{\"@id\":\"https:\\\/\\\/b2b.confidas.com\\\/fr\\\/#website\"},\"datePublished\":\"2019-04-19T12:04:03+00:00\",\"dateModified\":\"2019-05-16T12:57:57+00:00\",\"description\":\"Sur cette page, vous trouvez les conditons g\u00e9n\u00e9rales de Confidas.com, comme ceux sont mis \u00e0 disposition de Confidas.\",\"breadcrumb\":{\"@id\":\"https:\\\/\\\/b2b.confidas.com\\\/fr\\\/conditons-generales\\\/#breadcrumb\"},\"inLanguage\":\"fr-FR\",\"potentialAction\":[{\"@type\":\"ReadAction\",\"target\":[\"https:\\\/\\\/b2b.confidas.com\\\/fr\\\/conditons-generales\\\/\"]}]},{\"@type\":\"BreadcrumbList\",\"@id\":\"https:\\\/\\\/b2b.confidas.com\\\/fr\\\/conditons-generales\\\/#breadcrumb\",\"itemListElement\":[{\"@type\":\"ListItem\",\"position\":1,\"name\":\"Home\",\"item\":\"https:\\\/\\\/b2b.confidas.com\\\/fr\\\/\"},{\"@type\":\"ListItem\",\"position\":2,\"name\":\"Conditions g\u00e9n\u00e9rales Confidas\"}]},{\"@type\":\"WebSite\",\"@id\":\"https:\\\/\\\/b2b.confidas.com\\\/fr\\\/#website\",\"url\":\"https:\\\/\\\/b2b.confidas.com\\\/fr\\\/\",\"name\":\"B2B Confidas\",\"description\":\"Confidas\",\"publisher\":{\"@id\":\"https:\\\/\\\/b2b.confidas.com\\\/fr\\\/#organization\"},\"potentialAction\":[{\"@type\":\"SearchAction\",\"target\":{\"@type\":\"EntryPoint\",\"urlTemplate\":\"https:\\\/\\\/b2b.confidas.com\\\/fr\\\/?s={search_term_string}\"},\"query-input\":{\"@type\":\"PropertyValueSpecification\",\"valueRequired\":true,\"valueName\":\"search_term_string\"}}],\"inLanguage\":\"fr-FR\"},{\"@type\":\"Organization\",\"@id\":\"https:\\\/\\\/b2b.confidas.com\\\/fr\\\/#organization\",\"name\":\"Confidas\",\"url\":\"https:\\\/\\\/b2b.confidas.com\\\/fr\\\/\",\"logo\":{\"@type\":\"ImageObject\",\"inLanguage\":\"fr-FR\",\"@id\":\"https:\\\/\\\/b2b.confidas.com\\\/fr\\\/#\\\/schema\\\/logo\\\/image\\\/\",\"url\":\"http:\\\/\\\/b2b.confidas.com\\\/wp-content\\\/uploads\\\/2019\\\/05\\\/Knipsel.jpg\",\"contentUrl\":\"http:\\\/\\\/b2b.confidas.com\\\/wp-content\\\/uploads\\\/2019\\\/05\\\/Knipsel.jpg\",\"width\":1904,\"height\":949,\"caption\":\"Confidas\"},\"image\":{\"@id\":\"https:\\\/\\\/b2b.confidas.com\\\/fr\\\/#\\\/schema\\\/logo\\\/image\\\/\"}}]}<\/script>\n<!-- \/ Yoast SEO plugin. -->","yoast_head_json":{"title":"Conditions g\u00e9n\u00e9rales Confidas - B2B Confidas","description":"Sur cette page, vous trouvez les conditons g\u00e9n\u00e9rales de Confidas.com, comme ceux sont mis \u00e0 disposition de Confidas.","robots":{"index":"index","follow":"follow","max-snippet":"max-snippet:-1","max-image-preview":"max-image-preview:large","max-video-preview":"max-video-preview:-1"},"canonical":"https:\/\/b2b.confidas.com\/fr\/conditons-generales\/","og_locale":"fr_FR","og_type":"article","og_title":"Conditions g\u00e9n\u00e9rales Confidas - B2B Confidas","og_description":"Sur cette page, vous trouvez les conditons g\u00e9n\u00e9rales de Confidas.com, comme ceux sont mis \u00e0 disposition de Confidas.","og_url":"https:\/\/b2b.confidas.com\/fr\/conditons-generales\/","og_site_name":"B2B Confidas","article_modified_time":"2019-05-16T12:57:57+00:00","twitter_card":"summary_large_image","twitter_misc":{"Dur\u00e9e de lecture estim\u00e9e":"1 minute"},"schema":{"@context":"https:\/\/schema.org","@graph":[{"@type":"WebPage","@id":"https:\/\/b2b.confidas.com\/fr\/conditons-generales\/","url":"https:\/\/b2b.confidas.com\/fr\/conditons-generales\/","name":"Conditions g\u00e9n\u00e9rales Confidas - B2B Confidas","isPartOf":{"@id":"https:\/\/b2b.confidas.com\/fr\/#website"},"datePublished":"2019-04-19T12:04:03+00:00","dateModified":"2019-05-16T12:57:57+00:00","description":"Sur cette page, vous trouvez les conditons g\u00e9n\u00e9rales de Confidas.com, comme ceux sont mis \u00e0 disposition de Confidas.","breadcrumb":{"@id":"https:\/\/b2b.confidas.com\/fr\/conditons-generales\/#breadcrumb"},"inLanguage":"fr-FR","potentialAction":[{"@type":"ReadAction","target":["https:\/\/b2b.confidas.com\/fr\/conditons-generales\/"]}]},{"@type":"BreadcrumbList","@id":"https:\/\/b2b.confidas.com\/fr\/conditons-generales\/#breadcrumb","itemListElement":[{"@type":"ListItem","position":1,"name":"Home","item":"https:\/\/b2b.confidas.com\/fr\/"},{"@type":"ListItem","position":2,"name":"Conditions g\u00e9n\u00e9rales Confidas"}]},{"@type":"WebSite","@id":"https:\/\/b2b.confidas.com\/fr\/#website","url":"https:\/\/b2b.confidas.com\/fr\/","name":"B2B Confidas","description":"Confidas","publisher":{"@id":"https:\/\/b2b.confidas.com\/fr\/#organization"},"potentialAction":[{"@type":"SearchAction","target":{"@type":"EntryPoint","urlTemplate":"https:\/\/b2b.confidas.com\/fr\/?s={search_term_string}"},"query-input":{"@type":"PropertyValueSpecification","valueRequired":true,"valueName":"search_term_string"}}],"inLanguage":"fr-FR"},{"@type":"Organization","@id":"https:\/\/b2b.confidas.com\/fr\/#organization","name":"Confidas","url":"https:\/\/b2b.confidas.com\/fr\/","logo":{"@type":"ImageObject","inLanguage":"fr-FR","@id":"https:\/\/b2b.confidas.com\/fr\/#\/schema\/logo\/image\/","url":"http:\/\/b2b.confidas.com\/wp-content\/uploads\/2019\/05\/Knipsel.jpg","contentUrl":"http:\/\/b2b.confidas.com\/wp-content\/uploads\/2019\/05\/Knipsel.jpg","width":1904,"height":949,"caption":"Confidas"},"image":{"@id":"https:\/\/b2b.confidas.com\/fr\/#\/schema\/logo\/image\/"}}]}},"_links":{"self":[{"href":"https:\/\/b2b.confidas.com\/fr\/wp-json\/wp\/v2\/pages\/2286","targetHints":{"allow":["GET"]}}],"collection":[{"href":"https:\/\/b2b.confidas.com\/fr\/wp-json\/wp\/v2\/pages"}],"about":[{"href":"https:\/\/b2b.confidas.com\/fr\/wp-json\/wp\/v2\/types\/page"}],"author":[{"embeddable":true,"href":"https:\/\/b2b.confidas.com\/fr\/wp-json\/wp\/v2\/users\/1"}],"replies":[{"embeddable":true,"href":"https:\/\/b2b.confidas.com\/fr\/wp-json\/wp\/v2\/comments?post=2286"}],"version-history":[{"count":2,"href":"https:\/\/b2b.confidas.com\/fr\/wp-json\/wp\/v2\/pages\/2286\/revisions"}],"predecessor-version":[{"id":2291,"href":"https:\/\/b2b.confidas.com\/fr\/wp-json\/wp\/v2\/pages\/2286\/revisions\/2291"}],"wp:attachment":[{"href":"https:\/\/b2b.confidas.com\/fr\/wp-json\/wp\/v2\/media?parent=2286"}],"curies":[{"name":"wp","href":"https:\/\/api.w.org\/{rel}","templated":true}]}}