{"id":2293,"date":"2019-04-19T13:51:09","date_gmt":"2019-04-19T11:51:09","guid":{"rendered":"http:\/\/b2b.confidas.com\/privacy-policy\/"},"modified":"2019-05-16T15:24:08","modified_gmt":"2019-05-16T13:24:08","slug":"privacy-policy","status":"publish","type":"page","link":"https:\/\/b2b.confidas.com\/fr\/privacy-policy\/","title":{"rendered":"Privacy Policy"},"content":{"rendered":"<h2><strong><b>POLITIQUE VIE PRIV\u00c9E\u00a0<\/b><\/strong><\/h2>\n<p><span style=\"font-weight: 400;\">Confidas respecte la vie priv\u00e9e de tous utilisateurs sur son site web et s\u2019assure que les informations personnelles, qui nous on \u00e9t\u00e9 fournies, sont toujours trait\u00e9es confidentiellement. Confidas ne mettra pas vos donn\u00e9es personnelles \u00e0 la disposition de tiers sans votre autorisation. Les informations personnelles ne sont utilis\u00e9es que pour le services auxquels vous nous confiez.<\/span><\/p>\n<p><strong><b>UTILISATION DES COOKIES<\/b><\/strong><\/p>\n<p><span style=\"font-weight: 400;\">Le site web de Confidas utilise des cookies. Des cookies sont des petits fichiers de texte qui sont stock\u00e9s sur le disque dur ou dans la m\u00e9moire de votre ordinateur. Des cookies ne peuvent pas endommager votre ordinateur ou les fichiers sur votre ordinateur. Des cookies sont mis sur votre ordinateur par le navigateur d\u2019internet. Via ce site web, les cookies suivants peuvent \u00eatre mis:<\/span><\/p>\n<p><em><strong>COOKIES FONCTIONNELS<\/strong><\/em><\/p>\n<p><span style=\"font-weight: 400;\">Ces cookies sont utilis\u00e9s pour faire votre site web plus convivial afin de stocker certaines pr\u00e9f\u00e9rences d\u2019utilisateur. Tenir certaines pr\u00e9f\u00e9rences de la r\u00e9presentation par example.<\/span><\/p>\n<p><em><strong>COOKIES POUR L&rsquo;ANALYSE DU SITE WEB<\/strong><\/em><\/p>\n<p><span style=\"font-weight: 400;\">Confidas utilise Google Analytics, un service de l\u2019analyse du site web offert par Google. Google Analytics utilise des cookies afin d\u2019aider Confidas \u00e0 analyser comment des utilisateurs utilisent le site web. Les informations g\u00e9n\u00e9r\u00e9es par les cookies sur votre utilisation du site web (votre adresse IP inclus) sont transf\u00e9r\u00e9es sur et stock\u00e9es dans des serveurs de Google aux \u00c9tats-Unis. Google utilise ces informations afin d\u2019entretenir comment le site web est utilis\u00e9, de r\u00e9diger des rapports sur l\u2019activit\u00e9 du site web pour Confidas et d\u2019offrir d\u2019autres services concernant l\u2019activit\u00e9 du site web et l\u2019utilisation de l\u2019internet. Google peut fournir ces informations aux tiers si Google est oblig\u00e9 lorsque la loi, ou lorsque ces tiers traitent ces informations pour la part de Google. Google ne combinera pas votre adresse IP avec d\u2019autres donn\u00e9es sur lesquelles Google est dispos\u00e9.<\/span><\/p>\n<p><em><strong>COOKIES RESTANTS<\/strong><\/em><\/p>\n<p><span style=\"font-weight: 400;\">Ce site web peut contenir des fichiers m\u00e9dias des sites de tiers comme par example Youtube.com. \u00c0 la lecture de ces fichiers m\u00e9dias, des tiers peuvent mettre des cookies. Ensuite, ce site web offre l\u2019option de partager certaines informations par les r\u00e9seaux sociaux comme Facebook, LinkedIn, Twitter ou Google+. \u00c0 l\u2019utilisation de cette fonctionnalit\u00e9, des cookies peuvent \u00eatre mis sur votre ordinateur par les r\u00e9seaux sociaux afin de garder les informations qui ont \u00e9t\u00e9 partag\u00e9es.<\/span><\/p>\n<p><strong>BLOQUER DES \u00a0COOKIES VIA VOTRE NAVIGATEUR<\/strong><\/p>\n<p><span style=\"font-weight: 400;\">Vous pouvez d\u00e9cider vous-m\u00eames si vous voulez accepter ou refuser des cookies ou si votre navigateur vous tient au courant quand un cookie a \u00e9t\u00e9 mis. Pour cela vous devez adapter les r\u00e9glages dans votre navigateur. Vu que chaque navigateur est diff\u00e9rent, Confidas vous r\u00e9f\u00e8re au menu \u2018aide\u2019 de votre navigateur afin de r\u00e9gler vos pr\u00e9f\u00e9rences des cookies.<\/span><\/p>\n","protected":false},"excerpt":{"rendered":"<p>POLITIQUE VIE PRIV\u00c9E\u00a0 Confidas respecte la vie priv\u00e9e de tous utilisateurs sur son site web et s\u2019assure que les informations personnelles, qui nous on \u00e9t\u00e9 fournies, sont toujours trait\u00e9es confidentiellement. Confidas ne mettra pas vos donn\u00e9es personnelles \u00e0 la disposition&#8230;<\/p>\n","protected":false},"author":1,"featured_media":0,"parent":0,"menu_order":0,"comment_status":"closed","ping_status":"closed","template":"","meta":{"_acf_changed":false,"footnotes":""},"class_list":["post-2293","page","type-page","status-publish","hentry"],"acf":[],"yoast_head":"<!-- This site is optimized with the Yoast SEO plugin v27.3 - https:\/\/yoast.com\/product\/yoast-seo-wordpress\/ -->\n<title>Privacy Policy - B2B Confidas<\/title>\n<meta name=\"description\" content=\"Confidas respecte la vie priv\u00e9e de tous utilisateurs sur son site web et s\u2019assure que les informations personnelles sont toujours trait\u00e9es confidentiellement.\" \/>\n<meta name=\"robots\" content=\"index, follow, max-snippet:-1, max-image-preview:large, max-video-preview:-1\" \/>\n<link rel=\"canonical\" href=\"https:\/\/b2b.confidas.com\/fr\/privacy-policy\/\" \/>\n<meta property=\"og:locale\" content=\"fr_FR\" \/>\n<meta property=\"og:type\" content=\"article\" \/>\n<meta property=\"og:title\" content=\"Privacy Policy - B2B Confidas\" \/>\n<meta property=\"og:description\" content=\"Confidas respecte la vie priv\u00e9e de tous utilisateurs sur son site web et s\u2019assure que les informations personnelles sont toujours trait\u00e9es confidentiellement.\" \/>\n<meta property=\"og:url\" content=\"https:\/\/b2b.confidas.com\/fr\/privacy-policy\/\" \/>\n<meta property=\"og:site_name\" content=\"B2B Confidas\" \/>\n<meta property=\"article:modified_time\" content=\"2019-05-16T13:24:08+00:00\" \/>\n<meta name=\"twitter:card\" content=\"summary_large_image\" \/>\n<meta name=\"twitter:label1\" content=\"Dur\u00e9e de lecture estim\u00e9e\" \/>\n\t<meta name=\"twitter:data1\" content=\"2 minutes\" \/>\n<script type=\"application\/ld+json\" class=\"yoast-schema-graph\">{\"@context\":\"https:\\\/\\\/schema.org\",\"@graph\":[{\"@type\":\"WebPage\",\"@id\":\"https:\\\/\\\/b2b.confidas.com\\\/fr\\\/privacy-policy\\\/\",\"url\":\"https:\\\/\\\/b2b.confidas.com\\\/fr\\\/privacy-policy\\\/\",\"name\":\"Privacy Policy - B2B Confidas\",\"isPartOf\":{\"@id\":\"https:\\\/\\\/b2b.confidas.com\\\/fr\\\/#website\"},\"datePublished\":\"2019-04-19T11:51:09+00:00\",\"dateModified\":\"2019-05-16T13:24:08+00:00\",\"description\":\"Confidas respecte la vie priv\u00e9e de tous utilisateurs sur son site web et s\u2019assure que les informations personnelles sont toujours trait\u00e9es confidentiellement.\",\"breadcrumb\":{\"@id\":\"https:\\\/\\\/b2b.confidas.com\\\/fr\\\/privacy-policy\\\/#breadcrumb\"},\"inLanguage\":\"fr-FR\",\"potentialAction\":[{\"@type\":\"ReadAction\",\"target\":[\"https:\\\/\\\/b2b.confidas.com\\\/fr\\\/privacy-policy\\\/\"]}]},{\"@type\":\"BreadcrumbList\",\"@id\":\"https:\\\/\\\/b2b.confidas.com\\\/fr\\\/privacy-policy\\\/#breadcrumb\",\"itemListElement\":[{\"@type\":\"ListItem\",\"position\":1,\"name\":\"Home\",\"item\":\"https:\\\/\\\/b2b.confidas.com\\\/fr\\\/\"},{\"@type\":\"ListItem\",\"position\":2,\"name\":\"Privacy Policy\"}]},{\"@type\":\"WebSite\",\"@id\":\"https:\\\/\\\/b2b.confidas.com\\\/fr\\\/#website\",\"url\":\"https:\\\/\\\/b2b.confidas.com\\\/fr\\\/\",\"name\":\"B2B Confidas\",\"description\":\"Confidas\",\"publisher\":{\"@id\":\"https:\\\/\\\/b2b.confidas.com\\\/fr\\\/#organization\"},\"potentialAction\":[{\"@type\":\"SearchAction\",\"target\":{\"@type\":\"EntryPoint\",\"urlTemplate\":\"https:\\\/\\\/b2b.confidas.com\\\/fr\\\/?s={search_term_string}\"},\"query-input\":{\"@type\":\"PropertyValueSpecification\",\"valueRequired\":true,\"valueName\":\"search_term_string\"}}],\"inLanguage\":\"fr-FR\"},{\"@type\":\"Organization\",\"@id\":\"https:\\\/\\\/b2b.confidas.com\\\/fr\\\/#organization\",\"name\":\"Confidas\",\"url\":\"https:\\\/\\\/b2b.confidas.com\\\/fr\\\/\",\"logo\":{\"@type\":\"ImageObject\",\"inLanguage\":\"fr-FR\",\"@id\":\"https:\\\/\\\/b2b.confidas.com\\\/fr\\\/#\\\/schema\\\/logo\\\/image\\\/\",\"url\":\"http:\\\/\\\/b2b.confidas.com\\\/wp-content\\\/uploads\\\/2019\\\/05\\\/Knipsel.jpg\",\"contentUrl\":\"http:\\\/\\\/b2b.confidas.com\\\/wp-content\\\/uploads\\\/2019\\\/05\\\/Knipsel.jpg\",\"width\":1904,\"height\":949,\"caption\":\"Confidas\"},\"image\":{\"@id\":\"https:\\\/\\\/b2b.confidas.com\\\/fr\\\/#\\\/schema\\\/logo\\\/image\\\/\"}}]}<\/script>\n<!-- \/ Yoast SEO plugin. -->","yoast_head_json":{"title":"Privacy Policy - B2B Confidas","description":"Confidas respecte la vie priv\u00e9e de tous utilisateurs sur son site web et s\u2019assure que les informations personnelles sont toujours trait\u00e9es confidentiellement.","robots":{"index":"index","follow":"follow","max-snippet":"max-snippet:-1","max-image-preview":"max-image-preview:large","max-video-preview":"max-video-preview:-1"},"canonical":"https:\/\/b2b.confidas.com\/fr\/privacy-policy\/","og_locale":"fr_FR","og_type":"article","og_title":"Privacy Policy - B2B Confidas","og_description":"Confidas respecte la vie priv\u00e9e de tous utilisateurs sur son site web et s\u2019assure que les informations personnelles sont toujours trait\u00e9es confidentiellement.","og_url":"https:\/\/b2b.confidas.com\/fr\/privacy-policy\/","og_site_name":"B2B Confidas","article_modified_time":"2019-05-16T13:24:08+00:00","twitter_card":"summary_large_image","twitter_misc":{"Dur\u00e9e de lecture estim\u00e9e":"2 minutes"},"schema":{"@context":"https:\/\/schema.org","@graph":[{"@type":"WebPage","@id":"https:\/\/b2b.confidas.com\/fr\/privacy-policy\/","url":"https:\/\/b2b.confidas.com\/fr\/privacy-policy\/","name":"Privacy Policy - B2B Confidas","isPartOf":{"@id":"https:\/\/b2b.confidas.com\/fr\/#website"},"datePublished":"2019-04-19T11:51:09+00:00","dateModified":"2019-05-16T13:24:08+00:00","description":"Confidas respecte la vie priv\u00e9e de tous utilisateurs sur son site web et s\u2019assure que les informations personnelles sont toujours trait\u00e9es confidentiellement.","breadcrumb":{"@id":"https:\/\/b2b.confidas.com\/fr\/privacy-policy\/#breadcrumb"},"inLanguage":"fr-FR","potentialAction":[{"@type":"ReadAction","target":["https:\/\/b2b.confidas.com\/fr\/privacy-policy\/"]}]},{"@type":"BreadcrumbList","@id":"https:\/\/b2b.confidas.com\/fr\/privacy-policy\/#breadcrumb","itemListElement":[{"@type":"ListItem","position":1,"name":"Home","item":"https:\/\/b2b.confidas.com\/fr\/"},{"@type":"ListItem","position":2,"name":"Privacy Policy"}]},{"@type":"WebSite","@id":"https:\/\/b2b.confidas.com\/fr\/#website","url":"https:\/\/b2b.confidas.com\/fr\/","name":"B2B Confidas","description":"Confidas","publisher":{"@id":"https:\/\/b2b.confidas.com\/fr\/#organization"},"potentialAction":[{"@type":"SearchAction","target":{"@type":"EntryPoint","urlTemplate":"https:\/\/b2b.confidas.com\/fr\/?s={search_term_string}"},"query-input":{"@type":"PropertyValueSpecification","valueRequired":true,"valueName":"search_term_string"}}],"inLanguage":"fr-FR"},{"@type":"Organization","@id":"https:\/\/b2b.confidas.com\/fr\/#organization","name":"Confidas","url":"https:\/\/b2b.confidas.com\/fr\/","logo":{"@type":"ImageObject","inLanguage":"fr-FR","@id":"https:\/\/b2b.confidas.com\/fr\/#\/schema\/logo\/image\/","url":"http:\/\/b2b.confidas.com\/wp-content\/uploads\/2019\/05\/Knipsel.jpg","contentUrl":"http:\/\/b2b.confidas.com\/wp-content\/uploads\/2019\/05\/Knipsel.jpg","width":1904,"height":949,"caption":"Confidas"},"image":{"@id":"https:\/\/b2b.confidas.com\/fr\/#\/schema\/logo\/image\/"}}]}},"_links":{"self":[{"href":"https:\/\/b2b.confidas.com\/fr\/wp-json\/wp\/v2\/pages\/2293","targetHints":{"allow":["GET"]}}],"collection":[{"href":"https:\/\/b2b.confidas.com\/fr\/wp-json\/wp\/v2\/pages"}],"about":[{"href":"https:\/\/b2b.confidas.com\/fr\/wp-json\/wp\/v2\/types\/page"}],"author":[{"embeddable":true,"href":"https:\/\/b2b.confidas.com\/fr\/wp-json\/wp\/v2\/users\/1"}],"replies":[{"embeddable":true,"href":"https:\/\/b2b.confidas.com\/fr\/wp-json\/wp\/v2\/comments?post=2293"}],"version-history":[{"count":2,"href":"https:\/\/b2b.confidas.com\/fr\/wp-json\/wp\/v2\/pages\/2293\/revisions"}],"predecessor-version":[{"id":2298,"href":"https:\/\/b2b.confidas.com\/fr\/wp-json\/wp\/v2\/pages\/2293\/revisions\/2298"}],"wp:attachment":[{"href":"https:\/\/b2b.confidas.com\/fr\/wp-json\/wp\/v2\/media?parent=2293"}],"curies":[{"name":"wp","href":"https:\/\/api.w.org\/{rel}","templated":true}]}}