{"id":2730,"date":"2020-10-07T15:31:16","date_gmt":"2020-10-07T13:31:16","guid":{"rendered":"http:\/\/b2b.confidas.com\/?page_id=2730"},"modified":"2021-08-19T15:02:26","modified_gmt":"2021-08-19T13:02:26","slug":"gifts","status":"publish","type":"page","link":"https:\/\/b2b.confidas.com\/fr\/produits\/gifts\/","title":{"rendered":"Gifts"},"content":{"rendered":"<p><div class=\"su-flex-columns \" style=\"justify-content: space-between; align-items: stretch;\"><div class=\"su-flex-column\" style=\"width: 7%;\"><\/div><div class=\"su-flex-column\" style=\"width: 66%;\"><\/p>\n<h4 style=\"text-align: center;\">P\u00e2tes de fruits<\/h4>\n<h2 style=\"text-align: center;\">Coffrets cadeaux<\/h2>\n<p><\/div><div class=\"su-flex-column\" style=\"width: 7%;\"><\/div><\/div><div class=\"su-flex-columns \" style=\"justify-content: space-between; align-items: stretch;\"><div class=\"su-flex-column\" style=\"width: 33%;\"><\/p>\n<p><\/div><div class=\"su-flex-column\" style=\"width: 33%;\"><\/p>\n<div class=\"eds-animate edsanimate-sis-hidden \" data-eds-entry-animation=\"slideInUp\" data-eds-entry-delay=\"0\" data-eds-entry-duration=\"0.5\" data-eds-entry-timing=\"linear\" data-eds-exit-animation=\"\" data-eds-exit-delay=\"\" data-eds-exit-duration=\"\" data-eds-exit-timing=\"\" data-eds-repeat-count=\"1\" data-eds-keep=\"yes\" data-eds-animate-on=\"scroll\" data-eds-scroll-offset=\"5\">\n<p><img loading=\"lazy\" decoding=\"async\" class=\"alignleft wp-image-2762 size-full\" src=\"http:\/\/b2b.confidas.com\/wp-content\/uploads\/2020\/10\/GIF-Esprit-Tropical-min.gif\" alt=\"\" width=\"1600\" height=\"1600\" \/><\/p>\n<\/div>\n<p><\/div><div class=\"su-flex-column\" style=\"width: 33%;\"><\/div><\/div><div class=\"su-flex-columns \" style=\"justify-content: space-between; align-items: stretch;\"><div class=\"su-flex-column\" style=\"width: 7%;\"><\/div><div class=\"su-flex-column\" style=\"width: 70%;\"><\/p>\n<p style=\"text-align: center;\">\u00c0 la recherche des coffrets cadeaux? <br \/>\nConsultez ci-dessous notre gamme de coffrets en carton et en PET. <br \/>\nLes sacs en cellophane font aussi partie des possibilit\u00e9s. <br \/>\nCes emballages sont disponibles sous le marque Confidas. <br \/>\nVous pr\u00e9f\u00e9rez plut\u00f4t avoir votre propre marque sur l&#8217;emballage? C&rsquo;est possible!<\/p>\n<p style=\"text-align: center;\"><a href=\"http:\/\/b2b.confidas.com\/fr\/contact\">Contactez-nous<\/a> et nous discuterons ensemble les possibilit\u00e9s. <\/p>\n<p>\n<\/p>\n<p style=\"text-align: center;\">D&rsquo;ailleurs, toutes nos coffrets en PET contiennent 80% de mat\u00e9riaux recycl\u00e9s et son 100% recyclables!<\/p>\n<p><\/div><div class=\"su-flex-column\" style=\"width: 7%;\"><\/div><\/div><\/p>\n<div class=\"su-flex-columns \" style=\"justify-content: space-between; align-items: stretch;\"><div class=\"su-flex-column\" style=\"width: 4%;\"><\/div><div class=\"su-flex-column\" style=\"width: 23%;\"><\/p>\n<p><div class='hoverimg'><img class='normal' src='\/wp-content\/uploads\/2021\/07\/Lingots-100gr.jpg'\/><img class='hover' src='\/wp-content\/uploads\/2021\/07\/Lingots-100gr-2.jpg'\/><\/div><\/p>\n<p style=\"text-align: center;\">Lingots 100g<br \/>\n10 p\u00e2tes de fruits<\/p>\n<p><\/div><div class=\"su-flex-column\" style=\"width: 23%;\"><\/p>\n<p><div class='hoverimg'><img class='normal' src='\/wp-content\/uploads\/2021\/07\/Lingots-200gr.jpg'\/><img class='hover' src='\/wp-content\/uploads\/2021\/07\/Lingots-200gr-2.jpg'\/><\/div><\/p>\n<p style=\"text-align: center;\">Lingots 200g<br \/>\n20 p\u00e2tes de fruits<\/p>\n<p><\/div><div class=\"su-flex-column\" style=\"width: 23%;\"><\/p>\n<p><div class='hoverimg'><img class='normal' src='\/wp-content\/uploads\/2021\/07\/Little-fruits-200gr.jpg'\/><img class='hover' src='\/wp-content\/uploads\/2021\/07\/Little-fruits-200gr-2.jpg'\/><\/div><\/p>\n<p style=\"text-align: center;\">Petits fruits 200g<br \/>\n10 p\u00e2tes de fruits<\/p>\n<p><\/div><div class=\"su-flex-column\" style=\"width: 7%;\"><\/div><\/div>\n<div class=\"su-flex-columns \" style=\"justify-content: space-between; align-items: stretch;\"><div class=\"su-flex-column\" style=\"width: 4%;\"><\/div><div class=\"su-flex-column\" style=\"width: 23%;\"><\/p>\n<p><div class='hoverimg'><img class='normal' src='\/wp-content\/uploads\/2021\/08\/Joie-du-verger-330gr.jpg'\/><img class='hover' src='\/wp-content\/uploads\/2021\/08\/Joie-du-verger-330-gr-2.jpg'\/><\/div><\/p>\n<p style=\"text-align: center;\">Joie du Verger 330g<br \/>\n24 p\u00e2tes de fruits carr\u00e9s<\/p>\n<p><\/div><div class=\"su-flex-column\" style=\"width: 23%;\"><\/p>\n<p><div class='hoverimg'><img class='normal' src='\/wp-content\/uploads\/2021\/08\/Joie-du-Verger-240g_top.jpg'\/><img class='hover' src='\/wp-content\/uploads\/2021\/08\/Joie-du-Verger-240g_inside-1.jpg'\/><\/div><\/p>\n<p style=\"text-align: center;\">Joie du Verger 240g <br \/>\n18 p\u00e2tes de fruits carr\u00e9s<\/p>\n<p><\/div><div class=\"su-flex-column\" style=\"width: 23%;\"><\/p>\n<p><div class='hoverimg'><img class='normal' src='\/wp-content\/uploads\/2021\/08\/Joie-du-Verger-140g_top.jpg'\/><img class='hover' src='\/wp-content\/uploads\/2021\/08\/Joie-du-Verger-140g_inside.jpg'\/><\/div><\/p>\n<p style=\"text-align: center;\">Joie du Verger 140g <br \/>\n15 p\u00e2tes de fruits lingots<\/p>\n<p><\/div><div class=\"su-flex-column\" style=\"width: 7%;\"><\/div><\/div>\n<div class=\"su-flex-columns \" style=\"justify-content: space-between; align-items: stretch;\"><div class=\"su-flex-column\" style=\"width: 4%;\"><\/div><div class=\"su-flex-column\" style=\"width: 23%;\"><\/p>\n<p><div class='hoverimg'><img class='normal' src='\/wp-content\/uploads\/2021\/08\/Esprit-Tropical-330g_top.jpg'\/><img class='hover' src='\/wp-content\/uploads\/2021\/08\/Esprit-Tropical-330g_inside.jpg'\/><\/div><\/p>\n<p style=\"text-align: center;\">Esprit Tropical 330g <br \/>\n24 p\u00e2tes de fruits carr\u00e9s<\/p>\n<p><\/div><div class=\"su-flex-column\" style=\"width: 23%;\"><\/p>\n<p><div class='hoverimg'><img class='normal' src='\/wp-content\/uploads\/2021\/08\/Esprit-Tropical-240g_top.jpg'\/><img class='hover' src='\/wp-content\/uploads\/2021\/08\/Esprit-Tropical-240g.jpg'\/><\/div><\/p>\n<p style=\"text-align: center;\">Esprit Tropical 240g <br \/>\n18 p\u00e2tes de fruits carr\u00e9s<\/p>\n<p>&nbsp;<\/p>\n<p><\/div><div class=\"su-flex-column\" style=\"width: 23%;\"><\/p>\n<p><div class='hoverimg'><img class='normal' src='\/wp-content\/uploads\/2021\/08\/Esprit-Tropical-140g_top.jpg'\/><img class='hover' src='\/wp-content\/uploads\/2021\/08\/Esprit-Tropical-140g_inside.jpg'\/><\/div><\/p>\n<p style=\"text-align: center;\">Esprit Tropical 140g <br \/>\n15 p\u00e2tes de fruits lingots<\/p>\n<p>&nbsp;<\/p>\n<p><\/div><div class=\"su-flex-column\" style=\"width: 4%;\"><\/div><\/div>\n<hr \/>\n<p><div class=\"su-flex-columns \" style=\"justify-content: space-between; align-items: stretch;\"><\/div><div class=\"su-flex-column\" style=\"width: 7%;\"><\/div><div class=\"su-flex-column\" style=\"width: 75%;\"><\/div><\/p>\n<p>&nbsp;<\/p>\n<section class='bg-section left'><div class='bg' style='background-image: url(\/wp-content\/uploads\/2020\/10\/Meer_info_gifts.jpg);'><\/div><span style='color: #0B2F36;'><\/p>\n<p><div class=\"su-flex-columns \" style=\"justify-content: space-between; align-items: stretch;\"><div class=\"su-flex-column\" style=\"width: 48%;\"><\/p>\n<p>&nbsp;<\/p>\n<p><\/div><div class=\"su-flex-column\" style=\"width: 51%;\"><\/p>\n<h2><span lang=\"FR-BE\">Plus d&rsquo;informations<\/span><\/h2>\n<p>Vous souhaitez vendre nos coffrets cadeaux ou recherchez-vous un cadeau original pour vos coll\u00e8gues, clients, fournisseurs ou relations d&rsquo;affaires ? Compl\u00e9tez vos coordonn\u00e9es <a href=\"http:\/\/b2b.confidas.com\/fr\/contact\/\"><u>ici<\/u><\/a>. Nous vous contacterons d\u00e8s que possible. <\/p>\n<p>&nbsp;<\/p>\n<p><a href=\"\/fr\/contact\/\" class=\"btn type-1\" target=\"_self\"><span>Contact<\/span><\/a><\/p>\n<p><\/div><\/div><\/p>\n<p><\/span><\/section>\n\n","protected":false},"excerpt":{"rendered":"<p>&nbsp;<\/p>\n","protected":false},"author":4,"featured_media":0,"parent":1908,"menu_order":0,"comment_status":"closed","ping_status":"closed","template":"","meta":{"_acf_changed":false,"footnotes":""},"class_list":["post-2730","page","type-page","status-publish","hentry"],"acf":[],"yoast_head":"<!-- This site is optimized with the Yoast SEO plugin v27.3 - https:\/\/yoast.com\/product\/yoast-seo-wordpress\/ -->\n<title>Assortiment Gifts: d\u00e9couvrez nos coffrets cadeaux | Confidas<\/title>\n<meta name=\"description\" content=\"Leurs saveurs pleines, leurs go\u00fbts moelleux et leurs rondeurs en bouche vous apportent des moments de plaisirs \u00e0 partager.\" \/>\n<meta name=\"robots\" content=\"index, follow, max-snippet:-1, max-image-preview:large, max-video-preview:-1\" \/>\n<link rel=\"canonical\" href=\"https:\/\/b2b.confidas.com\/fr\/produits\/gifts\/\" \/>\n<meta property=\"og:locale\" content=\"fr_FR\" \/>\n<meta property=\"og:type\" content=\"article\" \/>\n<meta property=\"og:title\" content=\"Assortiment Gifts: d\u00e9couvrez nos coffrets cadeaux | Confidas\" \/>\n<meta property=\"og:description\" content=\"Leurs saveurs pleines, leurs go\u00fbts moelleux et leurs rondeurs en bouche vous apportent des moments de plaisirs \u00e0 partager.\" \/>\n<meta property=\"og:url\" content=\"https:\/\/b2b.confidas.com\/fr\/produits\/gifts\/\" \/>\n<meta property=\"og:site_name\" content=\"B2B Confidas\" \/>\n<meta property=\"article:modified_time\" content=\"2021-08-19T13:02:26+00:00\" \/>\n<meta property=\"og:image\" content=\"http:\/\/b2b.confidas.com\/wp-content\/uploads\/2020\/10\/GIF-Esprit-Tropical-min.gif\" \/>\n<meta name=\"twitter:card\" content=\"summary_large_image\" \/>\n<meta name=\"twitter:label1\" content=\"Dur\u00e9e de lecture estim\u00e9e\" \/>\n\t<meta name=\"twitter:data1\" content=\"2 minutes\" \/>\n<script type=\"application\/ld+json\" class=\"yoast-schema-graph\">{\"@context\":\"https:\\\/\\\/schema.org\",\"@graph\":[{\"@type\":\"WebPage\",\"@id\":\"https:\\\/\\\/b2b.confidas.com\\\/fr\\\/produits\\\/gifts\\\/\",\"url\":\"https:\\\/\\\/b2b.confidas.com\\\/fr\\\/produits\\\/gifts\\\/\",\"name\":\"Assortiment Gifts: d\u00e9couvrez nos coffrets cadeaux | Confidas\",\"isPartOf\":{\"@id\":\"https:\\\/\\\/b2b.confidas.com\\\/fr\\\/#website\"},\"primaryImageOfPage\":{\"@id\":\"https:\\\/\\\/b2b.confidas.com\\\/fr\\\/produits\\\/gifts\\\/#primaryimage\"},\"image\":{\"@id\":\"https:\\\/\\\/b2b.confidas.com\\\/fr\\\/produits\\\/gifts\\\/#primaryimage\"},\"thumbnailUrl\":\"http:\\\/\\\/b2b.confidas.com\\\/wp-content\\\/uploads\\\/2020\\\/10\\\/GIF-Esprit-Tropical-min.gif\",\"datePublished\":\"2020-10-07T13:31:16+00:00\",\"dateModified\":\"2021-08-19T13:02:26+00:00\",\"description\":\"Leurs saveurs pleines, leurs go\u00fbts moelleux et leurs rondeurs en bouche vous apportent des moments de plaisirs \u00e0 partager.\",\"breadcrumb\":{\"@id\":\"https:\\\/\\\/b2b.confidas.com\\\/fr\\\/produits\\\/gifts\\\/#breadcrumb\"},\"inLanguage\":\"fr-FR\",\"potentialAction\":[{\"@type\":\"ReadAction\",\"target\":[\"https:\\\/\\\/b2b.confidas.com\\\/fr\\\/produits\\\/gifts\\\/\"]}]},{\"@type\":\"ImageObject\",\"inLanguage\":\"fr-FR\",\"@id\":\"https:\\\/\\\/b2b.confidas.com\\\/fr\\\/produits\\\/gifts\\\/#primaryimage\",\"url\":\"http:\\\/\\\/b2b.confidas.com\\\/wp-content\\\/uploads\\\/2020\\\/10\\\/GIF-Esprit-Tropical-min.gif\",\"contentUrl\":\"http:\\\/\\\/b2b.confidas.com\\\/wp-content\\\/uploads\\\/2020\\\/10\\\/GIF-Esprit-Tropical-min.gif\"},{\"@type\":\"BreadcrumbList\",\"@id\":\"https:\\\/\\\/b2b.confidas.com\\\/fr\\\/produits\\\/gifts\\\/#breadcrumb\",\"itemListElement\":[{\"@type\":\"ListItem\",\"position\":1,\"name\":\"Home\",\"item\":\"https:\\\/\\\/b2b.confidas.com\\\/fr\\\/\"},{\"@type\":\"ListItem\",\"position\":2,\"name\":\"Produits\",\"item\":\"https:\\\/\\\/b2b.confidas.com\\\/fr\\\/produits\\\/\"},{\"@type\":\"ListItem\",\"position\":3,\"name\":\"Gifts\"}]},{\"@type\":\"WebSite\",\"@id\":\"https:\\\/\\\/b2b.confidas.com\\\/fr\\\/#website\",\"url\":\"https:\\\/\\\/b2b.confidas.com\\\/fr\\\/\",\"name\":\"B2B Confidas\",\"description\":\"Confidas\",\"publisher\":{\"@id\":\"https:\\\/\\\/b2b.confidas.com\\\/fr\\\/#organization\"},\"potentialAction\":[{\"@type\":\"SearchAction\",\"target\":{\"@type\":\"EntryPoint\",\"urlTemplate\":\"https:\\\/\\\/b2b.confidas.com\\\/fr\\\/?s={search_term_string}\"},\"query-input\":{\"@type\":\"PropertyValueSpecification\",\"valueRequired\":true,\"valueName\":\"search_term_string\"}}],\"inLanguage\":\"fr-FR\"},{\"@type\":\"Organization\",\"@id\":\"https:\\\/\\\/b2b.confidas.com\\\/fr\\\/#organization\",\"name\":\"Confidas\",\"url\":\"https:\\\/\\\/b2b.confidas.com\\\/fr\\\/\",\"logo\":{\"@type\":\"ImageObject\",\"inLanguage\":\"fr-FR\",\"@id\":\"https:\\\/\\\/b2b.confidas.com\\\/fr\\\/#\\\/schema\\\/logo\\\/image\\\/\",\"url\":\"http:\\\/\\\/b2b.confidas.com\\\/wp-content\\\/uploads\\\/2019\\\/05\\\/Knipsel.jpg\",\"contentUrl\":\"http:\\\/\\\/b2b.confidas.com\\\/wp-content\\\/uploads\\\/2019\\\/05\\\/Knipsel.jpg\",\"width\":1904,\"height\":949,\"caption\":\"Confidas\"},\"image\":{\"@id\":\"https:\\\/\\\/b2b.confidas.com\\\/fr\\\/#\\\/schema\\\/logo\\\/image\\\/\"}}]}<\/script>\n<!-- \/ Yoast SEO plugin. -->","yoast_head_json":{"title":"Assortiment Gifts: d\u00e9couvrez nos coffrets cadeaux | Confidas","description":"Leurs saveurs pleines, leurs go\u00fbts moelleux et leurs rondeurs en bouche vous apportent des moments de plaisirs \u00e0 partager.","robots":{"index":"index","follow":"follow","max-snippet":"max-snippet:-1","max-image-preview":"max-image-preview:large","max-video-preview":"max-video-preview:-1"},"canonical":"https:\/\/b2b.confidas.com\/fr\/produits\/gifts\/","og_locale":"fr_FR","og_type":"article","og_title":"Assortiment Gifts: d\u00e9couvrez nos coffrets cadeaux | Confidas","og_description":"Leurs saveurs pleines, leurs go\u00fbts moelleux et leurs rondeurs en bouche vous apportent des moments de plaisirs \u00e0 partager.","og_url":"https:\/\/b2b.confidas.com\/fr\/produits\/gifts\/","og_site_name":"B2B Confidas","article_modified_time":"2021-08-19T13:02:26+00:00","og_image":[{"url":"http:\/\/b2b.confidas.com\/wp-content\/uploads\/2020\/10\/GIF-Esprit-Tropical-min.gif","type":"","width":"","height":""}],"twitter_card":"summary_large_image","twitter_misc":{"Dur\u00e9e de lecture estim\u00e9e":"2 minutes"},"schema":{"@context":"https:\/\/schema.org","@graph":[{"@type":"WebPage","@id":"https:\/\/b2b.confidas.com\/fr\/produits\/gifts\/","url":"https:\/\/b2b.confidas.com\/fr\/produits\/gifts\/","name":"Assortiment Gifts: d\u00e9couvrez nos coffrets cadeaux | Confidas","isPartOf":{"@id":"https:\/\/b2b.confidas.com\/fr\/#website"},"primaryImageOfPage":{"@id":"https:\/\/b2b.confidas.com\/fr\/produits\/gifts\/#primaryimage"},"image":{"@id":"https:\/\/b2b.confidas.com\/fr\/produits\/gifts\/#primaryimage"},"thumbnailUrl":"http:\/\/b2b.confidas.com\/wp-content\/uploads\/2020\/10\/GIF-Esprit-Tropical-min.gif","datePublished":"2020-10-07T13:31:16+00:00","dateModified":"2021-08-19T13:02:26+00:00","description":"Leurs saveurs pleines, leurs go\u00fbts moelleux et leurs rondeurs en bouche vous apportent des moments de plaisirs \u00e0 partager.","breadcrumb":{"@id":"https:\/\/b2b.confidas.com\/fr\/produits\/gifts\/#breadcrumb"},"inLanguage":"fr-FR","potentialAction":[{"@type":"ReadAction","target":["https:\/\/b2b.confidas.com\/fr\/produits\/gifts\/"]}]},{"@type":"ImageObject","inLanguage":"fr-FR","@id":"https:\/\/b2b.confidas.com\/fr\/produits\/gifts\/#primaryimage","url":"http:\/\/b2b.confidas.com\/wp-content\/uploads\/2020\/10\/GIF-Esprit-Tropical-min.gif","contentUrl":"http:\/\/b2b.confidas.com\/wp-content\/uploads\/2020\/10\/GIF-Esprit-Tropical-min.gif"},{"@type":"BreadcrumbList","@id":"https:\/\/b2b.confidas.com\/fr\/produits\/gifts\/#breadcrumb","itemListElement":[{"@type":"ListItem","position":1,"name":"Home","item":"https:\/\/b2b.confidas.com\/fr\/"},{"@type":"ListItem","position":2,"name":"Produits","item":"https:\/\/b2b.confidas.com\/fr\/produits\/"},{"@type":"ListItem","position":3,"name":"Gifts"}]},{"@type":"WebSite","@id":"https:\/\/b2b.confidas.com\/fr\/#website","url":"https:\/\/b2b.confidas.com\/fr\/","name":"B2B Confidas","description":"Confidas","publisher":{"@id":"https:\/\/b2b.confidas.com\/fr\/#organization"},"potentialAction":[{"@type":"SearchAction","target":{"@type":"EntryPoint","urlTemplate":"https:\/\/b2b.confidas.com\/fr\/?s={search_term_string}"},"query-input":{"@type":"PropertyValueSpecification","valueRequired":true,"valueName":"search_term_string"}}],"inLanguage":"fr-FR"},{"@type":"Organization","@id":"https:\/\/b2b.confidas.com\/fr\/#organization","name":"Confidas","url":"https:\/\/b2b.confidas.com\/fr\/","logo":{"@type":"ImageObject","inLanguage":"fr-FR","@id":"https:\/\/b2b.confidas.com\/fr\/#\/schema\/logo\/image\/","url":"http:\/\/b2b.confidas.com\/wp-content\/uploads\/2019\/05\/Knipsel.jpg","contentUrl":"http:\/\/b2b.confidas.com\/wp-content\/uploads\/2019\/05\/Knipsel.jpg","width":1904,"height":949,"caption":"Confidas"},"image":{"@id":"https:\/\/b2b.confidas.com\/fr\/#\/schema\/logo\/image\/"}}]}},"_links":{"self":[{"href":"https:\/\/b2b.confidas.com\/fr\/wp-json\/wp\/v2\/pages\/2730","targetHints":{"allow":["GET"]}}],"collection":[{"href":"https:\/\/b2b.confidas.com\/fr\/wp-json\/wp\/v2\/pages"}],"about":[{"href":"https:\/\/b2b.confidas.com\/fr\/wp-json\/wp\/v2\/types\/page"}],"author":[{"embeddable":true,"href":"https:\/\/b2b.confidas.com\/fr\/wp-json\/wp\/v2\/users\/4"}],"replies":[{"embeddable":true,"href":"https:\/\/b2b.confidas.com\/fr\/wp-json\/wp\/v2\/comments?post=2730"}],"version-history":[{"count":5,"href":"https:\/\/b2b.confidas.com\/fr\/wp-json\/wp\/v2\/pages\/2730\/revisions"}],"predecessor-version":[{"id":3384,"href":"https:\/\/b2b.confidas.com\/fr\/wp-json\/wp\/v2\/pages\/2730\/revisions\/3384"}],"up":[{"embeddable":true,"href":"https:\/\/b2b.confidas.com\/fr\/wp-json\/wp\/v2\/pages\/1908"}],"wp:attachment":[{"href":"https:\/\/b2b.confidas.com\/fr\/wp-json\/wp\/v2\/media?parent=2730"}],"curies":[{"name":"wp","href":"https:\/\/api.w.org\/{rel}","templated":true}]}}